{"id":10,"date":"2015-06-05T12:46:21","date_gmt":"2015-06-05T10:46:21","guid":{"rendered":"https:\/\/www-hummeren.wp1.hcweb.dev\/?page_id=10"},"modified":"2025-03-26T15:45:34","modified_gmt":"2025-03-26T14:45:34","slug":"contact-us","status":"publish","type":"page","link":"https:\/\/www.hummeren.no\/en\/kontakt-oss\/","title":{"rendered":"Contact us"},"content":{"rendered":"<h2 class=\"wp-block-heading\">Ta kontakt med oss for en uforpliktende samtale eller foresp\u00f8rsel.<\/h2>    <p>Tlf.: <a href=\"tel:004751694000\">+47 51 69 40 00<\/a><br>E-post: <a href=\"mailto:post@hummeren.no\">post@hummeren.no<\/a><\/p>    <p><strong>Adresse:<\/strong><br>Hummeren Hotell<br>Havnevegen 30<br>4056 Tananger<\/p>    <p>Organisasjonsnummer: 939633871<\/p>    <p style=\"text-decoration:underline\">&gt;&gt; <a href=\"https:\/\/www.google.com\/maps\/place\/Hummeren+Hotell\/@58.933778,5.575116,12z\/data=!4m9!3m8!1s0x463a4b9cb73c48ad:0xa307cf57bed5da85!5m2!4m1!1i2!8m2!3d58.9337778!4d5.5751164!16s%2Fg%2F1tfq7td7?hl=no&amp&entry=ttu&amp&g_ep=EgoyMDI1MDMwMy4wIKXMDSoASAFQAw%3D%3D\">Se <strong>kart til Hummeren Hotell<\/strong> <\/a><\/p>    <figure class=\"wp-block-image size-large\"><img decoding=\"async\" width=\"1400\" height=\"788\" src=\"https:\/\/www.hummeren.no\/wp-content\/uploads\/2025\/03\/ansatte-edited.jpg\" alt=\"\" class=\"wp-image-10069\" srcset=\"https:\/\/www.hummeren.no\/wp-content\/uploads\/2025\/03\/ansatte-edited.jpg 1400w, https:\/\/www.hummeren.no\/wp-content\/uploads\/2025\/03\/ansatte-edited-300x169.jpg 300w, https:\/\/www.hummeren.no\/wp-content\/uploads\/2025\/03\/ansatte-edited-1024x576.jpg 1024w\" sizes=\"(max-width: 1400px) 100vw, 1400px\" \/><\/figure>    <h3 class=\"wp-block-heading\">Send oss en uforpliktende foresp\u00f8rsel<\/h3>    <p id=\"kontaktskjema\">Vi er veldig interessert i \u00e5 h\u00f8re fra deg og tar gjerne en prat rundt ditt arrangement.<\/p>   <style id=\"wpforms-css-vars-9122-block-b1d78aaa-dd3e-44c8-8999-1b516a75628f\"> \t\t\t\t#wpforms-9122.wpforms-block-b1d78aaa-dd3e-44c8-8999-1b516a75628f { \t\t\t\t--wpforms-label-color: #262626; --wpforms-label-sublabel-color: #7f7f7f; --wpforms-label-error-color: #ff0000; --wpforms-page-break-color: #dddddd; --wpforms-field-border-radius: 7px; --wpforms-field-border-color: #dd9933; --wpforms-field-border-color-spare: #dd9933; --wpforms-field-text-color: #444444; --wpforms-button-border-style: solid; --wpforms-button-border-radius: 4px; --wpforms-button-background-color: #dddddd; --wpforms-button-border-color: #cccccc; --wpforms-field-size-input-height: 43px; --wpforms-field-size-input-spacing: 15px; --wpforms-field-size-font-size: 16px; --wpforms-field-size-line-height: 19px; --wpforms-field-size-padding-h: 14px; --wpforms-field-size-checkbox-size: 16px; --wpforms-field-size-sublabel-spacing: 5px; --wpforms-field-size-icon-size: 1; --wpforms-label-size-font-size: 14px; --wpforms-label-size-line-height: 17px; --wpforms-label-size-sublabel-font-size: 13px; --wpforms-label-size-sublabel-line-height: 16px; --wpforms-button-size-font-size: 17px; --wpforms-button-size-height: 41px; --wpforms-button-size-padding-h: 15px; --wpforms-button-size-margin-top: 10px; --wpforms-container-shadow-size-box-shadow: none; \t\t\t} \t\t\t<\/style><div class=\"wpforms-container wpforms-container-full wpforms-block wpforms-block-b1d78aaa-dd3e-44c8-8999-1b516a75628f wpforms-render-modern\" id=\"wpforms-9122\"><form id=\"wpforms-form-9122\" class=\"wpforms-validate wpforms-form wpforms-ajax-form\" data-formid=\"9122\" method=\"post\" enctype=\"multipart\/form-data\" action=\"\/en\/wp-json\/wp\/v2\/pages\/10\" data-token=\"64a03133bf1ba7093fadf10da153f442\" data-token-time=\"1778648546\"><noscript class=\"wpforms-error-noscript\">Please enable JavaScript in your browser to complete this form.<\/noscript><div id=\"wpforms-error-noscript\" style=\"display: none;\">Please enable JavaScript in your browser to complete this form.<\/div><div class=\"wpforms-field-container\"><div id=\"wpforms-9122-field_8-container\" class=\"wpforms-field wpforms-field-layout\" data-field-id=\"8\"><div class=\"wpforms-field-layout-rows wpforms-field-large\"><div class=\"wpforms-layout-row\"><div class=\"wpforms-layout-column wpforms-layout-column-50\"><div id=\"wpforms-9122-field_14-container\" class=\"wpforms-field wpforms-field-select wpforms-conditional-trigger wpforms-field-select-style-classic\" data-field-id=\"14\"><label class=\"wpforms-field-label\" for=\"wpforms-9122-field_14\">Privat eller bedrift?  <span class=\"wpforms-required-label\" aria-hidden=\"true\">*<\/span><\/label><select id=\"wpforms-9122-field_14\" class=\"wpforms-field-medium wpforms-field-required\" name=\"wpforms[fields][14]\" required=\"required\"><option value=\"Privat\"  class=\"choice-2 depth-1\"  >Privat<\/option><option value=\"Bedrift\"  class=\"choice-3 depth-1\"  >Bedrift<\/option><\/select><div id=\"wpforms-9122-field_14-description\" class=\"wpforms-field-description\">Privat eller bedriftsarrangement?<\/div><\/div><\/div><div class=\"wpforms-layout-column wpforms-layout-column-50\"><div id=\"wpforms-9122-field_9-container\" class=\"wpforms-field wpforms-field-text\" data-field-id=\"9\"><label class=\"wpforms-field-label\" for=\"wpforms-9122-field_9\">Navn <span class=\"wpforms-required-label\" aria-hidden=\"true\">*<\/span><\/label><input type=\"text\" id=\"wpforms-9122-field_9\" class=\"wpforms-field-medium wpforms-field-required\" name=\"wpforms[fields][9]\" aria-errormessage=\"wpforms-9122-field_9-error\" aria-describedby=\"wpforms-9122-field_9-description\" required><div id=\"wpforms-9122-field_9-description\" class=\"wpforms-field-description\">Ditt navn<\/div><\/div><\/div><\/div><\/div><\/div><div id=\"wpforms-9122-field_7-container\" class=\"wpforms-field wpforms-field-text wpforms-conditional-field wpforms-conditional-show\" data-field-id=\"7\" style=\"display:none;\"><label class=\"wpforms-field-label\" for=\"wpforms-9122-field_7\">Hvilken bedrift?<\/label><input type=\"text\" id=\"wpforms-9122-field_7\" class=\"wpforms-field-large\" name=\"wpforms[fields][7]\" aria-errormessage=\"wpforms-9122-field_7-error\" aria-describedby=\"wpforms-9122-field_7-description\" ><div id=\"wpforms-9122-field_7-description\" class=\"wpforms-field-description\">Hvilken bedrift henvender du deg p\u00e5 vegne av?<\/div><\/div><div id=\"wpforms-9122-field_15-container\" class=\"wpforms-field wpforms-field-layout\" data-field-id=\"15\"><div class=\"wpforms-field-layout-rows wpforms-field-large\"><div class=\"wpforms-layout-row\"><div class=\"wpforms-layout-column wpforms-layout-column-33\"><div id=\"wpforms-9122-field_11-container\" class=\"wpforms-field wpforms-field-select wpforms-field-select-style-classic\" data-field-id=\"11\"><label class=\"wpforms-field-label\" for=\"wpforms-9122-field_11\">Type arrangement <span class=\"wpforms-required-label\" aria-hidden=\"true\">*<\/span><\/label><select id=\"wpforms-9122-field_11\" class=\"wpforms-field-medium wpforms-field-required\" name=\"wpforms[fields][11]\" required=\"required\"><option value=\"Kurs &amp; konferanse\"  class=\"choice-1 depth-1\"  >Kurs &amp; konferanse<\/option><option value=\"Sommerfest\"  class=\"choice-11 depth-1\"  >Sommerfest<\/option><option value=\"Selskap\"  class=\"choice-3 depth-1\"  >Selskap<\/option><option value=\"Julebord\"  class=\"choice-4 depth-1\"  >Julebord<\/option><option value=\"D\u00e5p\"  class=\"choice-5 depth-1\"  >D\u00e5p<\/option><option value=\"Konfirmasjon\"  class=\"choice-9 depth-1\"  >Konfirmasjon<\/option><option value=\"Minnestund\"  class=\"choice-7 depth-1\"  >Minnestund<\/option><option value=\"Bryllup\"  class=\"choice-10 depth-1\"  >Bryllup<\/option><option value=\"Badstub\u00e5t\"  class=\"choice-12 depth-1\"  >Badstub\u00e5t<\/option><option value=\"S\u00f8ndagsbuffet\"  class=\"choice-13 depth-1\"  >S\u00f8ndagsbuffet<\/option><option value=\"17. mai\"  class=\"choice-14 depth-1\"  >17. mai<\/option><option value=\"Bestill bord\"  class=\"choice-15 depth-1\"  >Bestill bord<\/option><option value=\"Annet arrangement\"  class=\"choice-8 depth-1\"  >Annet arrangement<\/option><\/select><div id=\"wpforms-9122-field_11-description\" class=\"wpforms-field-description\">Velg \u00f8nsket arrangement<\/div><\/div><\/div><div class=\"wpforms-layout-column wpforms-layout-column-33\"><div id=\"wpforms-9122-field_13-container\" class=\"wpforms-field wpforms-field-select wpforms-conditional-trigger wpforms-field-select-style-classic\" data-field-id=\"13\"><label class=\"wpforms-field-label\" for=\"wpforms-9122-field_13\">Overnatting? <span class=\"wpforms-required-label\" aria-hidden=\"true\">*<\/span><\/label><select id=\"wpforms-9122-field_13\" class=\"wpforms-field-medium wpforms-field-required\" name=\"wpforms[fields][13]\" required=\"required\"><option value=\"Nei\"  class=\"choice-3 depth-1\"  >Nei<\/option><option value=\"Ja\"  class=\"choice-2 depth-1\"  >Ja<\/option><\/select><div id=\"wpforms-9122-field_13-description\" class=\"wpforms-field-description\">\u00d8nsker dere \u00e5 sove p\u00e5 hotellet?<\/div><\/div><\/div><div class=\"wpforms-layout-column wpforms-layout-column-33\"><div id=\"wpforms-9122-field_18-container\" class=\"wpforms-field wpforms-field-number\" data-field-id=\"18\"><label class=\"wpforms-field-label\" for=\"wpforms-9122-field_18\">Antall <span class=\"wpforms-required-label\" aria-hidden=\"true\">*<\/span><\/label><input type=\"number\" id=\"wpforms-9122-field_18\" class=\"wpforms-field-medium wpforms-field-required\" name=\"wpforms[fields][18]\" placeholder=\"Antall deltakere\" min=\"1\" max=\"500\" step=\"any\" aria-errormessage=\"wpforms-9122-field_18-error\" aria-describedby=\"wpforms-9122-field_18-description\" required><div id=\"wpforms-9122-field_18-description\" class=\"wpforms-field-description\">Estimert antall<\/div><\/div><\/div><\/div><div class=\"wpforms-layout-row\"><div class=\"wpforms-layout-column wpforms-layout-column-33\"><div id=\"wpforms-9122-field_19-container\" class=\"wpforms-field wpforms-field-number wpforms-conditional-field wpforms-conditional-show\" data-field-id=\"19\" style=\"display:none;\"><label class=\"wpforms-field-label\" for=\"wpforms-9122-field_19\">Hvor mange trenger overnatting?<\/label><input type=\"number\" id=\"wpforms-9122-field_19\" class=\"wpforms-field-medium\" name=\"wpforms[fields][19]\" placeholder=\"Skriv inn et antall\" step=\"any\" aria-errormessage=\"wpforms-9122-field_19-error\" ><\/div><\/div><div class=\"wpforms-layout-column wpforms-layout-column-33\"><\/div><div class=\"wpforms-layout-column wpforms-layout-column-33\"><\/div><\/div><\/div><\/div><div id=\"wpforms-9122-field_10-container\" class=\"wpforms-field wpforms-field-layout\" data-field-id=\"10\"><div class=\"wpforms-field-layout-rows wpforms-field-large\"><div class=\"wpforms-layout-row\"><div class=\"wpforms-layout-column wpforms-layout-column-50\"><div id=\"wpforms-9122-field_1-container\" class=\"wpforms-field wpforms-field-email\" data-field-id=\"1\"><label class=\"wpforms-field-label\" for=\"wpforms-9122-field_1\">E-post <span class=\"wpforms-required-label\" aria-hidden=\"true\">*<\/span><\/label><input type=\"email\" id=\"wpforms-9122-field_1\" class=\"wpforms-field-medium wpforms-field-required\" name=\"wpforms[fields][1]\" spellcheck=\"false\" aria-errormessage=\"wpforms-9122-field_1-error\" aria-describedby=\"wpforms-9122-field_1-description\" required><div id=\"wpforms-9122-field_1-description\" class=\"wpforms-field-description\">Hva er din e-postadresse?<\/div><\/div><\/div><div class=\"wpforms-layout-column wpforms-layout-column-50\"><div id=\"wpforms-9122-field_5-container\" class=\"wpforms-field wpforms-field-phone\" data-field-id=\"5\"><label class=\"wpforms-field-label\" for=\"wpforms-9122-field_5\">Telefon <span class=\"wpforms-required-label\" aria-hidden=\"true\">*<\/span><\/label><input type=\"tel\" id=\"wpforms-9122-field_5\" class=\"wpforms-field-medium wpforms-field-required\" data-rule-int-phone-field=\"true\" name=\"wpforms[fields][5]\" aria-label=\"Telefon\" aria-errormessage=\"wpforms-9122-field_5-error\" aria-describedby=\"wpforms-9122-field_5-description\" required><div id=\"wpforms-9122-field_5-description\" class=\"wpforms-field-description\">Hva er ditt telefonnummer?<\/div><\/div><\/div><\/div><\/div><\/div><div id=\"wpforms-9122-field_16-container\" class=\"wpforms-field wpforms-field-textarea\" data-field-id=\"16\"><label class=\"wpforms-field-label\" for=\"wpforms-9122-field_16\">Melding <\/label><textarea id=\"wpforms-9122-field_16\" class=\"wpforms-field-medium\" name=\"wpforms[fields][16]\" aria-errormessage=\"wpforms-9122-field_16-error\" aria-describedby=\"wpforms-9122-field_16-description\" ><\/textarea><div id=\"wpforms-9122-field_16-description\" class=\"wpforms-field-description\">Har du noe p\u00e5 hjertet?<\/div><\/div><div id=\"wpforms-9122-field_21-container\" class=\"wpforms-field wpforms-field-hidden\" data-field-id=\"21\"><input type=\"hidden\" id=\"wpforms-9122-field_21\" name=\"wpforms[fields][21]\" value=\" https:\/\/www.hummeren.no\/en\/wp-json\/wp\/v2\/pages\/10\"><\/div><\/div><!-- .wpforms-field-container --><div class=\"wpforms-recaptcha-container wpforms-is-recaptcha wpforms-is-recaptcha-type-v3\" ><input type=\"hidden\" name=\"wpforms[recaptcha]\" value=\"\"><\/div><div class=\"wpforms-submit-container\" ><input type=\"hidden\" name=\"wpforms[id]\" value=\"9122\"><input type=\"hidden\" name=\"page_title\" value=\"\"><input type=\"hidden\" name=\"page_url\" value=\"https:\/\/www.hummeren.no\/en\/wp-json\/wp\/v2\/pages\/10\"><input type=\"hidden\" name=\"url_referer\" value=\"\"><button type=\"submit\" name=\"wpforms[submit]\" id=\"wpforms-submit-9122\" class=\"wpforms-submit\" data-alt-text=\"Sender...\" data-submit-text=\"Send skjema\" aria-live=\"assertive\" value=\"wpforms-submit\">Send skjema<\/button><img decoding=\"async\" src=\"https:\/\/www.hummeren.no\/wp-content\/plugins\/wpforms\/assets\/images\/submit-spin.svg\" class=\"wpforms-submit-spinner\" style=\"display: none;\" width=\"26\" height=\"26\" alt=\"Loading\"><\/div><\/form><\/div>  <!-- .wpforms-container -->","protected":false},"excerpt":{"rendered":"<p>Please contact us for a non-binding conversation or enquiry. Tel: +47 51 69 40 00E-mail: post@hummeren.no Address:Hummeren HotellHavnevegen 304056 Tananger Organisation number: 939633871 &gt;&gt; See map to Hummeren Hotell Send us a non-binding enquiry We are very interested in hearing from you and are happy to have a chat about your event.<\/p>","protected":false},"author":3,"featured_media":9393,"parent":0,"menu_order":0,"comment_status":"closed","ping_status":"open","template":"","meta":{"footnotes":""},"class_list":["post-10","page","type-page","status-publish","has-post-thumbnail","hentry"],"yoast_head":"<!-- This site is optimized with the Yoast SEO plugin v27.6 - https:\/\/yoast.com\/product\/yoast-seo-wordpress\/ -->\n<title>Kontakt oss - Hummeren Hotell<\/title>\n<meta name=\"description\" content=\"Ta kontakt med oss for en uforpliktende samtale eller foresp\u00f8rsel.\" \/>\n<meta name=\"robots\" content=\"index, follow, max-snippet:-1, max-image-preview:large, max-video-preview:-1\" \/>\n<link rel=\"canonical\" href=\"https:\/\/www.hummeren.no\/en\/contact-us\/\" \/>\n<meta property=\"og:locale\" content=\"en_GB\" \/>\n<meta property=\"og:type\" content=\"article\" \/>\n<meta property=\"og:title\" content=\"Kontakt oss - Hummeren Hotell\" \/>\n<meta property=\"og:description\" content=\"Ta kontakt med oss for en uforpliktende samtale eller foresp\u00f8rsel.\" \/>\n<meta property=\"og:url\" content=\"https:\/\/www.hummeren.no\/en\/contact-us\/\" \/>\n<meta property=\"og:site_name\" content=\"Hummeren Hotell\" \/>\n<meta property=\"article:modified_time\" content=\"2025-03-26T14:45:34+00:00\" \/>\n<meta property=\"og:image\" content=\"https:\/\/www.hummeren.no\/wp-content\/uploads\/2025\/03\/hummeren-hotell-drone.jpg\" \/>\n\t<meta property=\"og:image:width\" content=\"1920\" \/>\n\t<meta property=\"og:image:height\" content=\"1279\" \/>\n\t<meta property=\"og:image:type\" content=\"image\/jpeg\" \/>\n<meta name=\"twitter:card\" content=\"summary_large_image\" \/>\n<meta name=\"twitter:label1\" content=\"Estimated reading time\" \/>\n\t<meta name=\"twitter:data1\" content=\"1 minute\" \/>\n<script type=\"application\/ld+json\" class=\"yoast-schema-graph\">{\"@context\":\"https:\\\/\\\/schema.org\",\"@graph\":[{\"@type\":\"WebPage\",\"@id\":\"https:\\\/\\\/www.hummeren.no\\\/kontakt-oss\\\/\",\"url\":\"https:\\\/\\\/www.hummeren.no\\\/kontakt-oss\\\/\",\"name\":\"Kontakt oss - Hummeren Hotell\",\"isPartOf\":{\"@id\":\"https:\\\/\\\/www.hummeren.no\\\/#website\"},\"primaryImageOfPage\":{\"@id\":\"https:\\\/\\\/www.hummeren.no\\\/kontakt-oss\\\/#primaryimage\"},\"image\":{\"@id\":\"https:\\\/\\\/www.hummeren.no\\\/kontakt-oss\\\/#primaryimage\"},\"thumbnailUrl\":\"https:\\\/\\\/www.hummeren.no\\\/wp-content\\\/uploads\\\/2025\\\/03\\\/hummeren-hotell-drone.jpg\",\"datePublished\":\"2015-06-05T10:46:21+00:00\",\"dateModified\":\"2025-03-26T14:45:34+00:00\",\"description\":\"Ta kontakt med oss for en uforpliktende samtale eller foresp\u00f8rsel.\",\"breadcrumb\":{\"@id\":\"https:\\\/\\\/www.hummeren.no\\\/kontakt-oss\\\/#breadcrumb\"},\"inLanguage\":\"en-GB\",\"potentialAction\":[{\"@type\":\"ReadAction\",\"target\":[\"https:\\\/\\\/www.hummeren.no\\\/kontakt-oss\\\/\"]}]},{\"@type\":\"ImageObject\",\"inLanguage\":\"en-GB\",\"@id\":\"https:\\\/\\\/www.hummeren.no\\\/kontakt-oss\\\/#primaryimage\",\"url\":\"https:\\\/\\\/www.hummeren.no\\\/wp-content\\\/uploads\\\/2025\\\/03\\\/hummeren-hotell-drone.jpg\",\"contentUrl\":\"https:\\\/\\\/www.hummeren.no\\\/wp-content\\\/uploads\\\/2025\\\/03\\\/hummeren-hotell-drone.jpg\",\"width\":1920,\"height\":1279},{\"@type\":\"BreadcrumbList\",\"@id\":\"https:\\\/\\\/www.hummeren.no\\\/kontakt-oss\\\/#breadcrumb\",\"itemListElement\":[{\"@type\":\"ListItem\",\"position\":1,\"name\":\"Hjem\",\"item\":\"https:\\\/\\\/www.hummeren.no\\\/\"},{\"@type\":\"ListItem\",\"position\":2,\"name\":\"Kontakt oss\"}]},{\"@type\":\"WebSite\",\"@id\":\"https:\\\/\\\/www.hummeren.no\\\/#website\",\"url\":\"https:\\\/\\\/www.hummeren.no\\\/\",\"name\":\"Hummeren Hotell\",\"description\":\"Kurs, konferanse, hotell, restaurant og selskap\",\"publisher\":{\"@id\":\"https:\\\/\\\/www.hummeren.no\\\/#organization\"},\"potentialAction\":[{\"@type\":\"SearchAction\",\"target\":{\"@type\":\"EntryPoint\",\"urlTemplate\":\"https:\\\/\\\/www.hummeren.no\\\/?s={search_term_string}\"},\"query-input\":{\"@type\":\"PropertyValueSpecification\",\"valueRequired\":true,\"valueName\":\"search_term_string\"}}],\"inLanguage\":\"en-GB\"},{\"@type\":\"Organization\",\"@id\":\"https:\\\/\\\/www.hummeren.no\\\/#organization\",\"name\":\"Hummeren Hotell\",\"url\":\"https:\\\/\\\/www.hummeren.no\\\/\",\"logo\":{\"@type\":\"ImageObject\",\"inLanguage\":\"en-GB\",\"@id\":\"https:\\\/\\\/www.hummeren.no\\\/#\\\/schema\\\/logo\\\/image\\\/\",\"url\":\"https:\\\/\\\/www.hummeren.no\\\/wp-content\\\/uploads\\\/2015\\\/09\\\/Hummeren-_Hotell_Logo.jpg\",\"contentUrl\":\"https:\\\/\\\/www.hummeren.no\\\/wp-content\\\/uploads\\\/2015\\\/09\\\/Hummeren-_Hotell_Logo.jpg\",\"width\":293,\"height\":65,\"caption\":\"Hummeren Hotell\"},\"image\":{\"@id\":\"https:\\\/\\\/www.hummeren.no\\\/#\\\/schema\\\/logo\\\/image\\\/\"}}]}<\/script>\n<!-- \/ Yoast SEO plugin. -->","yoast_head_json":{"title":"Contact us - Hummeren Hotell","description":"Contact us for a non-binding conversation or enquiry.","robots":{"index":"index","follow":"follow","max-snippet":"max-snippet:-1","max-image-preview":"max-image-preview:large","max-video-preview":"max-video-preview:-1"},"canonical":"https:\/\/www.hummeren.no\/en\/contact-us\/","og_locale":"en_GB","og_type":"article","og_title":"Kontakt oss - Hummeren Hotell","og_description":"Ta kontakt med oss for en uforpliktende samtale eller foresp\u00f8rsel.","og_url":"https:\/\/www.hummeren.no\/en\/contact-us\/","og_site_name":"Hummeren Hotell","article_modified_time":"2025-03-26T14:45:34+00:00","og_image":[{"width":1920,"height":1279,"url":"https:\/\/www.hummeren.no\/wp-content\/uploads\/2025\/03\/hummeren-hotell-drone.jpg","type":"image\/jpeg"}],"twitter_card":"summary_large_image","twitter_misc":{"Estimated reading time":"1 minute"},"schema":{"@context":"https:\/\/schema.org","@graph":[{"@type":"WebPage","@id":"https:\/\/www.hummeren.no\/kontakt-oss\/","url":"https:\/\/www.hummeren.no\/kontakt-oss\/","name":"Contact us - Hummeren Hotell","isPartOf":{"@id":"https:\/\/www.hummeren.no\/#website"},"primaryImageOfPage":{"@id":"https:\/\/www.hummeren.no\/kontakt-oss\/#primaryimage"},"image":{"@id":"https:\/\/www.hummeren.no\/kontakt-oss\/#primaryimage"},"thumbnailUrl":"https:\/\/www.hummeren.no\/wp-content\/uploads\/2025\/03\/hummeren-hotell-drone.jpg","datePublished":"2015-06-05T10:46:21+00:00","dateModified":"2025-03-26T14:45:34+00:00","description":"Contact us for a non-binding conversation or enquiry.","breadcrumb":{"@id":"https:\/\/www.hummeren.no\/kontakt-oss\/#breadcrumb"},"inLanguage":"en-GB","potentialAction":[{"@type":"ReadAction","target":["https:\/\/www.hummeren.no\/kontakt-oss\/"]}]},{"@type":"ImageObject","inLanguage":"en-GB","@id":"https:\/\/www.hummeren.no\/kontakt-oss\/#primaryimage","url":"https:\/\/www.hummeren.no\/wp-content\/uploads\/2025\/03\/hummeren-hotell-drone.jpg","contentUrl":"https:\/\/www.hummeren.no\/wp-content\/uploads\/2025\/03\/hummeren-hotell-drone.jpg","width":1920,"height":1279},{"@type":"BreadcrumbList","@id":"https:\/\/www.hummeren.no\/kontakt-oss\/#breadcrumb","itemListElement":[{"@type":"ListItem","position":1,"name":"Hjem","item":"https:\/\/www.hummeren.no\/"},{"@type":"ListItem","position":2,"name":"Kontakt oss"}]},{"@type":"WebSite","@id":"https:\/\/www.hummeren.no\/#website","url":"https:\/\/www.hummeren.no\/","name":"Hummeren Hotel","description":"Courses, conferences, hotels, restaurants and companies","publisher":{"@id":"https:\/\/www.hummeren.no\/#organization"},"potentialAction":[{"@type":"SearchAction","target":{"@type":"EntryPoint","urlTemplate":"https:\/\/www.hummeren.no\/?s={search_term_string}"},"query-input":{"@type":"PropertyValueSpecification","valueRequired":true,"valueName":"search_term_string"}}],"inLanguage":"en-GB"},{"@type":"Organization","@id":"https:\/\/www.hummeren.no\/#organization","name":"Hummeren Hotel","url":"https:\/\/www.hummeren.no\/","logo":{"@type":"ImageObject","inLanguage":"en-GB","@id":"https:\/\/www.hummeren.no\/#\/schema\/logo\/image\/","url":"https:\/\/www.hummeren.no\/wp-content\/uploads\/2015\/09\/Hummeren-_Hotell_Logo.jpg","contentUrl":"https:\/\/www.hummeren.no\/wp-content\/uploads\/2015\/09\/Hummeren-_Hotell_Logo.jpg","width":293,"height":65,"caption":"Hummeren Hotell"},"image":{"@id":"https:\/\/www.hummeren.no\/#\/schema\/logo\/image\/"}}]}},"_links":{"self":[{"href":"https:\/\/www.hummeren.no\/en\/wp-json\/wp\/v2\/pages\/10","targetHints":{"allow":["GET"]}}],"collection":[{"href":"https:\/\/www.hummeren.no\/en\/wp-json\/wp\/v2\/pages"}],"about":[{"href":"https:\/\/www.hummeren.no\/en\/wp-json\/wp\/v2\/types\/page"}],"author":[{"embeddable":true,"href":"https:\/\/www.hummeren.no\/en\/wp-json\/wp\/v2\/users\/3"}],"replies":[{"embeddable":true,"href":"https:\/\/www.hummeren.no\/en\/wp-json\/wp\/v2\/comments?post=10"}],"version-history":[{"count":18,"href":"https:\/\/www.hummeren.no\/en\/wp-json\/wp\/v2\/pages\/10\/revisions"}],"predecessor-version":[{"id":10070,"href":"https:\/\/www.hummeren.no\/en\/wp-json\/wp\/v2\/pages\/10\/revisions\/10070"}],"wp:featuredmedia":[{"embeddable":true,"href":"https:\/\/www.hummeren.no\/en\/wp-json\/wp\/v2\/media\/9393"}],"wp:attachment":[{"href":"https:\/\/www.hummeren.no\/en\/wp-json\/wp\/v2\/media?parent=10"}],"curies":[{"name":"wp","href":"https:\/\/api.w.org\/{rel}","templated":true}]}}