{"id":15,"date":"2015-06-05T12:54:43","date_gmt":"2015-06-05T10:54:43","guid":{"rendered":"https:\/\/www-hummeren.wp1.hcweb.dev\/?page_id=15"},"modified":"2025-05-02T14:03:59","modified_gmt":"2025-05-02T12:03:59","slug":"conference","status":"publish","type":"page","link":"https:\/\/www.hummeren.no\/en\/konferanse\/","title":{"rendered":"Conference programme"},"content":{"rendered":"<h2 class=\"wp-block-heading\">For courses and conferences, we have modern and comfortable meeting rooms for up to 55 people, perfect for both small meetings and larger seminars.<\/h2>    <p>Our dedicated team is ready to support you throughout the entire process - from the first planning steps to the actual realisation. We'll make sure all the practicalities are in place so you can focus on the content and the participants.<\/p>    <h3 class=\"wp-block-heading\">We offer the following<\/h3>    <ul class=\"wp-block-list\"> <li><strong>Flexible meeting rooms<\/strong> Customised number of participants and setup<\/li>    <li><strong>Modern technical equipment<\/strong>including projector, sound system and fast Wi-Fi<\/li>    <li><strong>Serving food and drink<\/strong> - from coffee and snacks to lunch or dinner based on local produce<\/li>    <li><strong>Personalised follow-up<\/strong> to ensure that your event is exactly what you want it to be<\/li>    <li><strong>Free car parking<\/strong><\/li> <\/ul>    <p style=\"text-decoration:underline\"><a href=\"#kontaktskjema\">Send us an enquiry<\/a><\/p>    <figure class=\"wp-block-image size-full\"><img decoding=\"async\" width=\"815\" height=\"785\" src=\"https:\/\/www.hummeren.no\/wp-content\/uploads\/2025\/03\/kurs-konferanse-1.jpg\" alt=\"Courses and conferences\" class=\"wp-image-9775\" srcset=\"https:\/\/www.hummeren.no\/wp-content\/uploads\/2025\/03\/kurs-konferanse-1.jpg 815w, https:\/\/www.hummeren.no\/wp-content\/uploads\/2025\/03\/kurs-konferanse-1-300x289.jpg 300w\" sizes=\"(max-width: 815px) 100vw, 815px\" \/><\/figure>    <h3 class=\"wp-block-heading\">Courses and conferences - recommended layouts in our premises<\/h3>    <ul class=\"wp-block-list\"> <li><strong>U-table:<\/strong>&nbsp;up to 28 people<\/li>    <li><strong>Classroom:<\/strong>&nbsp;up to 40 people<\/li>    <li><strong>Cinema:<\/strong>&nbsp;up to 55 people<\/li> <\/ul>    <h3 class=\"wp-block-heading\">Standard equipment in our meeting rooms<\/h3>    <ul class=\"wp-block-list\"> <li>Whiteboard<\/li>    <li>Flipchart<\/li>    <li>Videocanon and wireless internet<\/li>    <li>Folders with writing paper and ballpoint pens<\/li>    <li>Coffee, tea and iced water available all day<\/li>    <li>Would you like something extra? Mineral water, fruit and cakes can be ordered for the meeting room for a small additional cost<\/li> <\/ul>    <figure class=\"wp-block-image size-large\"><img decoding=\"async\" width=\"1024\" height=\"576\" src=\"https:\/\/www.hummeren.no\/wp-content\/uploads\/2025\/03\/kurs-konferanse-1024x576.jpg\" alt=\"\" class=\"wp-image-9405\" srcset=\"https:\/\/www.hummeren.no\/wp-content\/uploads\/2025\/03\/kurs-konferanse-1024x576.jpg 1024w, https:\/\/www.hummeren.no\/wp-content\/uploads\/2025\/03\/kurs-konferanse-300x169.jpg 300w, https:\/\/www.hummeren.no\/wp-content\/uploads\/2025\/03\/kurs-konferanse-1536x864.jpg 1536w, https:\/\/www.hummeren.no\/wp-content\/uploads\/2025\/03\/kurs-konferanse.jpg 1920w\" sizes=\"(max-width: 1024px) 100vw, 1024px\" \/><\/figure>    <p>We also have TV, video and overheads available if you need them.<\/p>    <p>When you rent a meeting room with us, you get free access to our delicious buffet in the restaurant - including coffee, tea, fruit and cakes.<\/p>    <h3 class=\"wp-block-heading\">Why not make your meeting or conference even more memorable?<\/h3>    <p>Do you want to combine meetings with a social activity? Hummeren Hotel is idyllically located by the sea and offers opportunities for exciting experiences. Combine your meeting with a tour of the coastal culture collection in Tananger, join an exciting sea fishing trip or treat yourselves to a delicious seafood dinner in our restaurant. <a href=\"https:\/\/www.hummeren.no\/en\/food-and-drink\/opening-hours-and-menu-in-the-restaurant\/\">restaurant<\/a>.<\/p>    <p>We look forward to helping you create an unforgettable event!<\/p>    <p><strong>Give us a call<\/strong> on the phone <a href=\"tel:004751694000\">51 69 40 00<\/a> or\u00a0<strong>e-mail<\/strong>\u00a0<a href=\"mailto:booking@hummeren.no\">booking@hummeren.no<\/a>.<\/p>","protected":false},"excerpt":{"rendered":"<p>For courses and conferences, we have modern and comfortable meeting rooms for up to 55 people, perfect for both small meetings and larger seminars. Our dedicated team is ready to assist you throughout the entire process - from the initial planning stages to the actual realisation. We'll make sure that all the practicalities are in place so that you...<\/p>","protected":false},"author":3,"featured_media":9183,"parent":0,"menu_order":0,"comment_status":"closed","ping_status":"open","template":"","meta":{"footnotes":""},"class_list":["post-15","page","type-page","status-publish","has-post-thumbnail","hentry"],"yoast_head":"<!-- This site is optimized with the Yoast SEO plugin v27.6 - https:\/\/yoast.com\/product\/yoast-seo-wordpress\/ -->\n<title>Konferanse - Hummeren Hotell<\/title>\n<meta name=\"description\" content=\"For kurs og konferanse har vi moderne og komfortable m\u00f8telokaler for opptil 55 personer, perfekt for b\u00e5de sm\u00e5 m\u00f8ter og st\u00f8rre seminarer.\" \/>\n<meta name=\"robots\" content=\"index, follow, max-snippet:-1, max-image-preview:large, max-video-preview:-1\" \/>\n<link rel=\"canonical\" href=\"https:\/\/www.hummeren.no\/en\/conference\/\" \/>\n<meta property=\"og:locale\" content=\"en_GB\" \/>\n<meta property=\"og:type\" content=\"article\" \/>\n<meta property=\"og:title\" content=\"Konferanse - Hummeren Hotell\" \/>\n<meta property=\"og:description\" content=\"For kurs og konferanse har vi moderne og komfortable m\u00f8telokaler for opptil 55 personer, perfekt for b\u00e5de sm\u00e5 m\u00f8ter og st\u00f8rre seminarer.\" \/>\n<meta property=\"og:url\" content=\"https:\/\/www.hummeren.no\/en\/conference\/\" \/>\n<meta property=\"og:site_name\" content=\"Hummeren Hotell\" \/>\n<meta property=\"article:modified_time\" content=\"2025-05-02T12:03:59+00:00\" \/>\n<meta property=\"og:image\" content=\"https:\/\/www.hummeren.no\/wp-content\/uploads\/2025\/02\/461951056_942474611023914_4993820330697524583_n-e1741877949947.jpg\" \/>\n\t<meta property=\"og:image:width\" content=\"1365\" \/>\n\t<meta property=\"og:image:height\" content=\"1600\" \/>\n\t<meta property=\"og:image:type\" content=\"image\/jpeg\" \/>\n<meta name=\"twitter:card\" content=\"summary_large_image\" \/>\n<meta name=\"twitter:label1\" content=\"Estimated reading time\" \/>\n\t<meta name=\"twitter:data1\" content=\"3 minutes\" \/>\n<script type=\"application\/ld+json\" class=\"yoast-schema-graph\">{\"@context\":\"https:\\\/\\\/schema.org\",\"@graph\":[{\"@type\":\"WebPage\",\"@id\":\"https:\\\/\\\/www.hummeren.no\\\/konferanse\\\/\",\"url\":\"https:\\\/\\\/www.hummeren.no\\\/konferanse\\\/\",\"name\":\"Konferanse - Hummeren Hotell\",\"isPartOf\":{\"@id\":\"https:\\\/\\\/www.hummeren.no\\\/#website\"},\"primaryImageOfPage\":{\"@id\":\"https:\\\/\\\/www.hummeren.no\\\/konferanse\\\/#primaryimage\"},\"image\":{\"@id\":\"https:\\\/\\\/www.hummeren.no\\\/konferanse\\\/#primaryimage\"},\"thumbnailUrl\":\"https:\\\/\\\/www.hummeren.no\\\/wp-content\\\/uploads\\\/2025\\\/02\\\/461951056_942474611023914_4993820330697524583_n-e1741877949947.jpg\",\"datePublished\":\"2015-06-05T10:54:43+00:00\",\"dateModified\":\"2025-05-02T12:03:59+00:00\",\"description\":\"For kurs og konferanse har vi moderne og komfortable m\u00f8telokaler for opptil 55 personer, perfekt for b\u00e5de sm\u00e5 m\u00f8ter og st\u00f8rre seminarer.\",\"breadcrumb\":{\"@id\":\"https:\\\/\\\/www.hummeren.no\\\/konferanse\\\/#breadcrumb\"},\"inLanguage\":\"en-GB\",\"potentialAction\":[{\"@type\":\"ReadAction\",\"target\":[\"https:\\\/\\\/www.hummeren.no\\\/konferanse\\\/\"]}]},{\"@type\":\"ImageObject\",\"inLanguage\":\"en-GB\",\"@id\":\"https:\\\/\\\/www.hummeren.no\\\/konferanse\\\/#primaryimage\",\"url\":\"https:\\\/\\\/www.hummeren.no\\\/wp-content\\\/uploads\\\/2025\\\/02\\\/461951056_942474611023914_4993820330697524583_n-e1741877949947.jpg\",\"contentUrl\":\"https:\\\/\\\/www.hummeren.no\\\/wp-content\\\/uploads\\\/2025\\\/02\\\/461951056_942474611023914_4993820330697524583_n-e1741877949947.jpg\",\"width\":1365,\"height\":1600,\"caption\":\"Kurs og konferanse i Stavanger\"},{\"@type\":\"BreadcrumbList\",\"@id\":\"https:\\\/\\\/www.hummeren.no\\\/konferanse\\\/#breadcrumb\",\"itemListElement\":[{\"@type\":\"ListItem\",\"position\":1,\"name\":\"Hjem\",\"item\":\"https:\\\/\\\/www.hummeren.no\\\/\"},{\"@type\":\"ListItem\",\"position\":2,\"name\":\"Konferanse\"}]},{\"@type\":\"WebSite\",\"@id\":\"https:\\\/\\\/www.hummeren.no\\\/#website\",\"url\":\"https:\\\/\\\/www.hummeren.no\\\/\",\"name\":\"Hummeren Hotell\",\"description\":\"Kurs, konferanse, hotell, restaurant og selskap\",\"publisher\":{\"@id\":\"https:\\\/\\\/www.hummeren.no\\\/#organization\"},\"potentialAction\":[{\"@type\":\"SearchAction\",\"target\":{\"@type\":\"EntryPoint\",\"urlTemplate\":\"https:\\\/\\\/www.hummeren.no\\\/?s={search_term_string}\"},\"query-input\":{\"@type\":\"PropertyValueSpecification\",\"valueRequired\":true,\"valueName\":\"search_term_string\"}}],\"inLanguage\":\"en-GB\"},{\"@type\":\"Organization\",\"@id\":\"https:\\\/\\\/www.hummeren.no\\\/#organization\",\"name\":\"Hummeren Hotell\",\"url\":\"https:\\\/\\\/www.hummeren.no\\\/\",\"logo\":{\"@type\":\"ImageObject\",\"inLanguage\":\"en-GB\",\"@id\":\"https:\\\/\\\/www.hummeren.no\\\/#\\\/schema\\\/logo\\\/image\\\/\",\"url\":\"https:\\\/\\\/www.hummeren.no\\\/wp-content\\\/uploads\\\/2015\\\/09\\\/Hummeren-_Hotell_Logo.jpg\",\"contentUrl\":\"https:\\\/\\\/www.hummeren.no\\\/wp-content\\\/uploads\\\/2015\\\/09\\\/Hummeren-_Hotell_Logo.jpg\",\"width\":293,\"height\":65,\"caption\":\"Hummeren Hotell\"},\"image\":{\"@id\":\"https:\\\/\\\/www.hummeren.no\\\/#\\\/schema\\\/logo\\\/image\\\/\"}}]}<\/script>\n<!-- \/ Yoast SEO plugin. -->","yoast_head_json":{"title":"Conference - Hummeren Hotell","description":"For courses and conferences, we have modern and comfortable meeting rooms for up to 55 people, perfect for both small meetings and larger seminars.","robots":{"index":"index","follow":"follow","max-snippet":"max-snippet:-1","max-image-preview":"max-image-preview:large","max-video-preview":"max-video-preview:-1"},"canonical":"https:\/\/www.hummeren.no\/en\/conference\/","og_locale":"en_GB","og_type":"article","og_title":"Konferanse - Hummeren Hotell","og_description":"For kurs og konferanse har vi moderne og komfortable m\u00f8telokaler for opptil 55 personer, perfekt for b\u00e5de sm\u00e5 m\u00f8ter og st\u00f8rre seminarer.","og_url":"https:\/\/www.hummeren.no\/en\/conference\/","og_site_name":"Hummeren Hotell","article_modified_time":"2025-05-02T12:03:59+00:00","og_image":[{"width":1365,"height":1600,"url":"https:\/\/www.hummeren.no\/wp-content\/uploads\/2025\/02\/461951056_942474611023914_4993820330697524583_n-e1741877949947.jpg","type":"image\/jpeg"}],"twitter_card":"summary_large_image","twitter_misc":{"Estimated reading time":"3 minutes"},"schema":{"@context":"https:\/\/schema.org","@graph":[{"@type":"WebPage","@id":"https:\/\/www.hummeren.no\/konferanse\/","url":"https:\/\/www.hummeren.no\/konferanse\/","name":"Conference - Hummeren Hotell","isPartOf":{"@id":"https:\/\/www.hummeren.no\/#website"},"primaryImageOfPage":{"@id":"https:\/\/www.hummeren.no\/konferanse\/#primaryimage"},"image":{"@id":"https:\/\/www.hummeren.no\/konferanse\/#primaryimage"},"thumbnailUrl":"https:\/\/www.hummeren.no\/wp-content\/uploads\/2025\/02\/461951056_942474611023914_4993820330697524583_n-e1741877949947.jpg","datePublished":"2015-06-05T10:54:43+00:00","dateModified":"2025-05-02T12:03:59+00:00","description":"For courses and conferences, we have modern and comfortable meeting rooms for up to 55 people, perfect for both small meetings and larger seminars.","breadcrumb":{"@id":"https:\/\/www.hummeren.no\/konferanse\/#breadcrumb"},"inLanguage":"en-GB","potentialAction":[{"@type":"ReadAction","target":["https:\/\/www.hummeren.no\/konferanse\/"]}]},{"@type":"ImageObject","inLanguage":"en-GB","@id":"https:\/\/www.hummeren.no\/konferanse\/#primaryimage","url":"https:\/\/www.hummeren.no\/wp-content\/uploads\/2025\/02\/461951056_942474611023914_4993820330697524583_n-e1741877949947.jpg","contentUrl":"https:\/\/www.hummeren.no\/wp-content\/uploads\/2025\/02\/461951056_942474611023914_4993820330697524583_n-e1741877949947.jpg","width":1365,"height":1600,"caption":"Kurs og konferanse i Stavanger"},{"@type":"BreadcrumbList","@id":"https:\/\/www.hummeren.no\/konferanse\/#breadcrumb","itemListElement":[{"@type":"ListItem","position":1,"name":"Hjem","item":"https:\/\/www.hummeren.no\/"},{"@type":"ListItem","position":2,"name":"Konferanse"}]},{"@type":"WebSite","@id":"https:\/\/www.hummeren.no\/#website","url":"https:\/\/www.hummeren.no\/","name":"Hummeren Hotel","description":"Courses, conferences, hotels, restaurants and companies","publisher":{"@id":"https:\/\/www.hummeren.no\/#organization"},"potentialAction":[{"@type":"SearchAction","target":{"@type":"EntryPoint","urlTemplate":"https:\/\/www.hummeren.no\/?s={search_term_string}"},"query-input":{"@type":"PropertyValueSpecification","valueRequired":true,"valueName":"search_term_string"}}],"inLanguage":"en-GB"},{"@type":"Organization","@id":"https:\/\/www.hummeren.no\/#organization","name":"Hummeren Hotel","url":"https:\/\/www.hummeren.no\/","logo":{"@type":"ImageObject","inLanguage":"en-GB","@id":"https:\/\/www.hummeren.no\/#\/schema\/logo\/image\/","url":"https:\/\/www.hummeren.no\/wp-content\/uploads\/2015\/09\/Hummeren-_Hotell_Logo.jpg","contentUrl":"https:\/\/www.hummeren.no\/wp-content\/uploads\/2015\/09\/Hummeren-_Hotell_Logo.jpg","width":293,"height":65,"caption":"Hummeren Hotell"},"image":{"@id":"https:\/\/www.hummeren.no\/#\/schema\/logo\/image\/"}}]}},"_links":{"self":[{"href":"https:\/\/www.hummeren.no\/en\/wp-json\/wp\/v2\/pages\/15","targetHints":{"allow":["GET"]}}],"collection":[{"href":"https:\/\/www.hummeren.no\/en\/wp-json\/wp\/v2\/pages"}],"about":[{"href":"https:\/\/www.hummeren.no\/en\/wp-json\/wp\/v2\/types\/page"}],"author":[{"embeddable":true,"href":"https:\/\/www.hummeren.no\/en\/wp-json\/wp\/v2\/users\/3"}],"replies":[{"embeddable":true,"href":"https:\/\/www.hummeren.no\/en\/wp-json\/wp\/v2\/comments?post=15"}],"version-history":[{"count":56,"href":"https:\/\/www.hummeren.no\/en\/wp-json\/wp\/v2\/pages\/15\/revisions"}],"predecessor-version":[{"id":10144,"href":"https:\/\/www.hummeren.no\/en\/wp-json\/wp\/v2\/pages\/15\/revisions\/10144"}],"wp:featuredmedia":[{"embeddable":true,"href":"https:\/\/www.hummeren.no\/en\/wp-json\/wp\/v2\/media\/9183"}],"wp:attachment":[{"href":"https:\/\/www.hummeren.no\/en\/wp-json\/wp\/v2\/media?parent=15"}],"curies":[{"name":"wp","href":"https:\/\/api.w.org\/{rel}","templated":true}]}}