{"id":265,"date":"2014-06-23T14:44:24","date_gmt":"2014-06-23T12:44:24","guid":{"rendered":"https:\/\/www-hummeren.wp1.hcweb.dev\/?page_id=265"},"modified":"2025-03-25T09:56:11","modified_gmt":"2025-03-25T08:56:11","slug":"265-2","status":"publish","type":"page","link":"https:\/\/www.hummeren.no\/en\/historien-om-hummeren-hotell-og-restaurant\/265-2\/","title":{"rendered":"More history about Hummeren Hotell"},"content":{"rendered":"<p>She was first married to Knud Rommetvedt, who died in 1922, and later married Trygve \u00d8steb\u00f8.<\/p>\n\n\n\n<p>Trygve \u00d8steb\u00f8 bought a coal store owned by Middelthon in Stavanger for NOK 400. Trygve shuttered and moulded all the pillars in the water himself. He did all the work himself. It was initially a fish reception centre, but later became the first Hummeren hotel. Here you could serve visitors in a sea house. Maria and Trygve ran the Hummeren hotel. Here, travellers from Stavanger could take a rest and be served coffee and homemade cakes. The fact that the boathouse was built out into the sea created a special atmosphere for visitors. The building was extended several times and was a landmark that people came to see. You could also choose your own lobster for dinner from the hotel's own lobster tank.<\/p>\n\n\n\n<p>During the war, the hotel was the headquarters for the German forces in Tananger. The German officers stayed here and held several fine receptions. A barge with anti-aircraft guns was placed on the sea outside.<br>They had their own kitchen at the hotel, but bought their ingredients from Olsen and Danielsen, even though there were protests.<\/p>\n\n\n\n<p>In the decades leading up to the 1982 fire, the hotel changed hands several times before Winston Hou bought it. He leased it to Kwan Pan Lee. Kwan ran an excellent restaurant and hotel, where people felt welcome and even the locals stopped by.<br>At the end of 1986, construction work began on the new Hummer. Today we find here, on these historic grounds, a modern hotel and restaurant.<\/p>\n\n\n\n<p><a href=\"\/en\/?page_id=248\">Related article<\/a><\/p>\n\n\n\n<p>Source: <a href=\"http:\/\/storevarden.sola.kommune.no\/severdigheter\/hummeren2.htm\" target=\"_blank\" rel=\"noopener noreferrer\">Sola Municipality<\/a><\/p>","protected":false},"excerpt":{"rendered":"<p>Hun var f\u00f8rst gift med Knud Rommetvedt som d\u00f8de i 1922, og giftet seg senere med Trygve \u00d8steb\u00f8. Trygve \u00d8steb\u00f8 kj\u00f8pte et kullager som var eid av Middelthon i Stavanger for 400 kr. Her forskalet og st\u00f8pte Trygve selv alle s\u00f8ylene uti vannet.. Han gjorde alt arbeidet selv. Det var f\u00f8rst et fiskemottak, men ble&hellip;<\/p>","protected":false},"author":3,"featured_media":58,"parent":248,"menu_order":0,"comment_status":"closed","ping_status":"closed","template":"","meta":{"footnotes":""},"class_list":["post-265","page","type-page","status-publish","has-post-thumbnail","hentry"],"yoast_head":"<!-- This site is optimized with the Yoast SEO plugin v27.3 - https:\/\/yoast.com\/product\/yoast-seo-wordpress\/ -->\n<title>\u00d8vrig historie om Hummeren Hotell - Hummeren Hotell<\/title>\n<meta name=\"description\" content=\"Hun var f\u00f8rst gift med Knud Rommetvedt som d\u00f8de i 1922, og giftet seg senere med Trygve \u00d8steb\u00f8.\" \/>\n<meta name=\"robots\" content=\"index, follow, max-snippet:-1, max-image-preview:large, max-video-preview:-1\" \/>\n<link rel=\"canonical\" href=\"https:\/\/www.hummeren.no\/en\/the-story-of-hummeren-hotel-and-restaurant\/265-2\/\" \/>\n<meta property=\"og:locale\" content=\"en_GB\" \/>\n<meta property=\"og:type\" content=\"article\" \/>\n<meta property=\"og:title\" content=\"\u00d8vrig historie om Hummeren Hotell - Hummeren Hotell\" \/>\n<meta property=\"og:description\" content=\"Hun var f\u00f8rst gift med Knud Rommetvedt som d\u00f8de i 1922, og giftet seg senere med Trygve \u00d8steb\u00f8.\" \/>\n<meta property=\"og:url\" content=\"https:\/\/www.hummeren.no\/en\/the-story-of-hummeren-hotel-and-restaurant\/265-2\/\" \/>\n<meta property=\"og:site_name\" content=\"Hummeren Hotell\" \/>\n<meta property=\"article:modified_time\" content=\"2025-03-25T08:56:11+00:00\" \/>\n<meta property=\"og:image\" content=\"https:\/\/www.hummeren.no\/wp-content\/uploads\/2015\/06\/IMG_4727-e1433508523102.jpg\" \/>\n\t<meta property=\"og:image:width\" content=\"1400\" \/>\n\t<meta property=\"og:image:height\" content=\"933\" \/>\n\t<meta property=\"og:image:type\" content=\"image\/jpeg\" \/>\n<meta name=\"twitter:card\" content=\"summary_large_image\" \/>\n<meta name=\"twitter:label1\" content=\"Estimated reading time\" \/>\n\t<meta name=\"twitter:data1\" content=\"2 minutes\" \/>\n<script type=\"application\/ld+json\" class=\"yoast-schema-graph\">{\"@context\":\"https:\\\/\\\/schema.org\",\"@graph\":[{\"@type\":\"WebPage\",\"@id\":\"https:\\\/\\\/www.hummeren.no\\\/historien-om-hummeren-hotell-og-restaurant\\\/265-2\\\/\",\"url\":\"https:\\\/\\\/www.hummeren.no\\\/historien-om-hummeren-hotell-og-restaurant\\\/265-2\\\/\",\"name\":\"\u00d8vrig historie om Hummeren Hotell - Hummeren Hotell\",\"isPartOf\":{\"@id\":\"https:\\\/\\\/www.hummeren.no\\\/#website\"},\"primaryImageOfPage\":{\"@id\":\"https:\\\/\\\/www.hummeren.no\\\/historien-om-hummeren-hotell-og-restaurant\\\/265-2\\\/#primaryimage\"},\"image\":{\"@id\":\"https:\\\/\\\/www.hummeren.no\\\/historien-om-hummeren-hotell-og-restaurant\\\/265-2\\\/#primaryimage\"},\"thumbnailUrl\":\"https:\\\/\\\/www.hummeren.no\\\/wp-content\\\/uploads\\\/2015\\\/06\\\/IMG_4727-e1433508523102.jpg\",\"datePublished\":\"2014-06-23T12:44:24+00:00\",\"dateModified\":\"2025-03-25T08:56:11+00:00\",\"description\":\"Hun var f\u00f8rst gift med Knud Rommetvedt som d\u00f8de i 1922, og giftet seg senere med Trygve \u00d8steb\u00f8.\",\"breadcrumb\":{\"@id\":\"https:\\\/\\\/www.hummeren.no\\\/historien-om-hummeren-hotell-og-restaurant\\\/265-2\\\/#breadcrumb\"},\"inLanguage\":\"en-GB\",\"potentialAction\":[{\"@type\":\"ReadAction\",\"target\":[\"https:\\\/\\\/www.hummeren.no\\\/historien-om-hummeren-hotell-og-restaurant\\\/265-2\\\/\"]}]},{\"@type\":\"ImageObject\",\"inLanguage\":\"en-GB\",\"@id\":\"https:\\\/\\\/www.hummeren.no\\\/historien-om-hummeren-hotell-og-restaurant\\\/265-2\\\/#primaryimage\",\"url\":\"https:\\\/\\\/www.hummeren.no\\\/wp-content\\\/uploads\\\/2015\\\/06\\\/IMG_4727-e1433508523102.jpg\",\"contentUrl\":\"https:\\\/\\\/www.hummeren.no\\\/wp-content\\\/uploads\\\/2015\\\/06\\\/IMG_4727-e1433508523102.jpg\",\"width\":1400,\"height\":933},{\"@type\":\"BreadcrumbList\",\"@id\":\"https:\\\/\\\/www.hummeren.no\\\/historien-om-hummeren-hotell-og-restaurant\\\/265-2\\\/#breadcrumb\",\"itemListElement\":[{\"@type\":\"ListItem\",\"position\":1,\"name\":\"Hjem\",\"item\":\"https:\\\/\\\/www.hummeren.no\\\/\"},{\"@type\":\"ListItem\",\"position\":2,\"name\":\"Historien\",\"item\":\"https:\\\/\\\/www.hummeren.no\\\/historien-om-hummeren-hotell-og-restaurant\\\/\"},{\"@type\":\"ListItem\",\"position\":3,\"name\":\"\u00d8vrig historie om Hummeren Hotell\"}]},{\"@type\":\"WebSite\",\"@id\":\"https:\\\/\\\/www.hummeren.no\\\/#website\",\"url\":\"https:\\\/\\\/www.hummeren.no\\\/\",\"name\":\"Hummeren Hotell\",\"description\":\"Kurs, konferanse, hotell, restaurant og selskap\",\"publisher\":{\"@id\":\"https:\\\/\\\/www.hummeren.no\\\/#organization\"},\"potentialAction\":[{\"@type\":\"SearchAction\",\"target\":{\"@type\":\"EntryPoint\",\"urlTemplate\":\"https:\\\/\\\/www.hummeren.no\\\/?s={search_term_string}\"},\"query-input\":{\"@type\":\"PropertyValueSpecification\",\"valueRequired\":true,\"valueName\":\"search_term_string\"}}],\"inLanguage\":\"en-GB\"},{\"@type\":\"Organization\",\"@id\":\"https:\\\/\\\/www.hummeren.no\\\/#organization\",\"name\":\"Hummeren Hotell\",\"url\":\"https:\\\/\\\/www.hummeren.no\\\/\",\"logo\":{\"@type\":\"ImageObject\",\"inLanguage\":\"en-GB\",\"@id\":\"https:\\\/\\\/www.hummeren.no\\\/#\\\/schema\\\/logo\\\/image\\\/\",\"url\":\"https:\\\/\\\/www.hummeren.no\\\/wp-content\\\/uploads\\\/2015\\\/09\\\/Hummeren-_Hotell_Logo.jpg\",\"contentUrl\":\"https:\\\/\\\/www.hummeren.no\\\/wp-content\\\/uploads\\\/2015\\\/09\\\/Hummeren-_Hotell_Logo.jpg\",\"width\":293,\"height\":65,\"caption\":\"Hummeren Hotell\"},\"image\":{\"@id\":\"https:\\\/\\\/www.hummeren.no\\\/#\\\/schema\\\/logo\\\/image\\\/\"}}]}<\/script>\n<!-- \/ Yoast SEO plugin. -->","yoast_head_json":{"title":"More history about Hummeren Hotell - Hummeren Hotell","description":"She was first married to Knud Rommetvedt, who died in 1922, and later married Trygve \u00d8steb\u00f8.","robots":{"index":"index","follow":"follow","max-snippet":"max-snippet:-1","max-image-preview":"max-image-preview:large","max-video-preview":"max-video-preview:-1"},"canonical":"https:\/\/www.hummeren.no\/en\/the-story-of-hummeren-hotel-and-restaurant\/265-2\/","og_locale":"en_GB","og_type":"article","og_title":"\u00d8vrig historie om Hummeren Hotell - Hummeren Hotell","og_description":"Hun var f\u00f8rst gift med Knud Rommetvedt som d\u00f8de i 1922, og giftet seg senere med Trygve \u00d8steb\u00f8.","og_url":"https:\/\/www.hummeren.no\/en\/the-story-of-hummeren-hotel-and-restaurant\/265-2\/","og_site_name":"Hummeren Hotell","article_modified_time":"2025-03-25T08:56:11+00:00","og_image":[{"width":1400,"height":933,"url":"https:\/\/www.hummeren.no\/wp-content\/uploads\/2015\/06\/IMG_4727-e1433508523102.jpg","type":"image\/jpeg"}],"twitter_card":"summary_large_image","twitter_misc":{"Estimated reading time":"2 minutes"},"schema":{"@context":"https:\/\/schema.org","@graph":[{"@type":"WebPage","@id":"https:\/\/www.hummeren.no\/historien-om-hummeren-hotell-og-restaurant\/265-2\/","url":"https:\/\/www.hummeren.no\/historien-om-hummeren-hotell-og-restaurant\/265-2\/","name":"More history about Hummeren Hotell - Hummeren Hotell","isPartOf":{"@id":"https:\/\/www.hummeren.no\/#website"},"primaryImageOfPage":{"@id":"https:\/\/www.hummeren.no\/historien-om-hummeren-hotell-og-restaurant\/265-2\/#primaryimage"},"image":{"@id":"https:\/\/www.hummeren.no\/historien-om-hummeren-hotell-og-restaurant\/265-2\/#primaryimage"},"thumbnailUrl":"https:\/\/www.hummeren.no\/wp-content\/uploads\/2015\/06\/IMG_4727-e1433508523102.jpg","datePublished":"2014-06-23T12:44:24+00:00","dateModified":"2025-03-25T08:56:11+00:00","description":"She was first married to Knud Rommetvedt, who died in 1922, and later married Trygve \u00d8steb\u00f8.","breadcrumb":{"@id":"https:\/\/www.hummeren.no\/historien-om-hummeren-hotell-og-restaurant\/265-2\/#breadcrumb"},"inLanguage":"en-GB","potentialAction":[{"@type":"ReadAction","target":["https:\/\/www.hummeren.no\/historien-om-hummeren-hotell-og-restaurant\/265-2\/"]}]},{"@type":"ImageObject","inLanguage":"en-GB","@id":"https:\/\/www.hummeren.no\/historien-om-hummeren-hotell-og-restaurant\/265-2\/#primaryimage","url":"https:\/\/www.hummeren.no\/wp-content\/uploads\/2015\/06\/IMG_4727-e1433508523102.jpg","contentUrl":"https:\/\/www.hummeren.no\/wp-content\/uploads\/2015\/06\/IMG_4727-e1433508523102.jpg","width":1400,"height":933},{"@type":"BreadcrumbList","@id":"https:\/\/www.hummeren.no\/historien-om-hummeren-hotell-og-restaurant\/265-2\/#breadcrumb","itemListElement":[{"@type":"ListItem","position":1,"name":"Hjem","item":"https:\/\/www.hummeren.no\/"},{"@type":"ListItem","position":2,"name":"Historien","item":"https:\/\/www.hummeren.no\/historien-om-hummeren-hotell-og-restaurant\/"},{"@type":"ListItem","position":3,"name":"\u00d8vrig historie om Hummeren Hotell"}]},{"@type":"WebSite","@id":"https:\/\/www.hummeren.no\/#website","url":"https:\/\/www.hummeren.no\/","name":"Hummeren Hotel","description":"Courses, conferences, hotels, restaurants and companies","publisher":{"@id":"https:\/\/www.hummeren.no\/#organization"},"potentialAction":[{"@type":"SearchAction","target":{"@type":"EntryPoint","urlTemplate":"https:\/\/www.hummeren.no\/?s={search_term_string}"},"query-input":{"@type":"PropertyValueSpecification","valueRequired":true,"valueName":"search_term_string"}}],"inLanguage":"en-GB"},{"@type":"Organization","@id":"https:\/\/www.hummeren.no\/#organization","name":"Hummeren Hotel","url":"https:\/\/www.hummeren.no\/","logo":{"@type":"ImageObject","inLanguage":"en-GB","@id":"https:\/\/www.hummeren.no\/#\/schema\/logo\/image\/","url":"https:\/\/www.hummeren.no\/wp-content\/uploads\/2015\/09\/Hummeren-_Hotell_Logo.jpg","contentUrl":"https:\/\/www.hummeren.no\/wp-content\/uploads\/2015\/09\/Hummeren-_Hotell_Logo.jpg","width":293,"height":65,"caption":"Hummeren Hotell"},"image":{"@id":"https:\/\/www.hummeren.no\/#\/schema\/logo\/image\/"}}]}},"_links":{"self":[{"href":"https:\/\/www.hummeren.no\/en\/wp-json\/wp\/v2\/pages\/265","targetHints":{"allow":["GET"]}}],"collection":[{"href":"https:\/\/www.hummeren.no\/en\/wp-json\/wp\/v2\/pages"}],"about":[{"href":"https:\/\/www.hummeren.no\/en\/wp-json\/wp\/v2\/types\/page"}],"author":[{"embeddable":true,"href":"https:\/\/www.hummeren.no\/en\/wp-json\/wp\/v2\/users\/3"}],"replies":[{"embeddable":true,"href":"https:\/\/www.hummeren.no\/en\/wp-json\/wp\/v2\/comments?post=265"}],"version-history":[{"count":5,"href":"https:\/\/www.hummeren.no\/en\/wp-json\/wp\/v2\/pages\/265\/revisions"}],"predecessor-version":[{"id":9963,"href":"https:\/\/www.hummeren.no\/en\/wp-json\/wp\/v2\/pages\/265\/revisions\/9963"}],"up":[{"embeddable":true,"href":"https:\/\/www.hummeren.no\/en\/wp-json\/wp\/v2\/pages\/248"}],"wp:featuredmedia":[{"embeddable":true,"href":"https:\/\/www.hummeren.no\/en\/wp-json\/wp\/v2\/media\/58"}],"wp:attachment":[{"href":"https:\/\/www.hummeren.no\/en\/wp-json\/wp\/v2\/media?parent=265"}],"curies":[{"name":"wp","href":"https:\/\/api.w.org\/{rel}","templated":true}]}}