{"id":30,"date":"2015-09-15T13:08:36","date_gmt":"2015-09-15T11:08:36","guid":{"rendered":"https:\/\/www-hummeren.wp1.hcweb.dev\/?page_id=30"},"modified":"2025-05-02T13:31:29","modified_gmt":"2025-05-02T11:31:29","slug":"company","status":"publish","type":"page","link":"https:\/\/www.hummeren.no\/en\/selskap\/","title":{"rendered":"Company &amp; events"},"content":{"rendered":"<h2 class=\"wp-block-heading\">With a varied range of facilities and services, Hummeren Hotell creates the perfect setting for different types of parties, events and experiences. <\/h2>\n\n\n\n<p>Whether it's a meeting, seminar, party or special celebration, we have the facilities to suit. We have extensive experience in organising successful parties and events, and we work with you to tailor solutions that meet your wishes and needs for an unforgettable event.<\/p>\n\n\n\n<p style=\"text-decoration:underline\"><a href=\"#kontaktskjema\">Send us an enquiry<\/a><\/p>\n\n\n\n<h2 class=\"wp-block-heading\">Different types of companies<\/h2>\n\n\n<ul class=\"wp-block-page-list\"><li class=\"wp-block-pages-list__item\"><a class=\"wp-block-pages-list__item__link\" href=\"https:\/\/www.hummeren.no\/en\/selskap\/17-mai-ved-havet\/\">17 May by the sea<\/a><\/li><li class=\"wp-block-pages-list__item\"><a class=\"wp-block-pages-list__item__link\" href=\"https:\/\/www.hummeren.no\/en\/selskap\/bryllup\/\">Weddings in Stavanger<\/a><\/li><li class=\"wp-block-pages-list__item\"><a class=\"wp-block-pages-list__item__link\" href=\"https:\/\/www.hummeren.no\/en\/selskap\/dap\/\">Christening<\/a><\/li><li class=\"wp-block-pages-list__item\"><a class=\"wp-block-pages-list__item__link\" href=\"https:\/\/www.hummeren.no\/en\/selskap\/firmafest\/\">Company party<\/a><\/li><li class=\"wp-block-pages-list__item\"><a class=\"wp-block-pages-list__item__link\" href=\"https:\/\/www.hummeren.no\/en\/selskap\/julebord\/\">Christmas table<\/a><\/li><li class=\"wp-block-pages-list__item\"><a class=\"wp-block-pages-list__item__link\" href=\"https:\/\/www.hummeren.no\/en\/selskap\/konfirmasjon\/\">Confirmation<\/a><\/li><li class=\"wp-block-pages-list__item\"><a class=\"wp-block-pages-list__item__link\" href=\"https:\/\/www.hummeren.no\/en\/selskap\/minnestund\/\">Commemoration<\/a><\/li><li class=\"wp-block-pages-list__item\"><a class=\"wp-block-pages-list__item__link\" href=\"https:\/\/www.hummeren.no\/en\/selskap\/sommerfest\/\">Summer party<\/a><\/li><\/ul>\n\n\n<p>or social events and parties for associations\/clubs of friends.<\/p>\n\n\n\n<figure class=\"wp-block-video\"><video height=\"1280\" style=\"aspect-ratio: 1024 \/ 1280;\" width=\"1024\" controls loop src=\"https:\/\/www.hummeren.no\/wp-content\/uploads\/2025\/03\/selskap_stavanger.mp4\"><\/video><figcaption class=\"wp-element-caption\">Company at Hummeren Hotell<\/figcaption><\/figure>\n\n\n\n<h2 class=\"wp-block-heading\">Summer party with work<\/h2>\n\n\n\n<figure class=\"wp-block-image size-large\"><img decoding=\"async\" width=\"1024\" height=\"588\" src=\"https:\/\/www.hummeren.no\/wp-content\/uploads\/2025\/03\/sommerfest-1024x588.jpg\" alt=\"Summer party\" class=\"wp-image-9714\" srcset=\"https:\/\/www.hummeren.no\/wp-content\/uploads\/2025\/03\/sommerfest-1024x588.jpg 1024w, https:\/\/www.hummeren.no\/wp-content\/uploads\/2025\/03\/sommerfest-300x172.jpg 300w, https:\/\/www.hummeren.no\/wp-content\/uploads\/2025\/03\/sommerfest.jpg 1335w\" sizes=\"(max-width: 1024px) 100vw, 1024px\" \/><\/figure>\n\n\n\n<p>We provide the perfect setting for an unforgettable summer party, whether you're planning a relaxed gathering with colleagues, a lively celebration with friends or an elegant celebration for customers and business partners.<br><a href=\"https:\/\/www.hummeren.no\/en\/company\/summer-party\/\">Read more about the summer party here<\/a><\/p>\n\n\n\n<h2 class=\"wp-block-heading\">Food and drinks during the party can be<\/h2>\n\n\n\n<ul class=\"wp-block-list\">\n<li>fish and shellfish buffet<\/li>\n\n\n\n<li>maritime tapas buffet<\/li>\n\n\n\n<li>company dinner<\/li>\n\n\n\n<li>business dinner<\/li>\n\n\n\n<li>grill<\/li>\n<\/ul>\n\n\n\n<p>&gt; <a href=\"https:\/\/www.hummeren.no\/en\/menus\/\">See our menus<\/a><\/p>\n\n\n\n<h2 class=\"wp-block-heading\">Heard about bridal journeys in Hardanger?<\/h2>\n\n\n\n<p>We have a \"live\" bridal journey in Tananger. <a href=\"https:\/\/www.hummeren.no\/en\/company\/wedding\/\">Wedding celebrations <\/a>in romantic surroundings and with a welcome drink on the terrace.<\/p>\n\n\n\n<figure class=\"wp-block-image size-large\"><img decoding=\"async\" width=\"1024\" height=\"662\" src=\"https:\/\/www.hummeren.no\/wp-content\/uploads\/2025\/02\/bryllup-1024x662.jpg\" alt=\"Weddings in Stavanger\" class=\"wp-image-9228\" srcset=\"https:\/\/www.hummeren.no\/wp-content\/uploads\/2025\/02\/bryllup-1024x662.jpg 1024w, https:\/\/www.hummeren.no\/wp-content\/uploads\/2025\/02\/bryllup-300x194.jpg 300w, https:\/\/www.hummeren.no\/wp-content\/uploads\/2025\/02\/bryllup-1536x994.jpg 1536w, https:\/\/www.hummeren.no\/wp-content\/uploads\/2025\/02\/bryllup.jpg 1920w\" sizes=\"(max-width: 1024px) 100vw, 1024px\" \/><figcaption class=\"wp-element-caption\">Weddings in Stavanger<\/figcaption><\/figure>\n\n\n\n<p>Do you want to combine your company with a social activity? Hummeren Hotel is idyllically located by the sea and offers opportunities for exciting experiences. Combine your meeting with a tour of the coastal culture collection in Tananger, join an exciting sea fishing trip or a trip in our <a href=\"https:\/\/www.hummeren.no\/en\/sauna-in-tananger\/\">sauna boat<\/a>?<\/p>\n\n\n\n<p><strong>Give us a call<\/strong> on the phone <a href=\"tel:004751694000\">51 69 40 00<\/a> or\u00a0<strong>e-mail<\/strong>\u00a0<a href=\"mailto:booking@hummeren.no\">booking@hummeren.no<\/a>.<\/p>","protected":false},"excerpt":{"rendered":"<p>Med et variert utvalg av lokaler og tjenester, skaper Hummeren Hotell den perfekte rammen for ulike typer selskap, arrangementer og opplevelser. Enten det er et m\u00f8te, seminar, fest eller en spesiell feiring, har vi fasilitetene som passer. Vi har lang erfaring med \u00e5 arrangere vellykkede selskap og events, og sammen med deg skreddersyr vi l\u00f8sninger&hellip;<\/p>","protected":false},"author":3,"featured_media":9287,"parent":0,"menu_order":0,"comment_status":"closed","ping_status":"open","template":"","meta":{"footnotes":""},"class_list":["post-30","page","type-page","status-publish","has-post-thumbnail","hentry"],"yoast_head":"<!-- This site is optimized with the Yoast SEO plugin v27.4 - https:\/\/yoast.com\/product\/yoast-seo-wordpress\/ -->\n<title>Selskap &amp; arrangement - Hummeren Hotell<\/title>\n<meta name=\"description\" content=\"Med et variert utvalg av lokaler og tjenester, skaper Hummeren Hotell den perfekte rammen for ulike typer selskap og events.\" \/>\n<meta name=\"robots\" content=\"index, follow, max-snippet:-1, max-image-preview:large, max-video-preview:-1\" \/>\n<link rel=\"canonical\" href=\"https:\/\/www.hummeren.no\/en\/company\/\" \/>\n<meta property=\"og:locale\" content=\"en_GB\" \/>\n<meta property=\"og:type\" content=\"article\" \/>\n<meta property=\"og:title\" content=\"Selskap &amp; arrangement - Hummeren Hotell\" \/>\n<meta property=\"og:description\" content=\"Med et variert utvalg av lokaler og tjenester, skaper Hummeren Hotell den perfekte rammen for ulike typer selskap og events.\" \/>\n<meta property=\"og:url\" content=\"https:\/\/www.hummeren.no\/en\/company\/\" \/>\n<meta property=\"og:site_name\" content=\"Hummeren Hotell\" \/>\n<meta property=\"article:modified_time\" content=\"2025-05-02T11:31:29+00:00\" \/>\n<meta property=\"og:image\" content=\"https:\/\/www.hummeren.no\/wp-content\/uploads\/2025\/02\/selskap.jpg\" \/>\n\t<meta property=\"og:image:width\" content=\"1600\" \/>\n\t<meta property=\"og:image:height\" content=\"1350\" \/>\n\t<meta property=\"og:image:type\" content=\"image\/jpeg\" \/>\n<meta name=\"twitter:card\" content=\"summary_large_image\" \/>\n<meta name=\"twitter:label1\" content=\"Estimated reading time\" \/>\n\t<meta name=\"twitter:data1\" content=\"2 minutes\" \/>\n<script type=\"application\/ld+json\" class=\"yoast-schema-graph\">{\"@context\":\"https:\\\/\\\/schema.org\",\"@graph\":[{\"@type\":\"WebPage\",\"@id\":\"https:\\\/\\\/www.hummeren.no\\\/selskap\\\/\",\"url\":\"https:\\\/\\\/www.hummeren.no\\\/selskap\\\/\",\"name\":\"Selskap & arrangement - Hummeren Hotell\",\"isPartOf\":{\"@id\":\"https:\\\/\\\/www.hummeren.no\\\/#website\"},\"primaryImageOfPage\":{\"@id\":\"https:\\\/\\\/www.hummeren.no\\\/selskap\\\/#primaryimage\"},\"image\":{\"@id\":\"https:\\\/\\\/www.hummeren.no\\\/selskap\\\/#primaryimage\"},\"thumbnailUrl\":\"https:\\\/\\\/www.hummeren.no\\\/wp-content\\\/uploads\\\/2025\\\/02\\\/selskap.jpg\",\"datePublished\":\"2015-09-15T11:08:36+00:00\",\"dateModified\":\"2025-05-02T11:31:29+00:00\",\"description\":\"Med et variert utvalg av lokaler og tjenester, skaper Hummeren Hotell den perfekte rammen for ulike typer selskap og events.\",\"breadcrumb\":{\"@id\":\"https:\\\/\\\/www.hummeren.no\\\/selskap\\\/#breadcrumb\"},\"inLanguage\":\"en-GB\",\"potentialAction\":[{\"@type\":\"ReadAction\",\"target\":[\"https:\\\/\\\/www.hummeren.no\\\/selskap\\\/\"]}]},{\"@type\":\"ImageObject\",\"inLanguage\":\"en-GB\",\"@id\":\"https:\\\/\\\/www.hummeren.no\\\/selskap\\\/#primaryimage\",\"url\":\"https:\\\/\\\/www.hummeren.no\\\/wp-content\\\/uploads\\\/2025\\\/02\\\/selskap.jpg\",\"contentUrl\":\"https:\\\/\\\/www.hummeren.no\\\/wp-content\\\/uploads\\\/2025\\\/02\\\/selskap.jpg\",\"width\":1600,\"height\":1350,\"caption\":\"Selskap\"},{\"@type\":\"BreadcrumbList\",\"@id\":\"https:\\\/\\\/www.hummeren.no\\\/selskap\\\/#breadcrumb\",\"itemListElement\":[{\"@type\":\"ListItem\",\"position\":1,\"name\":\"Hjem\",\"item\":\"https:\\\/\\\/www.hummeren.no\\\/\"},{\"@type\":\"ListItem\",\"position\":2,\"name\":\"Selskap &#038; arrangement\"}]},{\"@type\":\"WebSite\",\"@id\":\"https:\\\/\\\/www.hummeren.no\\\/#website\",\"url\":\"https:\\\/\\\/www.hummeren.no\\\/\",\"name\":\"Hummeren Hotell\",\"description\":\"Kurs, konferanse, hotell, restaurant og selskap\",\"publisher\":{\"@id\":\"https:\\\/\\\/www.hummeren.no\\\/#organization\"},\"potentialAction\":[{\"@type\":\"SearchAction\",\"target\":{\"@type\":\"EntryPoint\",\"urlTemplate\":\"https:\\\/\\\/www.hummeren.no\\\/?s={search_term_string}\"},\"query-input\":{\"@type\":\"PropertyValueSpecification\",\"valueRequired\":true,\"valueName\":\"search_term_string\"}}],\"inLanguage\":\"en-GB\"},{\"@type\":\"Organization\",\"@id\":\"https:\\\/\\\/www.hummeren.no\\\/#organization\",\"name\":\"Hummeren Hotell\",\"url\":\"https:\\\/\\\/www.hummeren.no\\\/\",\"logo\":{\"@type\":\"ImageObject\",\"inLanguage\":\"en-GB\",\"@id\":\"https:\\\/\\\/www.hummeren.no\\\/#\\\/schema\\\/logo\\\/image\\\/\",\"url\":\"https:\\\/\\\/www.hummeren.no\\\/wp-content\\\/uploads\\\/2015\\\/09\\\/Hummeren-_Hotell_Logo.jpg\",\"contentUrl\":\"https:\\\/\\\/www.hummeren.no\\\/wp-content\\\/uploads\\\/2015\\\/09\\\/Hummeren-_Hotell_Logo.jpg\",\"width\":293,\"height\":65,\"caption\":\"Hummeren Hotell\"},\"image\":{\"@id\":\"https:\\\/\\\/www.hummeren.no\\\/#\\\/schema\\\/logo\\\/image\\\/\"}}]}<\/script>\n<!-- \/ Yoast SEO plugin. -->","yoast_head_json":{"title":"Company &amp; events - Hummeren Hotell","description":"With a varied range of facilities and services, Hummeren Hotell creates the perfect setting for different types of parties and events.","robots":{"index":"index","follow":"follow","max-snippet":"max-snippet:-1","max-image-preview":"max-image-preview:large","max-video-preview":"max-video-preview:-1"},"canonical":"https:\/\/www.hummeren.no\/en\/company\/","og_locale":"en_GB","og_type":"article","og_title":"Selskap & arrangement - Hummeren Hotell","og_description":"Med et variert utvalg av lokaler og tjenester, skaper Hummeren Hotell den perfekte rammen for ulike typer selskap og events.","og_url":"https:\/\/www.hummeren.no\/en\/company\/","og_site_name":"Hummeren Hotell","article_modified_time":"2025-05-02T11:31:29+00:00","og_image":[{"width":1600,"height":1350,"url":"https:\/\/www.hummeren.no\/wp-content\/uploads\/2025\/02\/selskap.jpg","type":"image\/jpeg"}],"twitter_card":"summary_large_image","twitter_misc":{"Estimated reading time":"2 minutes"},"schema":{"@context":"https:\/\/schema.org","@graph":[{"@type":"WebPage","@id":"https:\/\/www.hummeren.no\/selskap\/","url":"https:\/\/www.hummeren.no\/selskap\/","name":"Company &amp; events - Hummeren Hotell","isPartOf":{"@id":"https:\/\/www.hummeren.no\/#website"},"primaryImageOfPage":{"@id":"https:\/\/www.hummeren.no\/selskap\/#primaryimage"},"image":{"@id":"https:\/\/www.hummeren.no\/selskap\/#primaryimage"},"thumbnailUrl":"https:\/\/www.hummeren.no\/wp-content\/uploads\/2025\/02\/selskap.jpg","datePublished":"2015-09-15T11:08:36+00:00","dateModified":"2025-05-02T11:31:29+00:00","description":"With a varied range of facilities and services, Hummeren Hotell creates the perfect setting for different types of parties and events.","breadcrumb":{"@id":"https:\/\/www.hummeren.no\/selskap\/#breadcrumb"},"inLanguage":"en-GB","potentialAction":[{"@type":"ReadAction","target":["https:\/\/www.hummeren.no\/selskap\/"]}]},{"@type":"ImageObject","inLanguage":"en-GB","@id":"https:\/\/www.hummeren.no\/selskap\/#primaryimage","url":"https:\/\/www.hummeren.no\/wp-content\/uploads\/2025\/02\/selskap.jpg","contentUrl":"https:\/\/www.hummeren.no\/wp-content\/uploads\/2025\/02\/selskap.jpg","width":1600,"height":1350,"caption":"Selskap"},{"@type":"BreadcrumbList","@id":"https:\/\/www.hummeren.no\/selskap\/#breadcrumb","itemListElement":[{"@type":"ListItem","position":1,"name":"Hjem","item":"https:\/\/www.hummeren.no\/"},{"@type":"ListItem","position":2,"name":"Selskap &#038; arrangement"}]},{"@type":"WebSite","@id":"https:\/\/www.hummeren.no\/#website","url":"https:\/\/www.hummeren.no\/","name":"Hummeren Hotel","description":"Courses, conferences, hotels, restaurants and companies","publisher":{"@id":"https:\/\/www.hummeren.no\/#organization"},"potentialAction":[{"@type":"SearchAction","target":{"@type":"EntryPoint","urlTemplate":"https:\/\/www.hummeren.no\/?s={search_term_string}"},"query-input":{"@type":"PropertyValueSpecification","valueRequired":true,"valueName":"search_term_string"}}],"inLanguage":"en-GB"},{"@type":"Organization","@id":"https:\/\/www.hummeren.no\/#organization","name":"Hummeren Hotel","url":"https:\/\/www.hummeren.no\/","logo":{"@type":"ImageObject","inLanguage":"en-GB","@id":"https:\/\/www.hummeren.no\/#\/schema\/logo\/image\/","url":"https:\/\/www.hummeren.no\/wp-content\/uploads\/2015\/09\/Hummeren-_Hotell_Logo.jpg","contentUrl":"https:\/\/www.hummeren.no\/wp-content\/uploads\/2015\/09\/Hummeren-_Hotell_Logo.jpg","width":293,"height":65,"caption":"Hummeren Hotell"},"image":{"@id":"https:\/\/www.hummeren.no\/#\/schema\/logo\/image\/"}}]}},"_links":{"self":[{"href":"https:\/\/www.hummeren.no\/en\/wp-json\/wp\/v2\/pages\/30","targetHints":{"allow":["GET"]}}],"collection":[{"href":"https:\/\/www.hummeren.no\/en\/wp-json\/wp\/v2\/pages"}],"about":[{"href":"https:\/\/www.hummeren.no\/en\/wp-json\/wp\/v2\/types\/page"}],"author":[{"embeddable":true,"href":"https:\/\/www.hummeren.no\/en\/wp-json\/wp\/v2\/users\/3"}],"replies":[{"embeddable":true,"href":"https:\/\/www.hummeren.no\/en\/wp-json\/wp\/v2\/comments?post=30"}],"version-history":[{"count":31,"href":"https:\/\/www.hummeren.no\/en\/wp-json\/wp\/v2\/pages\/30\/revisions"}],"predecessor-version":[{"id":10128,"href":"https:\/\/www.hummeren.no\/en\/wp-json\/wp\/v2\/pages\/30\/revisions\/10128"}],"wp:featuredmedia":[{"embeddable":true,"href":"https:\/\/www.hummeren.no\/en\/wp-json\/wp\/v2\/media\/9287"}],"wp:attachment":[{"href":"https:\/\/www.hummeren.no\/en\/wp-json\/wp\/v2\/media?parent=30"}],"curies":[{"name":"wp","href":"https:\/\/api.w.org\/{rel}","templated":true}]}}