{"id":32,"date":"2015-06-05T14:06:50","date_gmt":"2015-06-05T12:06:50","guid":{"rendered":"https:\/\/www-hummeren.wp1.hcweb.dev\/?page_id=32"},"modified":"2025-05-02T13:41:25","modified_gmt":"2025-05-02T11:41:25","slug":"food-and-drink","status":"publish","type":"page","link":"https:\/\/www.hummeren.no\/en\/mat-og-drikke\/","title":{"rendered":"Food and drink"},"content":{"rendered":"<h2 class=\"wp-block-heading\">It's all about food that excites - with fresh ingredients from the sea, classic flavours and modern twists. Enjoy everything from lobster and shellfish to flavoursome seasonal dishes, served in a maritime setting by the sea.<\/h2>    <p>Our head chef and his staff are a very important factor in the well-being of our guests. Why don't you treat yourself to a delicious meal of fresh lobster from our lobster tank?<\/p>   <ul class=\"wp-block-page-list\"><li class=\"wp-block-pages-list__item\"><a class=\"wp-block-pages-list__item__link\" href=\"https:\/\/www.hummeren.no\/en\/mat-og-drikke\/apningstider-og-meny-i-restauranten\/\">Opening hours in the restaurant<\/a><\/li><li class=\"wp-block-pages-list__item\"><a class=\"wp-block-pages-list__item__link\" href=\"https:\/\/www.hummeren.no\/en\/mat-og-drikke\/menyer\/\">Menus<\/a><\/li><li class=\"wp-block-pages-list__item\"><a class=\"wp-block-pages-list__item__link\" href=\"https:\/\/www.hummeren.no\/en\/mat-og-drikke\/sondagsbuffet-i-stavanger\/\">Sunday buffet in Stavanger<\/a><\/li><\/ul>   <figure class=\"wp-block-image size-large\"><img decoding=\"async\" width=\"1024\" height=\"597\" src=\"https:\/\/www.hummeren.no\/wp-content\/uploads\/2025\/03\/mat-bryggen-1024x597.jpg\" alt=\"Food and drink \" class=\"wp-image-9651\" srcset=\"https:\/\/www.hummeren.no\/wp-content\/uploads\/2025\/03\/mat-bryggen-1024x597.jpg 1024w, https:\/\/www.hummeren.no\/wp-content\/uploads\/2025\/03\/mat-bryggen-300x175.jpg 300w, https:\/\/www.hummeren.no\/wp-content\/uploads\/2025\/03\/mat-bryggen.jpg 1183w\" sizes=\"(max-width: 1024px) 100vw, 1024px\" \/><\/figure>    <h3 class=\"wp-block-heading\">Business lunch buffet - enjoy good food in maritime surroundings<\/h3>    <p>Try our tasty business lunch buffet, perfect for both informal meetings and important conversations. The buffet offers a varied selection of fresh salads, hot dishes and delicious desserts - all made with the best seasonal ingredients. Enjoy good food in maritime surroundings with stunning views of the fjord. By appointment, call for more information and reservations.<\/p>    <h3 class=\"wp-block-heading\">A la Carte dining<\/h3>    <p>We offer a tempting <a href=\"https:\/\/www.hummeren.no\/en\/food-and-drink\/menus\/\">\u00e0 la carte-menu <\/a>with fresh, local ingredients and flavours inspired by the sea. Enjoy everything from delicate seafood to succulent meat dishes, prepared with love and served with a view of the fjord.<br><a href=\"https:\/\/www.hummeren.no\/en\/food-and-drink\/opening-hours-and-menu-in-the-restaurant\/\">See opening hours<\/a><\/p>    <h3 class=\"wp-block-heading\">The main restaurant \/ bar<\/h3>    <p>Experience our restaurant - flavoursome dishes made from the season's best ingredients, served in a maritime and atmospheric atmosphere by the sea. <a href=\"https:\/\/www.hummeren.no\/en\/food-and-drink\/opening-hours-and-menu-in-the-restaurant\/\">See opening hours<\/a><\/p>    <figure class=\"wp-block-image size-large\"><img decoding=\"async\" width=\"1024\" height=\"609\" src=\"https:\/\/www.hummeren.no\/wp-content\/uploads\/2025\/03\/tapas--1024x609.jpg\" alt=\"\" class=\"wp-image-9674\" srcset=\"https:\/\/www.hummeren.no\/wp-content\/uploads\/2025\/03\/tapas--1024x609.jpg 1024w, https:\/\/www.hummeren.no\/wp-content\/uploads\/2025\/03\/tapas--300x178.jpg 300w, https:\/\/www.hummeren.no\/wp-content\/uploads\/2025\/03\/tapas-.jpg 1282w\" sizes=\"(max-width: 1024px) 100vw, 1024px\" \/><\/figure>    <h3 class=\"wp-block-heading\">Family lunch table<\/h3>    <p>We offer a family lunch table where young and old can enjoy themselves together. Here you'll find a varied selection of hot and cold dishes, tempting salads and delicious desserts - something for everyone. Combine good food with great sea views and a cosy atmosphere, perfect for a relaxing day with the family. <a href=\"https:\/\/www.hummeren.no\/en\/food-and-drink\/opening-hours-and-menu-in-the-restaurant\/\">See opening hours<\/a><\/p>    <p>&gt;&gt; <a href=\"https:\/\/www.hummeren.no\/en\/sunday-buffet-in-stavanger\/\">See also our Sunday buffet<\/a><\/p>    <figure class=\"wp-block-image size-large\"><img decoding=\"async\" width=\"1024\" height=\"876\" src=\"https:\/\/www.hummeren.no\/wp-content\/uploads\/2025\/03\/restauranten-1-1-e1742299677359-1024x876.jpg\" alt=\"\" class=\"wp-image-9814\" srcset=\"https:\/\/www.hummeren.no\/wp-content\/uploads\/2025\/03\/restauranten-1-1-e1742299677359-1024x876.jpg 1024w, https:\/\/www.hummeren.no\/wp-content\/uploads\/2025\/03\/restauranten-1-1-e1742299677359-300x257.jpg 300w, https:\/\/www.hummeren.no\/wp-content\/uploads\/2025\/03\/restauranten-1-1-e1742299677359.jpg 1280w\" sizes=\"(max-width: 1024px) 100vw, 1024px\" \/><\/figure>    <p><strong>See also:<\/strong><\/p>    <p>Table bookings are recommended. Please contact us by phone 51 69 40 00 or e-mail <a href=\"mailto:booking@hummeren.no\">booking@hummeren.no<\/a><\/p>","protected":false},"excerpt":{"rendered":"<p>Her handler det om mat som begeistrer \u2013 med ferske r\u00e5varer fra havet, klassiske smaker og moderne vrier. Nyt alt fra hummer og skalldyr til smakfulle sesongretter, servert i maritime omgivelser ved sj\u00f8en. V\u00e5r kj\u00f8kkensjef og hans stab utgj\u00f8r en meget viktig trivselsfaktor for v\u00e5re gjester. Hva med \u00e5 unne deg et uts\u00f8kt m\u00e5ltid av&hellip;<\/p>","protected":false},"author":3,"featured_media":9287,"parent":0,"menu_order":0,"comment_status":"closed","ping_status":"open","template":"","meta":{"footnotes":""},"class_list":["post-32","page","type-page","status-publish","has-post-thumbnail","hentry"],"yoast_head":"<!-- This site is optimized with the Yoast SEO plugin v27.5 - https:\/\/yoast.com\/product\/yoast-seo-wordpress\/ -->\n<title>Mat og drikke - Hummeren Hotell<\/title>\n<meta name=\"description\" content=\"Her handler det om mat som begeistrer \u2013 med ferske r\u00e5varer fra havet, klassiske smaker og moderne vrier. Smakfulle sesongretter.\" \/>\n<meta name=\"robots\" content=\"index, follow, max-snippet:-1, max-image-preview:large, max-video-preview:-1\" \/>\n<link rel=\"canonical\" href=\"https:\/\/www.hummeren.no\/en\/food-and-drink\/\" \/>\n<meta property=\"og:locale\" content=\"en_GB\" \/>\n<meta property=\"og:type\" content=\"article\" \/>\n<meta property=\"og:title\" content=\"Mat og drikke - Hummeren Hotell\" \/>\n<meta property=\"og:description\" content=\"Her handler det om mat som begeistrer \u2013 med ferske r\u00e5varer fra havet, klassiske smaker og moderne vrier. Smakfulle sesongretter.\" \/>\n<meta property=\"og:url\" content=\"https:\/\/www.hummeren.no\/en\/food-and-drink\/\" \/>\n<meta property=\"og:site_name\" content=\"Hummeren Hotell\" \/>\n<meta property=\"article:modified_time\" content=\"2025-05-02T11:41:25+00:00\" \/>\n<meta property=\"og:image\" content=\"https:\/\/www.hummeren.no\/wp-content\/uploads\/2025\/02\/selskap.jpg\" \/>\n\t<meta property=\"og:image:width\" content=\"1600\" \/>\n\t<meta property=\"og:image:height\" content=\"1350\" \/>\n\t<meta property=\"og:image:type\" content=\"image\/jpeg\" \/>\n<meta name=\"twitter:card\" content=\"summary_large_image\" \/>\n<meta name=\"twitter:label1\" content=\"Estimated reading time\" \/>\n\t<meta name=\"twitter:data1\" content=\"3 minutes\" \/>\n<script type=\"application\/ld+json\" class=\"yoast-schema-graph\">{\"@context\":\"https:\\\/\\\/schema.org\",\"@graph\":[{\"@type\":\"WebPage\",\"@id\":\"https:\\\/\\\/www.hummeren.no\\\/mat-og-drikke\\\/\",\"url\":\"https:\\\/\\\/www.hummeren.no\\\/mat-og-drikke\\\/\",\"name\":\"Mat og drikke - Hummeren Hotell\",\"isPartOf\":{\"@id\":\"https:\\\/\\\/www.hummeren.no\\\/#website\"},\"primaryImageOfPage\":{\"@id\":\"https:\\\/\\\/www.hummeren.no\\\/mat-og-drikke\\\/#primaryimage\"},\"image\":{\"@id\":\"https:\\\/\\\/www.hummeren.no\\\/mat-og-drikke\\\/#primaryimage\"},\"thumbnailUrl\":\"https:\\\/\\\/www.hummeren.no\\\/wp-content\\\/uploads\\\/2025\\\/02\\\/selskap.jpg\",\"datePublished\":\"2015-06-05T12:06:50+00:00\",\"dateModified\":\"2025-05-02T11:41:25+00:00\",\"description\":\"Her handler det om mat som begeistrer \u2013 med ferske r\u00e5varer fra havet, klassiske smaker og moderne vrier. Smakfulle sesongretter.\",\"breadcrumb\":{\"@id\":\"https:\\\/\\\/www.hummeren.no\\\/mat-og-drikke\\\/#breadcrumb\"},\"inLanguage\":\"en-GB\",\"potentialAction\":[{\"@type\":\"ReadAction\",\"target\":[\"https:\\\/\\\/www.hummeren.no\\\/mat-og-drikke\\\/\"]}]},{\"@type\":\"ImageObject\",\"inLanguage\":\"en-GB\",\"@id\":\"https:\\\/\\\/www.hummeren.no\\\/mat-og-drikke\\\/#primaryimage\",\"url\":\"https:\\\/\\\/www.hummeren.no\\\/wp-content\\\/uploads\\\/2025\\\/02\\\/selskap.jpg\",\"contentUrl\":\"https:\\\/\\\/www.hummeren.no\\\/wp-content\\\/uploads\\\/2025\\\/02\\\/selskap.jpg\",\"width\":1600,\"height\":1350,\"caption\":\"Selskap\"},{\"@type\":\"BreadcrumbList\",\"@id\":\"https:\\\/\\\/www.hummeren.no\\\/mat-og-drikke\\\/#breadcrumb\",\"itemListElement\":[{\"@type\":\"ListItem\",\"position\":1,\"name\":\"Hjem\",\"item\":\"https:\\\/\\\/www.hummeren.no\\\/\"},{\"@type\":\"ListItem\",\"position\":2,\"name\":\"Mat og drikke\"}]},{\"@type\":\"WebSite\",\"@id\":\"https:\\\/\\\/www.hummeren.no\\\/#website\",\"url\":\"https:\\\/\\\/www.hummeren.no\\\/\",\"name\":\"Hummeren Hotell\",\"description\":\"Kurs, konferanse, hotell, restaurant og selskap\",\"publisher\":{\"@id\":\"https:\\\/\\\/www.hummeren.no\\\/#organization\"},\"potentialAction\":[{\"@type\":\"SearchAction\",\"target\":{\"@type\":\"EntryPoint\",\"urlTemplate\":\"https:\\\/\\\/www.hummeren.no\\\/?s={search_term_string}\"},\"query-input\":{\"@type\":\"PropertyValueSpecification\",\"valueRequired\":true,\"valueName\":\"search_term_string\"}}],\"inLanguage\":\"en-GB\"},{\"@type\":\"Organization\",\"@id\":\"https:\\\/\\\/www.hummeren.no\\\/#organization\",\"name\":\"Hummeren Hotell\",\"url\":\"https:\\\/\\\/www.hummeren.no\\\/\",\"logo\":{\"@type\":\"ImageObject\",\"inLanguage\":\"en-GB\",\"@id\":\"https:\\\/\\\/www.hummeren.no\\\/#\\\/schema\\\/logo\\\/image\\\/\",\"url\":\"https:\\\/\\\/www.hummeren.no\\\/wp-content\\\/uploads\\\/2015\\\/09\\\/Hummeren-_Hotell_Logo.jpg\",\"contentUrl\":\"https:\\\/\\\/www.hummeren.no\\\/wp-content\\\/uploads\\\/2015\\\/09\\\/Hummeren-_Hotell_Logo.jpg\",\"width\":293,\"height\":65,\"caption\":\"Hummeren Hotell\"},\"image\":{\"@id\":\"https:\\\/\\\/www.hummeren.no\\\/#\\\/schema\\\/logo\\\/image\\\/\"}}]}<\/script>\n<!-- \/ Yoast SEO plugin. -->","yoast_head_json":{"title":"Food and drink - Hummeren Hotell","description":"It's all about food that excites - with fresh ingredients from the sea, classic flavours and modern twists. Flavourful seasonal dishes.","robots":{"index":"index","follow":"follow","max-snippet":"max-snippet:-1","max-image-preview":"max-image-preview:large","max-video-preview":"max-video-preview:-1"},"canonical":"https:\/\/www.hummeren.no\/en\/food-and-drink\/","og_locale":"en_GB","og_type":"article","og_title":"Mat og drikke - Hummeren Hotell","og_description":"Her handler det om mat som begeistrer \u2013 med ferske r\u00e5varer fra havet, klassiske smaker og moderne vrier. Smakfulle sesongretter.","og_url":"https:\/\/www.hummeren.no\/en\/food-and-drink\/","og_site_name":"Hummeren Hotell","article_modified_time":"2025-05-02T11:41:25+00:00","og_image":[{"width":1600,"height":1350,"url":"https:\/\/www.hummeren.no\/wp-content\/uploads\/2025\/02\/selskap.jpg","type":"image\/jpeg"}],"twitter_card":"summary_large_image","twitter_misc":{"Estimated reading time":"3 minutes"},"schema":{"@context":"https:\/\/schema.org","@graph":[{"@type":"WebPage","@id":"https:\/\/www.hummeren.no\/mat-og-drikke\/","url":"https:\/\/www.hummeren.no\/mat-og-drikke\/","name":"Food and drink - Hummeren Hotell","isPartOf":{"@id":"https:\/\/www.hummeren.no\/#website"},"primaryImageOfPage":{"@id":"https:\/\/www.hummeren.no\/mat-og-drikke\/#primaryimage"},"image":{"@id":"https:\/\/www.hummeren.no\/mat-og-drikke\/#primaryimage"},"thumbnailUrl":"https:\/\/www.hummeren.no\/wp-content\/uploads\/2025\/02\/selskap.jpg","datePublished":"2015-06-05T12:06:50+00:00","dateModified":"2025-05-02T11:41:25+00:00","description":"It's all about food that excites - with fresh ingredients from the sea, classic flavours and modern twists. Flavourful seasonal dishes.","breadcrumb":{"@id":"https:\/\/www.hummeren.no\/mat-og-drikke\/#breadcrumb"},"inLanguage":"en-GB","potentialAction":[{"@type":"ReadAction","target":["https:\/\/www.hummeren.no\/mat-og-drikke\/"]}]},{"@type":"ImageObject","inLanguage":"en-GB","@id":"https:\/\/www.hummeren.no\/mat-og-drikke\/#primaryimage","url":"https:\/\/www.hummeren.no\/wp-content\/uploads\/2025\/02\/selskap.jpg","contentUrl":"https:\/\/www.hummeren.no\/wp-content\/uploads\/2025\/02\/selskap.jpg","width":1600,"height":1350,"caption":"Selskap"},{"@type":"BreadcrumbList","@id":"https:\/\/www.hummeren.no\/mat-og-drikke\/#breadcrumb","itemListElement":[{"@type":"ListItem","position":1,"name":"Hjem","item":"https:\/\/www.hummeren.no\/"},{"@type":"ListItem","position":2,"name":"Mat og drikke"}]},{"@type":"WebSite","@id":"https:\/\/www.hummeren.no\/#website","url":"https:\/\/www.hummeren.no\/","name":"Hummeren Hotel","description":"Courses, conferences, hotels, restaurants and companies","publisher":{"@id":"https:\/\/www.hummeren.no\/#organization"},"potentialAction":[{"@type":"SearchAction","target":{"@type":"EntryPoint","urlTemplate":"https:\/\/www.hummeren.no\/?s={search_term_string}"},"query-input":{"@type":"PropertyValueSpecification","valueRequired":true,"valueName":"search_term_string"}}],"inLanguage":"en-GB"},{"@type":"Organization","@id":"https:\/\/www.hummeren.no\/#organization","name":"Hummeren Hotel","url":"https:\/\/www.hummeren.no\/","logo":{"@type":"ImageObject","inLanguage":"en-GB","@id":"https:\/\/www.hummeren.no\/#\/schema\/logo\/image\/","url":"https:\/\/www.hummeren.no\/wp-content\/uploads\/2015\/09\/Hummeren-_Hotell_Logo.jpg","contentUrl":"https:\/\/www.hummeren.no\/wp-content\/uploads\/2015\/09\/Hummeren-_Hotell_Logo.jpg","width":293,"height":65,"caption":"Hummeren Hotell"},"image":{"@id":"https:\/\/www.hummeren.no\/#\/schema\/logo\/image\/"}}]}},"_links":{"self":[{"href":"https:\/\/www.hummeren.no\/en\/wp-json\/wp\/v2\/pages\/32","targetHints":{"allow":["GET"]}}],"collection":[{"href":"https:\/\/www.hummeren.no\/en\/wp-json\/wp\/v2\/pages"}],"about":[{"href":"https:\/\/www.hummeren.no\/en\/wp-json\/wp\/v2\/types\/page"}],"author":[{"embeddable":true,"href":"https:\/\/www.hummeren.no\/en\/wp-json\/wp\/v2\/users\/3"}],"replies":[{"embeddable":true,"href":"https:\/\/www.hummeren.no\/en\/wp-json\/wp\/v2\/comments?post=32"}],"version-history":[{"count":26,"href":"https:\/\/www.hummeren.no\/en\/wp-json\/wp\/v2\/pages\/32\/revisions"}],"predecessor-version":[{"id":10133,"href":"https:\/\/www.hummeren.no\/en\/wp-json\/wp\/v2\/pages\/32\/revisions\/10133"}],"wp:featuredmedia":[{"embeddable":true,"href":"https:\/\/www.hummeren.no\/en\/wp-json\/wp\/v2\/media\/9287"}],"wp:attachment":[{"href":"https:\/\/www.hummeren.no\/en\/wp-json\/wp\/v2\/media?parent=32"}],"curies":[{"name":"wp","href":"https:\/\/api.w.org\/{rel}","templated":true}]}}