{"id":34,"date":"2015-06-05T14:06:59","date_gmt":"2015-06-05T12:06:59","guid":{"rendered":"https:\/\/www-hummeren.wp1.hcweb.dev\/?page_id=34"},"modified":"2025-03-26T15:46:49","modified_gmt":"2025-03-26T14:46:49","slug":"hotel-rooms-in-stavanger","status":"publish","type":"page","link":"https:\/\/www.hummeren.no\/en\/hotellrom-i-stavanger\/","title":{"rendered":"Hotel rooms in Stavanger"},"content":{"rendered":"<h2 class=\"wp-block-heading\">Welcome to a comfortable stay with us.<\/h2>    <p>We offer 30 cosy and well-equipped hotel rooms, suitable for families, couples and business travellers.<\/p>    <h3 class=\"wp-block-heading\">Rooms for every occasion<\/h3>    <p>Our largest rooms are spacious and inviting, with both a bathtub and a cosy seating area. These rooms are perfect for families or for those who want a little extra comfort and space during their stay.<\/p>    <div class=\"wp-block-buttons is-layout-flex wp-block-buttons-is-layout-flex\"> <div class=\"wp-block-button is-style-fill\"><a class=\"wp-block-button__link has-fl-body-bg-color has-text-color has-background has-link-color wp-element-button\" href=\"https:\/\/be.synxis.com\/?adult=1&amp&arrive=2025-03-21&amp&chain=19281&amp&child=0&amp&currency=NOK&amp&depart=2025-03-22&amp&hotel=16082&amp&level=hotel&amp&locale=nb-NO&amp&productcurrency=NOK&amp&rooms=1\" style=\"border-radius:0px;background-color:#c58c61\">Book a room<\/a><\/div> <\/div>    <h3 class=\"wp-block-heading\">Comfort and convenience in every room<\/h3>    <p>All our rooms are carefully furnished to ensure a comfortable and convenient experience. Here you will find:<\/p>    <ul class=\"wp-block-list\"> <li>Private bathroom with shower and toilet<\/li>    <li>Multi-channel TV for entertainment<\/li>    <li>Desk and phone for both work and play<\/li>    <li>Free wireless internet, so you can always be connected<\/li>    <li>Free car parking<\/li> <\/ul>    <h3 class=\"wp-block-heading\">View of the sea<\/h3>    <p>Several of our rooms also have a private terrace with beautiful sea views - perfect for enjoying your morning coffee or relaxing with a beautiful sunset after a long day.<\/p>    <figure class=\"wp-block-video\"><video height=\"1920\" style=\"aspect-ratio: 1080 \/ 1920;\" width=\"1080\" controls loop muted src=\"https:\/\/www.hummeren.no\/wp-content\/uploads\/2025\/03\/rom-hummeren.mp4\"><\/video><figcaption class=\"wp-element-caption\">Hotel rooms in Stavanger<\/figcaption><\/figure>    <p>Whether you're passing through, on a weekend break or on holiday with your family, we welcome you to a comfortable stay with us!<\/p>    <p><strong>Give us a call<\/strong> on the phone <a href=\"tel:004751694000\">51 69 40 00<\/a> or\u00a0<strong>e-mail<\/strong>\u00a0<a href=\"mailto:booking@hummeren.no\">booking@hummeren.no<\/a>.<\/p>","protected":false},"excerpt":{"rendered":"<p>Velkommen til et komfortabelt opphold hos oss. Vi kan tilby 30 hyggelige og velutstyrte hotellrom, tilpasset b\u00e5de familier, par og forretningsreisende. Rom for enhver anledning V\u00e5re st\u00f8rste rom er romslige og innbydende, med b\u00e5de badekar og en koselig sittegruppe. Disse rommene egner seg perfekt for familier eller for de som \u00f8nsker litt ekstra komfort og&hellip;<\/p>","protected":false},"author":3,"featured_media":9454,"parent":0,"menu_order":0,"comment_status":"closed","ping_status":"closed","template":"","meta":{"footnotes":""},"class_list":["post-34","page","type-page","status-publish","has-post-thumbnail","hentry"],"yoast_head":"<!-- This site is optimized with the Yoast SEO plugin v27.5 - https:\/\/yoast.com\/product\/yoast-seo-wordpress\/ -->\n<title>Hotellrom i Stavanger - Hummeren Hotell<\/title>\n<meta name=\"description\" content=\"Vi kan tilby 30 hyggelige og velutstyrte hotellrom, tilpasset b\u00e5de familier, par og forretningsreisende.\" \/>\n<meta name=\"robots\" content=\"index, follow, max-snippet:-1, max-image-preview:large, max-video-preview:-1\" \/>\n<link rel=\"canonical\" href=\"https:\/\/www.hummeren.no\/en\/hotel-rooms-in-stavanger\/\" \/>\n<meta property=\"og:locale\" content=\"en_GB\" \/>\n<meta property=\"og:type\" content=\"article\" \/>\n<meta property=\"og:title\" content=\"Hotellrom i Stavanger - Hummeren Hotell\" \/>\n<meta property=\"og:description\" content=\"Vi kan tilby 30 hyggelige og velutstyrte hotellrom, tilpasset b\u00e5de familier, par og forretningsreisende.\" \/>\n<meta property=\"og:url\" content=\"https:\/\/www.hummeren.no\/en\/hotel-rooms-in-stavanger\/\" \/>\n<meta property=\"og:site_name\" content=\"Hummeren Hotell\" \/>\n<meta property=\"article:modified_time\" content=\"2025-03-26T14:46:49+00:00\" \/>\n<meta property=\"og:image\" content=\"https:\/\/www.hummeren.no\/wp-content\/uploads\/2025\/03\/rom.jpg\" \/>\n\t<meta property=\"og:image:width\" content=\"768\" \/>\n\t<meta property=\"og:image:height\" content=\"960\" \/>\n\t<meta property=\"og:image:type\" content=\"image\/jpeg\" \/>\n<meta name=\"twitter:card\" content=\"summary_large_image\" \/>\n<meta name=\"twitter:label1\" content=\"Estimated reading time\" \/>\n\t<meta name=\"twitter:data1\" content=\"2 minutes\" \/>\n<script type=\"application\/ld+json\" class=\"yoast-schema-graph\">{\"@context\":\"https:\\\/\\\/schema.org\",\"@graph\":[{\"@type\":\"WebPage\",\"@id\":\"https:\\\/\\\/www.hummeren.no\\\/hotellrom-i-stavanger\\\/\",\"url\":\"https:\\\/\\\/www.hummeren.no\\\/hotellrom-i-stavanger\\\/\",\"name\":\"Hotellrom i Stavanger - Hummeren Hotell\",\"isPartOf\":{\"@id\":\"https:\\\/\\\/www.hummeren.no\\\/#website\"},\"primaryImageOfPage\":{\"@id\":\"https:\\\/\\\/www.hummeren.no\\\/hotellrom-i-stavanger\\\/#primaryimage\"},\"image\":{\"@id\":\"https:\\\/\\\/www.hummeren.no\\\/hotellrom-i-stavanger\\\/#primaryimage\"},\"thumbnailUrl\":\"https:\\\/\\\/www.hummeren.no\\\/wp-content\\\/uploads\\\/2025\\\/03\\\/rom.jpg\",\"datePublished\":\"2015-06-05T12:06:59+00:00\",\"dateModified\":\"2025-03-26T14:46:49+00:00\",\"description\":\"Vi kan tilby 30 hyggelige og velutstyrte hotellrom, tilpasset b\u00e5de familier, par og forretningsreisende.\",\"breadcrumb\":{\"@id\":\"https:\\\/\\\/www.hummeren.no\\\/hotellrom-i-stavanger\\\/#breadcrumb\"},\"inLanguage\":\"en-GB\",\"potentialAction\":[{\"@type\":\"ReadAction\",\"target\":[\"https:\\\/\\\/www.hummeren.no\\\/hotellrom-i-stavanger\\\/\"]}]},{\"@type\":\"ImageObject\",\"inLanguage\":\"en-GB\",\"@id\":\"https:\\\/\\\/www.hummeren.no\\\/hotellrom-i-stavanger\\\/#primaryimage\",\"url\":\"https:\\\/\\\/www.hummeren.no\\\/wp-content\\\/uploads\\\/2025\\\/03\\\/rom.jpg\",\"contentUrl\":\"https:\\\/\\\/www.hummeren.no\\\/wp-content\\\/uploads\\\/2025\\\/03\\\/rom.jpg\",\"width\":768,\"height\":960,\"caption\":\"Hotellrom i Stavanger\"},{\"@type\":\"BreadcrumbList\",\"@id\":\"https:\\\/\\\/www.hummeren.no\\\/hotellrom-i-stavanger\\\/#breadcrumb\",\"itemListElement\":[{\"@type\":\"ListItem\",\"position\":1,\"name\":\"Hjem\",\"item\":\"https:\\\/\\\/www.hummeren.no\\\/\"},{\"@type\":\"ListItem\",\"position\":2,\"name\":\"Hotellrom i Stavanger\"}]},{\"@type\":\"WebSite\",\"@id\":\"https:\\\/\\\/www.hummeren.no\\\/#website\",\"url\":\"https:\\\/\\\/www.hummeren.no\\\/\",\"name\":\"Hummeren Hotell\",\"description\":\"Kurs, konferanse, hotell, restaurant og selskap\",\"publisher\":{\"@id\":\"https:\\\/\\\/www.hummeren.no\\\/#organization\"},\"potentialAction\":[{\"@type\":\"SearchAction\",\"target\":{\"@type\":\"EntryPoint\",\"urlTemplate\":\"https:\\\/\\\/www.hummeren.no\\\/?s={search_term_string}\"},\"query-input\":{\"@type\":\"PropertyValueSpecification\",\"valueRequired\":true,\"valueName\":\"search_term_string\"}}],\"inLanguage\":\"en-GB\"},{\"@type\":\"Organization\",\"@id\":\"https:\\\/\\\/www.hummeren.no\\\/#organization\",\"name\":\"Hummeren Hotell\",\"url\":\"https:\\\/\\\/www.hummeren.no\\\/\",\"logo\":{\"@type\":\"ImageObject\",\"inLanguage\":\"en-GB\",\"@id\":\"https:\\\/\\\/www.hummeren.no\\\/#\\\/schema\\\/logo\\\/image\\\/\",\"url\":\"https:\\\/\\\/www.hummeren.no\\\/wp-content\\\/uploads\\\/2015\\\/09\\\/Hummeren-_Hotell_Logo.jpg\",\"contentUrl\":\"https:\\\/\\\/www.hummeren.no\\\/wp-content\\\/uploads\\\/2015\\\/09\\\/Hummeren-_Hotell_Logo.jpg\",\"width\":293,\"height\":65,\"caption\":\"Hummeren Hotell\"},\"image\":{\"@id\":\"https:\\\/\\\/www.hummeren.no\\\/#\\\/schema\\\/logo\\\/image\\\/\"}}]}<\/script>\n<!-- \/ Yoast SEO plugin. -->","yoast_head_json":{"title":"Hotel rooms in Stavanger - Hummeren Hotel","description":"We offer 30 cosy and well-equipped hotel rooms, suitable for families, couples and business travellers.","robots":{"index":"index","follow":"follow","max-snippet":"max-snippet:-1","max-image-preview":"max-image-preview:large","max-video-preview":"max-video-preview:-1"},"canonical":"https:\/\/www.hummeren.no\/en\/hotel-rooms-in-stavanger\/","og_locale":"en_GB","og_type":"article","og_title":"Hotellrom i Stavanger - Hummeren Hotell","og_description":"Vi kan tilby 30 hyggelige og velutstyrte hotellrom, tilpasset b\u00e5de familier, par og forretningsreisende.","og_url":"https:\/\/www.hummeren.no\/en\/hotel-rooms-in-stavanger\/","og_site_name":"Hummeren Hotell","article_modified_time":"2025-03-26T14:46:49+00:00","og_image":[{"width":768,"height":960,"url":"https:\/\/www.hummeren.no\/wp-content\/uploads\/2025\/03\/rom.jpg","type":"image\/jpeg"}],"twitter_card":"summary_large_image","twitter_misc":{"Estimated reading time":"2 minutes"},"schema":{"@context":"https:\/\/schema.org","@graph":[{"@type":"WebPage","@id":"https:\/\/www.hummeren.no\/hotellrom-i-stavanger\/","url":"https:\/\/www.hummeren.no\/hotellrom-i-stavanger\/","name":"Hotel rooms in Stavanger - Hummeren Hotel","isPartOf":{"@id":"https:\/\/www.hummeren.no\/#website"},"primaryImageOfPage":{"@id":"https:\/\/www.hummeren.no\/hotellrom-i-stavanger\/#primaryimage"},"image":{"@id":"https:\/\/www.hummeren.no\/hotellrom-i-stavanger\/#primaryimage"},"thumbnailUrl":"https:\/\/www.hummeren.no\/wp-content\/uploads\/2025\/03\/rom.jpg","datePublished":"2015-06-05T12:06:59+00:00","dateModified":"2025-03-26T14:46:49+00:00","description":"We offer 30 cosy and well-equipped hotel rooms, suitable for families, couples and business travellers.","breadcrumb":{"@id":"https:\/\/www.hummeren.no\/hotellrom-i-stavanger\/#breadcrumb"},"inLanguage":"en-GB","potentialAction":[{"@type":"ReadAction","target":["https:\/\/www.hummeren.no\/hotellrom-i-stavanger\/"]}]},{"@type":"ImageObject","inLanguage":"en-GB","@id":"https:\/\/www.hummeren.no\/hotellrom-i-stavanger\/#primaryimage","url":"https:\/\/www.hummeren.no\/wp-content\/uploads\/2025\/03\/rom.jpg","contentUrl":"https:\/\/www.hummeren.no\/wp-content\/uploads\/2025\/03\/rom.jpg","width":768,"height":960,"caption":"Hotellrom i Stavanger"},{"@type":"BreadcrumbList","@id":"https:\/\/www.hummeren.no\/hotellrom-i-stavanger\/#breadcrumb","itemListElement":[{"@type":"ListItem","position":1,"name":"Hjem","item":"https:\/\/www.hummeren.no\/"},{"@type":"ListItem","position":2,"name":"Hotellrom i Stavanger"}]},{"@type":"WebSite","@id":"https:\/\/www.hummeren.no\/#website","url":"https:\/\/www.hummeren.no\/","name":"Hummeren Hotel","description":"Courses, conferences, hotels, restaurants and companies","publisher":{"@id":"https:\/\/www.hummeren.no\/#organization"},"potentialAction":[{"@type":"SearchAction","target":{"@type":"EntryPoint","urlTemplate":"https:\/\/www.hummeren.no\/?s={search_term_string}"},"query-input":{"@type":"PropertyValueSpecification","valueRequired":true,"valueName":"search_term_string"}}],"inLanguage":"en-GB"},{"@type":"Organization","@id":"https:\/\/www.hummeren.no\/#organization","name":"Hummeren Hotel","url":"https:\/\/www.hummeren.no\/","logo":{"@type":"ImageObject","inLanguage":"en-GB","@id":"https:\/\/www.hummeren.no\/#\/schema\/logo\/image\/","url":"https:\/\/www.hummeren.no\/wp-content\/uploads\/2015\/09\/Hummeren-_Hotell_Logo.jpg","contentUrl":"https:\/\/www.hummeren.no\/wp-content\/uploads\/2015\/09\/Hummeren-_Hotell_Logo.jpg","width":293,"height":65,"caption":"Hummeren Hotell"},"image":{"@id":"https:\/\/www.hummeren.no\/#\/schema\/logo\/image\/"}}]}},"_links":{"self":[{"href":"https:\/\/www.hummeren.no\/en\/wp-json\/wp\/v2\/pages\/34","targetHints":{"allow":["GET"]}}],"collection":[{"href":"https:\/\/www.hummeren.no\/en\/wp-json\/wp\/v2\/pages"}],"about":[{"href":"https:\/\/www.hummeren.no\/en\/wp-json\/wp\/v2\/types\/page"}],"author":[{"embeddable":true,"href":"https:\/\/www.hummeren.no\/en\/wp-json\/wp\/v2\/users\/3"}],"replies":[{"embeddable":true,"href":"https:\/\/www.hummeren.no\/en\/wp-json\/wp\/v2\/comments?post=34"}],"version-history":[{"count":17,"href":"https:\/\/www.hummeren.no\/en\/wp-json\/wp\/v2\/pages\/34\/revisions"}],"predecessor-version":[{"id":10071,"href":"https:\/\/www.hummeren.no\/en\/wp-json\/wp\/v2\/pages\/34\/revisions\/10071"}],"wp:featuredmedia":[{"embeddable":true,"href":"https:\/\/www.hummeren.no\/en\/wp-json\/wp\/v2\/media\/9454"}],"wp:attachment":[{"href":"https:\/\/www.hummeren.no\/en\/wp-json\/wp\/v2\/media?parent=34"}],"curies":[{"name":"wp","href":"https:\/\/api.w.org\/{rel}","templated":true}]}}