{"id":36,"date":"2015-06-05T14:07:25","date_gmt":"2015-06-05T12:07:25","guid":{"rendered":"https:\/\/www-hummeren.wp1.hcweb.dev\/?page_id=36"},"modified":"2025-03-18T07:56:08","modified_gmt":"2025-03-18T06:56:08","slug":"deep-sea-fishing-activities","status":"publish","type":"page","link":"https:\/\/www.hummeren.no\/en\/havfiske-aktiviteter\/","title":{"rendered":"Sea fishing &amp; activities"},"content":{"rendered":"<p>We collaborate with Stavanger Deep Sea Fishing Club (<a href=\"http:\/\/www.sdsfc.no\" target=\"_blank\" rel=\"noopener noreferrer\">www.sdsfc.no<\/a>) and Tananger B\u00e5t AS to be able to offer the complete fishing experience for small and large groups outside Tananger.<\/p>\n<p><em>See video from deep sea fishing below:<\/em><\/p>\n<p><iframe loading=\"lazy\" src=\"https:\/\/player.vimeo.com\/video\/158729507\" width=\"500\" height=\"281\" frameborder=\"0\" allowfullscreen=\"allowfullscreen\"><\/iframe><\/p>\n<p>The boats used have room for 12 people per boat.<\/p>\n<div id=\"attachment_344\" style=\"width: 310px\" class=\"wp-caption alignleft\"><a href=\"https:\/\/www.hummeren.no\/wp-content\/uploads\/2015\/06\/doffen-havfiske.jpg\"><img decoding=\"async\" aria-describedby=\"caption-attachment-344\" class=\"size-medium wp-image-344\" src=\"https:\/\/www.hummeren.no\/wp-content\/uploads\/2015\/06\/doffen-havfiske-300x183.jpg\" alt=\"Doffen - from 4 to 12 people.\" width=\"300\" height=\"183\" srcset=\"https:\/\/www.hummeren.no\/wp-content\/uploads\/2015\/06\/doffen-havfiske-300x183.jpg 300w, https:\/\/www.hummeren.no\/wp-content\/uploads\/2015\/06\/doffen-havfiske-1024x625.jpg 1024w, https:\/\/www.hummeren.no\/wp-content\/uploads\/2015\/06\/doffen-havfiske-250x153.jpg 250w, https:\/\/www.hummeren.no\/wp-content\/uploads\/2015\/06\/doffen-havfiske.jpg 1200w\" sizes=\"(max-width: 300px) 100vw, 300px\" \/><\/a><p id=\"caption-attachment-344\" class=\"wp-caption-text\">Doffen - from 4 to 12 people.<\/p><\/div>\n<p>Fishing equipment and bait are in place. Food and beverages for the sea fishermen are delivered on request from the hotel's solid kitchen.<\/p>\n<p>In collaboration with local organisers\/teams, we can also arrange activities and unique experiences:<\/p>\n<ul>\n<li>Guided tour and history at Kystkultursamlingen in Tananger<\/li>\n<li>Tour of Tananger with your own guide.<\/li>\n<li>See Risavika Harbour from the sea<\/li>\n<li>Boat trip to Rott with your own guide<\/li>\n<li>Canoe trip at the Sea Scouts<\/li>\n<li>Learn to splice ropes<\/li>\n<li>We customise according to your wishes and in collaboration with professional activity planners<\/li>\n<\/ul>\n<div><\/div>\n<div><strong>Get in touch<\/strong> contact us today for further information and prices on telephone 51 69 40 00. Ask for Roar or Liv.<\/div>","protected":false},"excerpt":{"rendered":"<p>Vi samarbeider med Stavanger Deep Sea Fishing Club (www.sdsfc.no) og Tananger B\u00e5t AS om \u00e5 kunne tilby den komplette fiskeopplevelse for sm\u00e5 og store grupper utenfor Tananger. Se video fra havfiske under: B\u00e5tene som brukes har plass til 12 personer pr. b\u00e5t. Fiskeutstyr og agn er p\u00e5 plass. Mat og drikke til havfiskerne leveres etter&hellip;<\/p>","protected":false},"author":3,"featured_media":20,"parent":0,"menu_order":0,"comment_status":"closed","ping_status":"open","template":"","meta":{"footnotes":""},"class_list":["post-36","page","type-page","status-publish","has-post-thumbnail","hentry"],"yoast_head":"<!-- This site is optimized with the Yoast SEO plugin v27.4 - https:\/\/yoast.com\/product\/yoast-seo-wordpress\/ -->\n<title>Havfiske &amp; aktiviteter - Hummeren Hotell<\/title>\n<meta name=\"description\" content=\"Vi samarbeider med Stavanger Deep Sea Fishing Club (www.sdsfc.no) og Tananger B\u00e5t AS om \u00e5 kunne tilby den komplette fiskeopplevelse for sm\u00e5 og store grupper utenfor Tananger.\" \/>\n<meta name=\"robots\" content=\"index, follow, max-snippet:-1, max-image-preview:large, max-video-preview:-1\" \/>\n<link rel=\"canonical\" href=\"https:\/\/www.hummeren.no\/en\/deep-sea-fishing-activities\/\" \/>\n<meta property=\"og:locale\" content=\"en_GB\" \/>\n<meta property=\"og:type\" content=\"article\" \/>\n<meta property=\"og:title\" content=\"Havfiske &amp; aktiviteter - Hummeren Hotell\" \/>\n<meta property=\"og:description\" content=\"Vi samarbeider med Stavanger Deep Sea Fishing Club (www.sdsfc.no) og Tananger B\u00e5t AS om \u00e5 kunne tilby den komplette fiskeopplevelse for sm\u00e5 og store grupper utenfor Tananger.\" \/>\n<meta property=\"og:url\" content=\"https:\/\/www.hummeren.no\/en\/deep-sea-fishing-activities\/\" \/>\n<meta property=\"og:site_name\" content=\"Hummeren Hotell\" \/>\n<meta property=\"article:modified_time\" content=\"2025-03-18T06:56:08+00:00\" \/>\n<meta property=\"og:image\" content=\"https:\/\/www.hummeren.no\/wp-content\/uploads\/2015\/06\/hummeren-fiske.jpg\" \/>\n\t<meta property=\"og:image:width\" content=\"1920\" \/>\n\t<meta property=\"og:image:height\" content=\"600\" \/>\n\t<meta property=\"og:image:type\" content=\"image\/jpeg\" \/>\n<meta name=\"twitter:card\" content=\"summary_large_image\" \/>\n<meta name=\"twitter:label1\" content=\"Estimated reading time\" \/>\n\t<meta name=\"twitter:data1\" content=\"2 minutes\" \/>\n<script type=\"application\/ld+json\" class=\"yoast-schema-graph\">{\"@context\":\"https:\\\/\\\/schema.org\",\"@graph\":[{\"@type\":\"WebPage\",\"@id\":\"https:\\\/\\\/www.hummeren.no\\\/havfiske-aktiviteter\\\/\",\"url\":\"https:\\\/\\\/www.hummeren.no\\\/havfiske-aktiviteter\\\/\",\"name\":\"Havfiske & aktiviteter - Hummeren Hotell\",\"isPartOf\":{\"@id\":\"https:\\\/\\\/www.hummeren.no\\\/#website\"},\"primaryImageOfPage\":{\"@id\":\"https:\\\/\\\/www.hummeren.no\\\/havfiske-aktiviteter\\\/#primaryimage\"},\"image\":{\"@id\":\"https:\\\/\\\/www.hummeren.no\\\/havfiske-aktiviteter\\\/#primaryimage\"},\"thumbnailUrl\":\"https:\\\/\\\/www.hummeren.no\\\/wp-content\\\/uploads\\\/2015\\\/06\\\/hummeren-fiske.jpg\",\"datePublished\":\"2015-06-05T12:07:25+00:00\",\"dateModified\":\"2025-03-18T06:56:08+00:00\",\"description\":\"Vi samarbeider med Stavanger Deep Sea Fishing Club (www.sdsfc.no) og Tananger B\u00e5t AS om \u00e5 kunne tilby den komplette fiskeopplevelse for sm\u00e5 og store grupper utenfor Tananger.\",\"breadcrumb\":{\"@id\":\"https:\\\/\\\/www.hummeren.no\\\/havfiske-aktiviteter\\\/#breadcrumb\"},\"inLanguage\":\"en-GB\",\"potentialAction\":[{\"@type\":\"ReadAction\",\"target\":[\"https:\\\/\\\/www.hummeren.no\\\/havfiske-aktiviteter\\\/\"]}]},{\"@type\":\"ImageObject\",\"inLanguage\":\"en-GB\",\"@id\":\"https:\\\/\\\/www.hummeren.no\\\/havfiske-aktiviteter\\\/#primaryimage\",\"url\":\"https:\\\/\\\/www.hummeren.no\\\/wp-content\\\/uploads\\\/2015\\\/06\\\/hummeren-fiske.jpg\",\"contentUrl\":\"https:\\\/\\\/www.hummeren.no\\\/wp-content\\\/uploads\\\/2015\\\/06\\\/hummeren-fiske.jpg\",\"width\":1920,\"height\":600},{\"@type\":\"BreadcrumbList\",\"@id\":\"https:\\\/\\\/www.hummeren.no\\\/havfiske-aktiviteter\\\/#breadcrumb\",\"itemListElement\":[{\"@type\":\"ListItem\",\"position\":1,\"name\":\"Hjem\",\"item\":\"https:\\\/\\\/www.hummeren.no\\\/\"},{\"@type\":\"ListItem\",\"position\":2,\"name\":\"Havfiske &#038; aktiviteter\"}]},{\"@type\":\"WebSite\",\"@id\":\"https:\\\/\\\/www.hummeren.no\\\/#website\",\"url\":\"https:\\\/\\\/www.hummeren.no\\\/\",\"name\":\"Hummeren Hotell\",\"description\":\"Kurs, konferanse, hotell, restaurant og selskap\",\"publisher\":{\"@id\":\"https:\\\/\\\/www.hummeren.no\\\/#organization\"},\"potentialAction\":[{\"@type\":\"SearchAction\",\"target\":{\"@type\":\"EntryPoint\",\"urlTemplate\":\"https:\\\/\\\/www.hummeren.no\\\/?s={search_term_string}\"},\"query-input\":{\"@type\":\"PropertyValueSpecification\",\"valueRequired\":true,\"valueName\":\"search_term_string\"}}],\"inLanguage\":\"en-GB\"},{\"@type\":\"Organization\",\"@id\":\"https:\\\/\\\/www.hummeren.no\\\/#organization\",\"name\":\"Hummeren Hotell\",\"url\":\"https:\\\/\\\/www.hummeren.no\\\/\",\"logo\":{\"@type\":\"ImageObject\",\"inLanguage\":\"en-GB\",\"@id\":\"https:\\\/\\\/www.hummeren.no\\\/#\\\/schema\\\/logo\\\/image\\\/\",\"url\":\"https:\\\/\\\/www.hummeren.no\\\/wp-content\\\/uploads\\\/2015\\\/09\\\/Hummeren-_Hotell_Logo.jpg\",\"contentUrl\":\"https:\\\/\\\/www.hummeren.no\\\/wp-content\\\/uploads\\\/2015\\\/09\\\/Hummeren-_Hotell_Logo.jpg\",\"width\":293,\"height\":65,\"caption\":\"Hummeren Hotell\"},\"image\":{\"@id\":\"https:\\\/\\\/www.hummeren.no\\\/#\\\/schema\\\/logo\\\/image\\\/\"}}]}<\/script>\n<!-- \/ Yoast SEO plugin. -->","yoast_head_json":{"title":"Sea fishing &amp; activities - Hummeren Hotell","description":"We collaborate with Stavanger Deep Sea Fishing Club (www.sdsfc.no) and Tananger B\u00e5t AS to offer the complete fishing experience for small and large groups outside Tananger.","robots":{"index":"index","follow":"follow","max-snippet":"max-snippet:-1","max-image-preview":"max-image-preview:large","max-video-preview":"max-video-preview:-1"},"canonical":"https:\/\/www.hummeren.no\/en\/deep-sea-fishing-activities\/","og_locale":"en_GB","og_type":"article","og_title":"Havfiske & aktiviteter - Hummeren Hotell","og_description":"Vi samarbeider med Stavanger Deep Sea Fishing Club (www.sdsfc.no) og Tananger B\u00e5t AS om \u00e5 kunne tilby den komplette fiskeopplevelse for sm\u00e5 og store grupper utenfor Tananger.","og_url":"https:\/\/www.hummeren.no\/en\/deep-sea-fishing-activities\/","og_site_name":"Hummeren Hotell","article_modified_time":"2025-03-18T06:56:08+00:00","og_image":[{"width":1920,"height":600,"url":"https:\/\/www.hummeren.no\/wp-content\/uploads\/2015\/06\/hummeren-fiske.jpg","type":"image\/jpeg"}],"twitter_card":"summary_large_image","twitter_misc":{"Estimated reading time":"2 minutes"},"schema":{"@context":"https:\/\/schema.org","@graph":[{"@type":"WebPage","@id":"https:\/\/www.hummeren.no\/havfiske-aktiviteter\/","url":"https:\/\/www.hummeren.no\/havfiske-aktiviteter\/","name":"Sea fishing &amp; activities - Hummeren Hotell","isPartOf":{"@id":"https:\/\/www.hummeren.no\/#website"},"primaryImageOfPage":{"@id":"https:\/\/www.hummeren.no\/havfiske-aktiviteter\/#primaryimage"},"image":{"@id":"https:\/\/www.hummeren.no\/havfiske-aktiviteter\/#primaryimage"},"thumbnailUrl":"https:\/\/www.hummeren.no\/wp-content\/uploads\/2015\/06\/hummeren-fiske.jpg","datePublished":"2015-06-05T12:07:25+00:00","dateModified":"2025-03-18T06:56:08+00:00","description":"We collaborate with Stavanger Deep Sea Fishing Club (www.sdsfc.no) and Tananger B\u00e5t AS to offer the complete fishing experience for small and large groups outside Tananger.","breadcrumb":{"@id":"https:\/\/www.hummeren.no\/havfiske-aktiviteter\/#breadcrumb"},"inLanguage":"en-GB","potentialAction":[{"@type":"ReadAction","target":["https:\/\/www.hummeren.no\/havfiske-aktiviteter\/"]}]},{"@type":"ImageObject","inLanguage":"en-GB","@id":"https:\/\/www.hummeren.no\/havfiske-aktiviteter\/#primaryimage","url":"https:\/\/www.hummeren.no\/wp-content\/uploads\/2015\/06\/hummeren-fiske.jpg","contentUrl":"https:\/\/www.hummeren.no\/wp-content\/uploads\/2015\/06\/hummeren-fiske.jpg","width":1920,"height":600},{"@type":"BreadcrumbList","@id":"https:\/\/www.hummeren.no\/havfiske-aktiviteter\/#breadcrumb","itemListElement":[{"@type":"ListItem","position":1,"name":"Hjem","item":"https:\/\/www.hummeren.no\/"},{"@type":"ListItem","position":2,"name":"Havfiske &#038; aktiviteter"}]},{"@type":"WebSite","@id":"https:\/\/www.hummeren.no\/#website","url":"https:\/\/www.hummeren.no\/","name":"Hummeren Hotel","description":"Courses, conferences, hotels, restaurants and companies","publisher":{"@id":"https:\/\/www.hummeren.no\/#organization"},"potentialAction":[{"@type":"SearchAction","target":{"@type":"EntryPoint","urlTemplate":"https:\/\/www.hummeren.no\/?s={search_term_string}"},"query-input":{"@type":"PropertyValueSpecification","valueRequired":true,"valueName":"search_term_string"}}],"inLanguage":"en-GB"},{"@type":"Organization","@id":"https:\/\/www.hummeren.no\/#organization","name":"Hummeren Hotel","url":"https:\/\/www.hummeren.no\/","logo":{"@type":"ImageObject","inLanguage":"en-GB","@id":"https:\/\/www.hummeren.no\/#\/schema\/logo\/image\/","url":"https:\/\/www.hummeren.no\/wp-content\/uploads\/2015\/09\/Hummeren-_Hotell_Logo.jpg","contentUrl":"https:\/\/www.hummeren.no\/wp-content\/uploads\/2015\/09\/Hummeren-_Hotell_Logo.jpg","width":293,"height":65,"caption":"Hummeren Hotell"},"image":{"@id":"https:\/\/www.hummeren.no\/#\/schema\/logo\/image\/"}}]}},"_links":{"self":[{"href":"https:\/\/www.hummeren.no\/en\/wp-json\/wp\/v2\/pages\/36","targetHints":{"allow":["GET"]}}],"collection":[{"href":"https:\/\/www.hummeren.no\/en\/wp-json\/wp\/v2\/pages"}],"about":[{"href":"https:\/\/www.hummeren.no\/en\/wp-json\/wp\/v2\/types\/page"}],"author":[{"embeddable":true,"href":"https:\/\/www.hummeren.no\/en\/wp-json\/wp\/v2\/users\/3"}],"replies":[{"embeddable":true,"href":"https:\/\/www.hummeren.no\/en\/wp-json\/wp\/v2\/comments?post=36"}],"version-history":[{"count":18,"href":"https:\/\/www.hummeren.no\/en\/wp-json\/wp\/v2\/pages\/36\/revisions"}],"predecessor-version":[{"id":9843,"href":"https:\/\/www.hummeren.no\/en\/wp-json\/wp\/v2\/pages\/36\/revisions\/9843"}],"wp:featuredmedia":[{"embeddable":true,"href":"https:\/\/www.hummeren.no\/en\/wp-json\/wp\/v2\/media\/20"}],"wp:attachment":[{"href":"https:\/\/www.hummeren.no\/en\/wp-json\/wp\/v2\/media?parent=36"}],"curies":[{"name":"wp","href":"https:\/\/api.w.org\/{rel}","templated":true}]}}