{"id":423,"date":"2025-05-15T13:07:00","date_gmt":"2025-05-15T11:07:00","guid":{"rendered":"https:\/\/www-hummeren.wp1.hcweb.dev\/?page_id=423"},"modified":"2025-09-04T09:19:35","modified_gmt":"2025-09-04T07:19:35","slug":"menus","status":"publish","type":"page","link":"https:\/\/www.hummeren.no\/en\/mat-og-drikke\/menyer\/","title":{"rendered":"Menus"},"content":{"rendered":"<h2 class=\"wp-block-heading\">With us, the dining experience takes centre stage. <\/h2>\n\n\n\n<p>Our menus are inspired by the sea that surrounds us, with fresh ingredients and flavours that highlight the best the coast has to offer.<\/p>\n\n\n\n<p>Whether you're looking for a sumptuous seafood platter, a juicy steak or an elegant multi-course dinner, our talented kitchen ensures a flavour experience you won't soon forget.<\/p>\n\n\n\n<p><strong>Welcome to the table - here the food is best enjoyed with a view of the sea.<\/strong><\/p>\n\n\n\n<div class=\"wp-block-buttons is-nowrap is-layout-flex wp-container-core-buttons-is-layout-ad2f72ca wp-block-buttons-is-layout-flex\">\n<div class=\"wp-block-button\"><a class=\"wp-block-button__link has-fl-body-bg-color has-text-color has-background has-link-color wp-element-button\" href=\"#kontaktskjema\" style=\"border-radius:0px;background-color:#c58c61\">Book table<\/a><\/div>\n<\/div>\n\n\n\n<div style=\"height:15px\" aria-hidden=\"true\" class=\"wp-block-spacer\"><\/div>\n\n\n\n<div class=\"wp-block-columns alignwide is-layout-flex wp-container-core-columns-is-layout-829b1d53 wp-block-columns-is-layout-flex\" style=\"margin-bottom:0\">\n<div class=\"wp-block-column has-text-color has-background has-link-color wp-elements-47b8f54cf3536f1049df05c8f23ff2ed is-layout-flow wp-block-column-is-layout-flow\" style=\"color:#000000;background-color:#f6f0e4;padding-top:2em;padding-right:2em;padding-bottom:2em;padding-left:2em\">\n<h2 class=\"wp-block-heading\" id=\"family\" style=\"font-size:30px\">Fish - and shellfish<\/h2>\n\n\n\n<div class=\"wp-block-buttons is-layout-flex wp-block-buttons-is-layout-flex\">\n<div class=\"wp-block-button\"><a class=\"wp-block-button__link wp-element-button\" href=\"https:\/\/www.hummeren.no\/wp-content\/uploads\/2025\/03\/Fisk-og-skalldyrmeny-2025.pdf\" target=\"_blank\" rel=\"noreferrer noopener\">See menu<\/a><\/div>\n<\/div>\n\n\n\n<hr class=\"wp-block-separator has-css-opacity is-style-wide\"\/>\n<\/div>\n\n\n\n<div class=\"wp-block-column has-text-color has-background has-link-color wp-elements-90783538236e4c92a329cd76edb81c84 is-layout-flow wp-block-column-is-layout-flow\" style=\"color:#000000;background-color:#f6e7cc;padding-top:2em;padding-right:2em;padding-bottom:2em;padding-left:2em\">\n<h2 class=\"wp-block-heading\" id=\"patron\" style=\"font-size:30px\">Company menu<\/h2>\n\n\n\n<div class=\"wp-block-buttons is-layout-flex wp-block-buttons-is-layout-flex\">\n<div class=\"wp-block-button\"><a class=\"wp-block-button__link wp-element-button\" href=\"https:\/\/www.hummeren.no\/wp-content\/uploads\/2025\/03\/Selskapsmeny-2025.pdf\" target=\"_blank\" rel=\"noreferrer noopener\">See menu<\/a><\/div>\n<\/div>\n\n\n\n<hr class=\"wp-block-separator has-css-opacity is-style-wide\"\/>\n<\/div>\n<\/div>\n\n\n\n<div style=\"height:16px\" aria-hidden=\"true\" class=\"wp-block-spacer\"><\/div>\n\n\n\n<div class=\"wp-block-columns alignwide is-layout-flex wp-container-core-columns-is-layout-829b1d53 wp-block-columns-is-layout-flex\" style=\"margin-bottom:0\">\n<div class=\"wp-block-column has-text-color has-background has-link-color wp-elements-cdbdfcc3bc2f0081b842206e5743bc1b is-layout-flow wp-block-column-is-layout-flow\" style=\"color:#000000;background-color:#e1e1e1;padding-top:2em;padding-right:2em;padding-bottom:2em;padding-left:2em\">\n<h2 class=\"wp-block-heading\" id=\"family\" style=\"font-size:30px\">Wedding by the sea<\/h2>\n\n\n\n<div class=\"wp-block-buttons is-layout-flex wp-block-buttons-is-layout-flex\">\n<div class=\"wp-block-button\"><a class=\"wp-block-button__link wp-element-button\" href=\"https:\/\/www.hummeren.no\/wp-content\/uploads\/2025\/03\/Bryllup-ved-havet-2025.pdf\" target=\"_blank\" rel=\"noreferrer noopener\">See menu<\/a><\/div>\n<\/div>\n\n\n\n<hr class=\"wp-block-separator has-css-opacity is-style-wide\"\/>\n<\/div>\n\n\n\n<div class=\"wp-block-column has-text-color has-background has-link-color wp-elements-f9e42490df9619b429785b2ce25e7525 is-layout-flow wp-block-column-is-layout-flow\" style=\"color:#000000;background-color:#cdbb98;padding-top:2em;padding-right:2em;padding-bottom:2em;padding-left:2em\">\n<h2 class=\"wp-block-heading\" id=\"patron\" style=\"font-size:30px\">Buffet<\/h2>\n\n\n\n<div class=\"wp-block-buttons is-layout-flex wp-block-buttons-is-layout-flex\">\n<div class=\"wp-block-button\"><a class=\"wp-block-button__link wp-element-button\" href=\"https:\/\/www.hummeren.no\/wp-content\/uploads\/2025\/03\/Buffet.pdf\" target=\"_blank\" rel=\"noreferrer noopener\">See menu<\/a><\/div>\n<\/div>\n\n\n\n<hr class=\"wp-block-separator has-css-opacity is-style-wide\"\/>\n<\/div>\n<\/div>\n\n\n\n<div style=\"height:16px\" aria-hidden=\"true\" class=\"wp-block-spacer\"><\/div>\n\n\n\n<div class=\"wp-block-columns alignwide is-layout-flex wp-container-core-columns-is-layout-829b1d53 wp-block-columns-is-layout-flex\" style=\"margin-bottom:0\">\n<div class=\"wp-block-column has-text-color has-background has-link-color wp-elements-82762212f5e5163729e6c6a3b755210f is-layout-flow wp-block-column-is-layout-flow\" style=\"color:#000000;background-color:#f6d6a6;padding-top:2em;padding-right:2em;padding-bottom:2em;padding-left:2em\">\n<h2 class=\"wp-block-heading\" id=\"family\" style=\"font-size:30px\">Brewfest<\/h2>\n\n\n\n<div class=\"wp-block-buttons is-layout-flex wp-block-buttons-is-layout-flex\">\n<div class=\"wp-block-button\"><a class=\"wp-block-button__link wp-element-button\" href=\"https:\/\/www.hummeren.no\/wp-content\/uploads\/2025\/03\/Hummerens-bryggefest-meny-2025.pdf\" target=\"_blank\" rel=\"noreferrer noopener\">See menu<\/a><\/div>\n<\/div>\n\n\n\n<hr class=\"wp-block-separator has-css-opacity is-style-wide\"\/>\n<\/div>\n\n\n\n<div class=\"wp-block-column has-text-color has-background has-link-color wp-elements-6b8178151a4a158dd6b1ec1e3101ee6c is-layout-flow wp-block-column-is-layout-flow\" style=\"color:#000000;background-color:#e7dada;padding-top:2em;padding-right:2em;padding-bottom:2em;padding-left:2em\">\n<h2 class=\"wp-block-heading\" id=\"family\" style=\"font-size:30px\">Christmas table<\/h2>\n\n\n\n<div class=\"wp-block-buttons is-layout-flex wp-block-buttons-is-layout-flex\">\n<div class=\"wp-block-button\"><a class=\"wp-block-button__link wp-element-button\" href=\"https:\/\/www.hummeren.no\/wp-content\/uploads\/2025\/03\/Hummerens-julebord-2025.pdf\" target=\"_blank\" rel=\"noreferrer noopener\">See menu<\/a><\/div>\n<\/div>\n\n\n\n<hr class=\"wp-block-separator has-css-opacity is-style-wide\"\/>\n<\/div>\n<\/div>\n\n\n\n<div style=\"height:16px\" aria-hidden=\"true\" class=\"wp-block-spacer\"><\/div>\n\n\n\n<div class=\"wp-block-columns alignwide is-layout-flex wp-container-core-columns-is-layout-829b1d53 wp-block-columns-is-layout-flex\" style=\"margin-bottom:0\">\n<div class=\"wp-block-column has-text-color has-background has-link-color wp-elements-c5059b6f95c0d2adca535efaae2bbe97 is-layout-flow wp-block-column-is-layout-flow\" style=\"color:#000000;background-color:#dcebd0;padding-top:2em;padding-right:2em;padding-bottom:2em;padding-left:2em\">\n<h2 class=\"wp-block-heading\" id=\"family\" style=\"font-size:30px\">Commemoration<\/h2>\n\n\n\n<div class=\"wp-block-buttons is-layout-flex wp-block-buttons-is-layout-flex\">\n<div class=\"wp-block-button\"><a class=\"wp-block-button__link wp-element-button\" href=\"https:\/\/www.hummeren.no\/wp-content\/uploads\/2025\/03\/Minnestund.pdf\" target=\"_blank\" rel=\"noreferrer noopener\">See menu<\/a><\/div>\n<\/div>\n\n\n\n<hr class=\"wp-block-separator has-css-opacity is-style-wide\"\/>\n<\/div>\n<\/div>\n\n\n\n<div style=\"height:17px\" aria-hidden=\"true\" class=\"wp-block-spacer\"><\/div>\n\n\n\n<div class=\"wp-block-buttons is-nowrap is-layout-flex wp-container-core-buttons-is-layout-ad2f72ca wp-block-buttons-is-layout-flex\">\n<div class=\"wp-block-button\"><a class=\"wp-block-button__link has-fl-body-bg-color has-text-color has-background has-link-color wp-element-button\" href=\"#kontaktskjema\" style=\"border-radius:0px;background-color:#c58c61\">Book table<\/a><\/div>\n<\/div>\n\n\n\n<figure class=\"wp-block-gallery has-nested-images columns-4 is-cropped wp-block-gallery-1 is-layout-flex wp-block-gallery-is-layout-flex\">\n<figure class=\"wp-block-image size-large\"><img decoding=\"async\" width=\"835\" height=\"1024\" data-id=\"9675\" src=\"https:\/\/www.hummeren.no\/wp-content\/uploads\/2025\/03\/tapas-835x1024.jpg\" alt=\"\" class=\"wp-image-9675\" srcset=\"https:\/\/www.hummeren.no\/wp-content\/uploads\/2025\/03\/tapas-835x1024.jpg 835w, https:\/\/www.hummeren.no\/wp-content\/uploads\/2025\/03\/tapas-245x300.jpg 245w, https:\/\/www.hummeren.no\/wp-content\/uploads\/2025\/03\/tapas-1253x1536.jpg 1253w, https:\/\/www.hummeren.no\/wp-content\/uploads\/2025\/03\/tapas.jpg 1282w\" sizes=\"(max-width: 835px) 100vw, 835px\" \/><\/figure>\n\n\n\n<figure class=\"wp-block-image size-large\"><img decoding=\"async\" width=\"1024\" height=\"884\" data-id=\"9815\" src=\"https:\/\/www.hummeren.no\/wp-content\/uploads\/2025\/03\/restauranten-1024x884.jpg\" alt=\"\" class=\"wp-image-9815\" srcset=\"https:\/\/www.hummeren.no\/wp-content\/uploads\/2025\/03\/restauranten-1024x884.jpg 1024w, https:\/\/www.hummeren.no\/wp-content\/uploads\/2025\/03\/restauranten-300x259.jpg 300w, https:\/\/www.hummeren.no\/wp-content\/uploads\/2025\/03\/restauranten.jpg 1296w\" sizes=\"(max-width: 1024px) 100vw, 1024px\" \/><\/figure>\n\n\n\n<figure class=\"wp-block-image size-large\"><img decoding=\"async\" width=\"1024\" height=\"864\" data-id=\"9287\" src=\"https:\/\/www.hummeren.no\/wp-content\/uploads\/2025\/02\/selskap-1024x864.jpg\" alt=\"Company at Hummeren Hotell\" class=\"wp-image-9287\" srcset=\"https:\/\/www.hummeren.no\/wp-content\/uploads\/2025\/02\/selskap-1024x864.jpg 1024w, https:\/\/www.hummeren.no\/wp-content\/uploads\/2025\/02\/selskap-300x253.jpg 300w, https:\/\/www.hummeren.no\/wp-content\/uploads\/2025\/02\/selskap-1536x1296.jpg 1536w, https:\/\/www.hummeren.no\/wp-content\/uploads\/2025\/02\/selskap.jpg 1600w\" sizes=\"(max-width: 1024px) 100vw, 1024px\" \/><\/figure>\n\n\n\n<figure class=\"wp-block-image size-large\"><img decoding=\"async\" width=\"1024\" height=\"686\" data-id=\"9237\" src=\"https:\/\/www.hummeren.no\/wp-content\/uploads\/2025\/02\/469948029_18029972852590221_116490054063033079_n-1024x686.jpg\" alt=\"\" class=\"wp-image-9237\" srcset=\"https:\/\/www.hummeren.no\/wp-content\/uploads\/2025\/02\/469948029_18029972852590221_116490054063033079_n-1024x686.jpg 1024w, https:\/\/www.hummeren.no\/wp-content\/uploads\/2025\/02\/469948029_18029972852590221_116490054063033079_n-300x201.jpg 300w, https:\/\/www.hummeren.no\/wp-content\/uploads\/2025\/02\/469948029_18029972852590221_116490054063033079_n.jpg 1440w\" sizes=\"(max-width: 1024px) 100vw, 1024px\" \/><\/figure>\n\n\n\n<figure class=\"wp-block-image size-large\"><img decoding=\"async\" width=\"673\" height=\"1024\" data-id=\"9891\" src=\"https:\/\/www.hummeren.no\/wp-content\/uploads\/2025\/03\/suppe-673x1024.jpg\" alt=\"\" class=\"wp-image-9891\" srcset=\"https:\/\/www.hummeren.no\/wp-content\/uploads\/2025\/03\/suppe-673x1024.jpg 673w, https:\/\/www.hummeren.no\/wp-content\/uploads\/2025\/03\/suppe-197x300.jpg 197w, https:\/\/www.hummeren.no\/wp-content\/uploads\/2025\/03\/suppe-1010x1536.jpg 1010w, https:\/\/www.hummeren.no\/wp-content\/uploads\/2025\/03\/suppe-1347x2048.jpg 1347w, https:\/\/www.hummeren.no\/wp-content\/uploads\/2025\/03\/suppe.jpg 1600w\" sizes=\"(max-width: 673px) 100vw, 673px\" \/><\/figure>\n\n\n\n<figure class=\"wp-block-image size-large\"><img decoding=\"async\" width=\"1024\" height=\"884\" data-id=\"9812\" src=\"https:\/\/www.hummeren.no\/wp-content\/uploads\/2025\/03\/tapas-1-1024x884.jpg\" alt=\"\" class=\"wp-image-9812\" srcset=\"https:\/\/www.hummeren.no\/wp-content\/uploads\/2025\/03\/tapas-1-1024x884.jpg 1024w, https:\/\/www.hummeren.no\/wp-content\/uploads\/2025\/03\/tapas-1-300x259.jpg 300w, https:\/\/www.hummeren.no\/wp-content\/uploads\/2025\/03\/tapas-1.jpg 1296w\" sizes=\"(max-width: 1024px) 100vw, 1024px\" \/><\/figure>\n\n\n\n<figure class=\"wp-block-image size-large\"><img decoding=\"async\" width=\"1024\" height=\"884\" data-id=\"9813\" src=\"https:\/\/www.hummeren.no\/wp-content\/uploads\/2025\/03\/glasshuset-1024x884.jpg\" alt=\"\" class=\"wp-image-9813\" srcset=\"https:\/\/www.hummeren.no\/wp-content\/uploads\/2025\/03\/glasshuset-1024x884.jpg 1024w, https:\/\/www.hummeren.no\/wp-content\/uploads\/2025\/03\/glasshuset-300x259.jpg 300w, https:\/\/www.hummeren.no\/wp-content\/uploads\/2025\/03\/glasshuset.jpg 1296w\" sizes=\"(max-width: 1024px) 100vw, 1024px\" \/><\/figure>\n\n\n\n<figure class=\"wp-block-image size-large\"><img decoding=\"async\" width=\"860\" height=\"1024\" data-id=\"9874\" src=\"https:\/\/www.hummeren.no\/wp-content\/uploads\/2025\/03\/bryggen-badstu-860x1024.jpg\" alt=\"\" class=\"wp-image-9874\" srcset=\"https:\/\/www.hummeren.no\/wp-content\/uploads\/2025\/03\/bryggen-badstu-860x1024.jpg 860w, https:\/\/www.hummeren.no\/wp-content\/uploads\/2025\/03\/bryggen-badstu-252x300.jpg 252w, https:\/\/www.hummeren.no\/wp-content\/uploads\/2025\/03\/bryggen-badstu-1290x1536.jpg 1290w, https:\/\/www.hummeren.no\/wp-content\/uploads\/2025\/03\/bryggen-badstu.jpg 1308w\" sizes=\"(max-width: 860px) 100vw, 860px\" \/><\/figure>\n\n\n\n<figure class=\"wp-block-image size-large\"><img decoding=\"async\" width=\"874\" height=\"1024\" data-id=\"9183\" src=\"https:\/\/www.hummeren.no\/wp-content\/uploads\/2025\/02\/461951056_942474611023914_4993820330697524583_n-e1741877949947-874x1024.jpg\" alt=\"Courses and conferences in Stavanger\" class=\"wp-image-9183\" srcset=\"https:\/\/www.hummeren.no\/wp-content\/uploads\/2025\/02\/461951056_942474611023914_4993820330697524583_n-e1741877949947-874x1024.jpg 874w, https:\/\/www.hummeren.no\/wp-content\/uploads\/2025\/02\/461951056_942474611023914_4993820330697524583_n-e1741877949947-256x300.jpg 256w, https:\/\/www.hummeren.no\/wp-content\/uploads\/2025\/02\/461951056_942474611023914_4993820330697524583_n-e1741877949947-1310x1536.jpg 1310w, https:\/\/www.hummeren.no\/wp-content\/uploads\/2025\/02\/461951056_942474611023914_4993820330697524583_n-e1741877949947.jpg 1365w\" sizes=\"(max-width: 874px) 100vw, 874px\" \/><\/figure>\n<\/figure>\n\n\n\n<p><strong>Do you have any questions about the menus?<\/strong><\/p>\n\n\n\n<p><strong>Give us a call<\/strong> on the phone <a href=\"tel:004751694000\">51 69 40 00<\/a> or\u00a0<strong>e-mail<\/strong>\u00a0<a href=\"mailto:booking@hummeren.no\">booking@hummeren.no<\/a>.<\/p>","protected":false},"excerpt":{"rendered":"<p>Hos oss st\u00e5r matopplevelsen i sentrum. V\u00e5re menyer er inspirert av havet som omgir oss, med ferske r\u00e5varer og smaker som fremhever det beste kysten har \u00e5 by p\u00e5. Enten du \u00f8nsker et bugnende sj\u00f8matbord, en saftig biff eller en elegant flerretters middag, s\u00f8rger v\u00e5rt dyktige kj\u00f8kken for en smaksopplevelse du sent vil glemme. Velkommen&hellip;<\/p>","protected":false},"author":3,"featured_media":9676,"parent":32,"menu_order":0,"comment_status":"closed","ping_status":"closed","template":"","meta":{"footnotes":""},"class_list":["post-423","page","type-page","status-publish","has-post-thumbnail","hentry"],"yoast_head":"<!-- This site is optimized with the Yoast SEO plugin v27.4 - https:\/\/yoast.com\/product\/yoast-seo-wordpress\/ -->\n<title>Menyer - Hummeren Hotell<\/title>\n<meta name=\"description\" content=\"Hos oss st\u00e5r matopplevelsen i sentrum. V\u00e5re menyer er inspirert av havet som omgir oss, med ferske r\u00e5varer og smaker.\" \/>\n<meta name=\"robots\" content=\"index, follow, max-snippet:-1, max-image-preview:large, max-video-preview:-1\" \/>\n<link rel=\"canonical\" href=\"https:\/\/www.hummeren.no\/en\/food-and-drink\/menus\/\" \/>\n<meta property=\"og:locale\" content=\"en_GB\" \/>\n<meta property=\"og:type\" content=\"article\" \/>\n<meta property=\"og:title\" content=\"Menyer - Hummeren Hotell\" \/>\n<meta property=\"og:description\" content=\"Hos oss st\u00e5r matopplevelsen i sentrum. V\u00e5re menyer er inspirert av havet som omgir oss, med ferske r\u00e5varer og smaker.\" \/>\n<meta property=\"og:url\" content=\"https:\/\/www.hummeren.no\/en\/food-and-drink\/menus\/\" \/>\n<meta property=\"og:site_name\" content=\"Hummeren Hotell\" \/>\n<meta property=\"article:modified_time\" content=\"2025-09-04T07:19:35+00:00\" \/>\n<meta property=\"og:image\" content=\"https:\/\/www.hummeren.no\/wp-content\/uploads\/2025\/03\/meny-brygge.jpg\" \/>\n\t<meta property=\"og:image:width\" content=\"1920\" \/>\n\t<meta property=\"og:image:height\" content=\"2239\" \/>\n\t<meta property=\"og:image:type\" content=\"image\/jpeg\" \/>\n<meta name=\"twitter:card\" content=\"summary_large_image\" \/>\n<meta name=\"twitter:label1\" content=\"Estimated reading time\" \/>\n\t<meta name=\"twitter:data1\" content=\"3 minutes\" \/>\n<script type=\"application\/ld+json\" class=\"yoast-schema-graph\">{\"@context\":\"https:\\\/\\\/schema.org\",\"@graph\":[{\"@type\":\"WebPage\",\"@id\":\"https:\\\/\\\/www.hummeren.no\\\/mat-og-drikke\\\/menyer\\\/\",\"url\":\"https:\\\/\\\/www.hummeren.no\\\/mat-og-drikke\\\/menyer\\\/\",\"name\":\"Menyer - Hummeren Hotell\",\"isPartOf\":{\"@id\":\"https:\\\/\\\/www.hummeren.no\\\/#website\"},\"primaryImageOfPage\":{\"@id\":\"https:\\\/\\\/www.hummeren.no\\\/mat-og-drikke\\\/menyer\\\/#primaryimage\"},\"image\":{\"@id\":\"https:\\\/\\\/www.hummeren.no\\\/mat-og-drikke\\\/menyer\\\/#primaryimage\"},\"thumbnailUrl\":\"https:\\\/\\\/www.hummeren.no\\\/wp-content\\\/uploads\\\/2025\\\/03\\\/meny-brygge.jpg\",\"datePublished\":\"2025-05-15T11:07:00+00:00\",\"dateModified\":\"2025-09-04T07:19:35+00:00\",\"description\":\"Hos oss st\u00e5r matopplevelsen i sentrum. V\u00e5re menyer er inspirert av havet som omgir oss, med ferske r\u00e5varer og smaker.\",\"breadcrumb\":{\"@id\":\"https:\\\/\\\/www.hummeren.no\\\/mat-og-drikke\\\/menyer\\\/#breadcrumb\"},\"inLanguage\":\"en-GB\",\"potentialAction\":[{\"@type\":\"ReadAction\",\"target\":[\"https:\\\/\\\/www.hummeren.no\\\/mat-og-drikke\\\/menyer\\\/\"]}]},{\"@type\":\"ImageObject\",\"inLanguage\":\"en-GB\",\"@id\":\"https:\\\/\\\/www.hummeren.no\\\/mat-og-drikke\\\/menyer\\\/#primaryimage\",\"url\":\"https:\\\/\\\/www.hummeren.no\\\/wp-content\\\/uploads\\\/2025\\\/03\\\/meny-brygge.jpg\",\"contentUrl\":\"https:\\\/\\\/www.hummeren.no\\\/wp-content\\\/uploads\\\/2025\\\/03\\\/meny-brygge.jpg\",\"width\":1920,\"height\":2239},{\"@type\":\"BreadcrumbList\",\"@id\":\"https:\\\/\\\/www.hummeren.no\\\/mat-og-drikke\\\/menyer\\\/#breadcrumb\",\"itemListElement\":[{\"@type\":\"ListItem\",\"position\":1,\"name\":\"Hjem\",\"item\":\"https:\\\/\\\/www.hummeren.no\\\/\"},{\"@type\":\"ListItem\",\"position\":2,\"name\":\"Mat og drikke\",\"item\":\"https:\\\/\\\/www.hummeren.no\\\/mat-og-drikke\\\/\"},{\"@type\":\"ListItem\",\"position\":3,\"name\":\"Menyer\"}]},{\"@type\":\"WebSite\",\"@id\":\"https:\\\/\\\/www.hummeren.no\\\/#website\",\"url\":\"https:\\\/\\\/www.hummeren.no\\\/\",\"name\":\"Hummeren Hotell\",\"description\":\"Kurs, konferanse, hotell, restaurant og selskap\",\"publisher\":{\"@id\":\"https:\\\/\\\/www.hummeren.no\\\/#organization\"},\"potentialAction\":[{\"@type\":\"SearchAction\",\"target\":{\"@type\":\"EntryPoint\",\"urlTemplate\":\"https:\\\/\\\/www.hummeren.no\\\/?s={search_term_string}\"},\"query-input\":{\"@type\":\"PropertyValueSpecification\",\"valueRequired\":true,\"valueName\":\"search_term_string\"}}],\"inLanguage\":\"en-GB\"},{\"@type\":\"Organization\",\"@id\":\"https:\\\/\\\/www.hummeren.no\\\/#organization\",\"name\":\"Hummeren Hotell\",\"url\":\"https:\\\/\\\/www.hummeren.no\\\/\",\"logo\":{\"@type\":\"ImageObject\",\"inLanguage\":\"en-GB\",\"@id\":\"https:\\\/\\\/www.hummeren.no\\\/#\\\/schema\\\/logo\\\/image\\\/\",\"url\":\"https:\\\/\\\/www.hummeren.no\\\/wp-content\\\/uploads\\\/2015\\\/09\\\/Hummeren-_Hotell_Logo.jpg\",\"contentUrl\":\"https:\\\/\\\/www.hummeren.no\\\/wp-content\\\/uploads\\\/2015\\\/09\\\/Hummeren-_Hotell_Logo.jpg\",\"width\":293,\"height\":65,\"caption\":\"Hummeren Hotell\"},\"image\":{\"@id\":\"https:\\\/\\\/www.hummeren.no\\\/#\\\/schema\\\/logo\\\/image\\\/\"}}]}<\/script>\n<!-- \/ Yoast SEO plugin. -->","yoast_head_json":{"title":"Menus - Hummeren Hotell","description":"With us, the dining experience is at the centre. Our menus are inspired by the sea that surrounds us, with fresh ingredients and flavours.","robots":{"index":"index","follow":"follow","max-snippet":"max-snippet:-1","max-image-preview":"max-image-preview:large","max-video-preview":"max-video-preview:-1"},"canonical":"https:\/\/www.hummeren.no\/en\/food-and-drink\/menus\/","og_locale":"en_GB","og_type":"article","og_title":"Menyer - Hummeren Hotell","og_description":"Hos oss st\u00e5r matopplevelsen i sentrum. V\u00e5re menyer er inspirert av havet som omgir oss, med ferske r\u00e5varer og smaker.","og_url":"https:\/\/www.hummeren.no\/en\/food-and-drink\/menus\/","og_site_name":"Hummeren Hotell","article_modified_time":"2025-09-04T07:19:35+00:00","og_image":[{"width":1920,"height":2239,"url":"https:\/\/www.hummeren.no\/wp-content\/uploads\/2025\/03\/meny-brygge.jpg","type":"image\/jpeg"}],"twitter_card":"summary_large_image","twitter_misc":{"Estimated reading time":"3 minutes"},"schema":{"@context":"https:\/\/schema.org","@graph":[{"@type":"WebPage","@id":"https:\/\/www.hummeren.no\/mat-og-drikke\/menyer\/","url":"https:\/\/www.hummeren.no\/mat-og-drikke\/menyer\/","name":"Menus - Hummeren Hotell","isPartOf":{"@id":"https:\/\/www.hummeren.no\/#website"},"primaryImageOfPage":{"@id":"https:\/\/www.hummeren.no\/mat-og-drikke\/menyer\/#primaryimage"},"image":{"@id":"https:\/\/www.hummeren.no\/mat-og-drikke\/menyer\/#primaryimage"},"thumbnailUrl":"https:\/\/www.hummeren.no\/wp-content\/uploads\/2025\/03\/meny-brygge.jpg","datePublished":"2025-05-15T11:07:00+00:00","dateModified":"2025-09-04T07:19:35+00:00","description":"With us, the dining experience is at the centre. Our menus are inspired by the sea that surrounds us, with fresh ingredients and flavours.","breadcrumb":{"@id":"https:\/\/www.hummeren.no\/mat-og-drikke\/menyer\/#breadcrumb"},"inLanguage":"en-GB","potentialAction":[{"@type":"ReadAction","target":["https:\/\/www.hummeren.no\/mat-og-drikke\/menyer\/"]}]},{"@type":"ImageObject","inLanguage":"en-GB","@id":"https:\/\/www.hummeren.no\/mat-og-drikke\/menyer\/#primaryimage","url":"https:\/\/www.hummeren.no\/wp-content\/uploads\/2025\/03\/meny-brygge.jpg","contentUrl":"https:\/\/www.hummeren.no\/wp-content\/uploads\/2025\/03\/meny-brygge.jpg","width":1920,"height":2239},{"@type":"BreadcrumbList","@id":"https:\/\/www.hummeren.no\/mat-og-drikke\/menyer\/#breadcrumb","itemListElement":[{"@type":"ListItem","position":1,"name":"Hjem","item":"https:\/\/www.hummeren.no\/"},{"@type":"ListItem","position":2,"name":"Mat og drikke","item":"https:\/\/www.hummeren.no\/mat-og-drikke\/"},{"@type":"ListItem","position":3,"name":"Menyer"}]},{"@type":"WebSite","@id":"https:\/\/www.hummeren.no\/#website","url":"https:\/\/www.hummeren.no\/","name":"Hummeren Hotel","description":"Courses, conferences, hotels, restaurants and companies","publisher":{"@id":"https:\/\/www.hummeren.no\/#organization"},"potentialAction":[{"@type":"SearchAction","target":{"@type":"EntryPoint","urlTemplate":"https:\/\/www.hummeren.no\/?s={search_term_string}"},"query-input":{"@type":"PropertyValueSpecification","valueRequired":true,"valueName":"search_term_string"}}],"inLanguage":"en-GB"},{"@type":"Organization","@id":"https:\/\/www.hummeren.no\/#organization","name":"Hummeren Hotel","url":"https:\/\/www.hummeren.no\/","logo":{"@type":"ImageObject","inLanguage":"en-GB","@id":"https:\/\/www.hummeren.no\/#\/schema\/logo\/image\/","url":"https:\/\/www.hummeren.no\/wp-content\/uploads\/2015\/09\/Hummeren-_Hotell_Logo.jpg","contentUrl":"https:\/\/www.hummeren.no\/wp-content\/uploads\/2015\/09\/Hummeren-_Hotell_Logo.jpg","width":293,"height":65,"caption":"Hummeren Hotell"},"image":{"@id":"https:\/\/www.hummeren.no\/#\/schema\/logo\/image\/"}}]}},"_links":{"self":[{"href":"https:\/\/www.hummeren.no\/en\/wp-json\/wp\/v2\/pages\/423","targetHints":{"allow":["GET"]}}],"collection":[{"href":"https:\/\/www.hummeren.no\/en\/wp-json\/wp\/v2\/pages"}],"about":[{"href":"https:\/\/www.hummeren.no\/en\/wp-json\/wp\/v2\/types\/page"}],"author":[{"embeddable":true,"href":"https:\/\/www.hummeren.no\/en\/wp-json\/wp\/v2\/users\/3"}],"replies":[{"embeddable":true,"href":"https:\/\/www.hummeren.no\/en\/wp-json\/wp\/v2\/comments?post=423"}],"version-history":[{"count":32,"href":"https:\/\/www.hummeren.no\/en\/wp-json\/wp\/v2\/pages\/423\/revisions"}],"predecessor-version":[{"id":10204,"href":"https:\/\/www.hummeren.no\/en\/wp-json\/wp\/v2\/pages\/423\/revisions\/10204"}],"up":[{"embeddable":true,"href":"https:\/\/www.hummeren.no\/en\/wp-json\/wp\/v2\/pages\/32"}],"wp:featuredmedia":[{"embeddable":true,"href":"https:\/\/www.hummeren.no\/en\/wp-json\/wp\/v2\/media\/9676"}],"wp:attachment":[{"href":"https:\/\/www.hummeren.no\/en\/wp-json\/wp\/v2\/media?parent=423"}],"curies":[{"name":"wp","href":"https:\/\/api.w.org\/{rel}","templated":true}]}}