{"id":534,"date":"2015-03-09T11:07:41","date_gmt":"2015-03-09T10:07:41","guid":{"rendered":"https:\/\/www-hummeren.wp1.hcweb.dev\/?page_id=534"},"modified":"2025-03-25T10:30:26","modified_gmt":"2025-03-25T09:30:26","slug":"memorial-service","status":"publish","type":"page","link":"https:\/\/www.hummeren.no\/en\/selskap\/minnestund\/","title":{"rendered":"Commemoration"},"content":{"rendered":"<h2 class=\"wp-block-heading\">A dignified and caring memorial service at Hummeren Hotell, where we create a warm and respectful setting in beautiful and tranquil surroundings - designed to remember and honour your loved ones.<\/h2>    <p>Losing a loved one is hard, and at such a time it can be good to gather to remember together. We facilitate a memorial service characterised by calm, warmth and dignity, so that you can take care of each other and share good memories in peaceful surroundings.<\/p>    <figure class=\"wp-block-video\"><video height=\"1280\" style=\"aspect-ratio: 1024 \/ 1280;\" width=\"1024\" controls src=\"https:\/\/www.hummeren.no\/wp-content\/uploads\/2025\/03\/selskap_stavanger.mp4\"><\/video><figcaption class=\"wp-element-caption\">Company at Hummeren Hotell<\/figcaption><\/figure>    <p>We make sure that all the practicalities are taken care of, so you can focus on being together. Our catering is simple but tasteful - made with care for the occasion:<\/p>    <ul class=\"wp-block-list\"> <li><strong>3 assorted sandwiches<\/strong> - fresh, delicious toppings on freshly baked bread<\/li>    <li><strong>Marzipan cake<\/strong> - a classic ending that marks a great moment together<\/li>    <li><strong>Coffee and tea<\/strong> - unlimited dining for a cosy atmosphere<\/li> <\/ul>    <p><a href=\"https:\/\/www.hummeren.no\/en\/food-and-drink\/menus\/\">See menus for prices<\/a><\/p>    <p>We can also customise the programme according to your wishes, whether it <a href=\"https:\/\/www.hummeren.no\/en\/food-and-drink\/menus\/\">applies to the menu<\/a>We'll take care of the ceremony, table settings or other details that are important to you. Our goal is to create a setting that allows for both grief and good memories - with dignity and warmth in focus.<\/p>    <p><strong>Get in touch with us to plan a memorial service that feels right for you.<\/strong><\/p>    <p><strong>Give us a call<\/strong> on the phone <a href=\"tel:004751694000\">51 69 40 00<\/a> or\u00a0<strong>e-mail<\/strong>\u00a0<a href=\"mailto:booking@hummeren.no\">booking@hummeren.no<\/a>.<\/p>","protected":false},"excerpt":{"rendered":"<p>En verdig og omsorgsfull minnestund hos Hummeren Hotell, hvor vi skaper en varm og respektfull ramme i vakre og rolige omgivelser \u2013 tilrettelagt for \u00e5 minnes og hedre deres kj\u00e6re. \u00c5 miste noen man er glad i er tungt, og i en slik tid kan det v\u00e6re godt \u00e5 samles for \u00e5 minnes sammen. Vi&hellip;<\/p>","protected":false},"author":3,"featured_media":9560,"parent":30,"menu_order":0,"comment_status":"closed","ping_status":"closed","template":"","meta":{"footnotes":""},"class_list":["post-534","page","type-page","status-publish","has-post-thumbnail","hentry"],"yoast_head":"<!-- This site is optimized with the Yoast SEO plugin v27.5 - https:\/\/yoast.com\/product\/yoast-seo-wordpress\/ -->\n<title>Minnestund - Hummeren Hotell<\/title>\n<meta name=\"description\" content=\"En verdig og omsorgsfull minnestund, hvor vi skaper en varm og respektfull ramme i vakre og rolige omgivelser \u2013 tilrettelagt for \u00e5 minnes og hedre deres kj\u00e6re.\" \/>\n<meta name=\"robots\" content=\"index, follow, max-snippet:-1, max-image-preview:large, max-video-preview:-1\" \/>\n<link rel=\"canonical\" href=\"https:\/\/www.hummeren.no\/en\/company\/memorial-service\/\" \/>\n<meta property=\"og:locale\" content=\"en_GB\" \/>\n<meta property=\"og:type\" content=\"article\" \/>\n<meta property=\"og:title\" content=\"Minnestund - Hummeren Hotell\" \/>\n<meta property=\"og:description\" content=\"En verdig og omsorgsfull minnestund, hvor vi skaper en varm og respektfull ramme i vakre og rolige omgivelser \u2013 tilrettelagt for \u00e5 minnes og hedre deres kj\u00e6re.\" \/>\n<meta property=\"og:url\" content=\"https:\/\/www.hummeren.no\/en\/company\/memorial-service\/\" \/>\n<meta property=\"og:site_name\" content=\"Hummeren Hotell\" \/>\n<meta property=\"article:modified_time\" content=\"2025-03-25T09:30:26+00:00\" \/>\n<meta property=\"og:image\" content=\"https:\/\/www.hummeren.no\/wp-content\/uploads\/2025\/03\/minnestund-hummeren-hotell.jpg\" \/>\n\t<meta property=\"og:image:width\" content=\"1325\" \/>\n\t<meta property=\"og:image:height\" content=\"1440\" \/>\n\t<meta property=\"og:image:type\" content=\"image\/jpeg\" \/>\n<meta name=\"twitter:card\" content=\"summary_large_image\" \/>\n<meta name=\"twitter:label1\" content=\"Estimated reading time\" \/>\n\t<meta name=\"twitter:data1\" content=\"2 minutes\" \/>\n<script type=\"application\/ld+json\" class=\"yoast-schema-graph\">{\"@context\":\"https:\\\/\\\/schema.org\",\"@graph\":[{\"@type\":\"WebPage\",\"@id\":\"https:\\\/\\\/www.hummeren.no\\\/selskap\\\/minnestund\\\/\",\"url\":\"https:\\\/\\\/www.hummeren.no\\\/selskap\\\/minnestund\\\/\",\"name\":\"Minnestund - Hummeren Hotell\",\"isPartOf\":{\"@id\":\"https:\\\/\\\/www.hummeren.no\\\/#website\"},\"primaryImageOfPage\":{\"@id\":\"https:\\\/\\\/www.hummeren.no\\\/selskap\\\/minnestund\\\/#primaryimage\"},\"image\":{\"@id\":\"https:\\\/\\\/www.hummeren.no\\\/selskap\\\/minnestund\\\/#primaryimage\"},\"thumbnailUrl\":\"https:\\\/\\\/www.hummeren.no\\\/wp-content\\\/uploads\\\/2025\\\/03\\\/minnestund-hummeren-hotell.jpg\",\"datePublished\":\"2015-03-09T10:07:41+00:00\",\"dateModified\":\"2025-03-25T09:30:26+00:00\",\"description\":\"En verdig og omsorgsfull minnestund, hvor vi skaper en varm og respektfull ramme i vakre og rolige omgivelser \u2013 tilrettelagt for \u00e5 minnes og hedre deres kj\u00e6re.\",\"breadcrumb\":{\"@id\":\"https:\\\/\\\/www.hummeren.no\\\/selskap\\\/minnestund\\\/#breadcrumb\"},\"inLanguage\":\"en-GB\",\"potentialAction\":[{\"@type\":\"ReadAction\",\"target\":[\"https:\\\/\\\/www.hummeren.no\\\/selskap\\\/minnestund\\\/\"]}]},{\"@type\":\"ImageObject\",\"inLanguage\":\"en-GB\",\"@id\":\"https:\\\/\\\/www.hummeren.no\\\/selskap\\\/minnestund\\\/#primaryimage\",\"url\":\"https:\\\/\\\/www.hummeren.no\\\/wp-content\\\/uploads\\\/2025\\\/03\\\/minnestund-hummeren-hotell.jpg\",\"contentUrl\":\"https:\\\/\\\/www.hummeren.no\\\/wp-content\\\/uploads\\\/2025\\\/03\\\/minnestund-hummeren-hotell.jpg\",\"width\":1325,\"height\":1440,\"caption\":\"Minnestund\"},{\"@type\":\"BreadcrumbList\",\"@id\":\"https:\\\/\\\/www.hummeren.no\\\/selskap\\\/minnestund\\\/#breadcrumb\",\"itemListElement\":[{\"@type\":\"ListItem\",\"position\":1,\"name\":\"Hjem\",\"item\":\"https:\\\/\\\/www.hummeren.no\\\/\"},{\"@type\":\"ListItem\",\"position\":2,\"name\":\"Selskap &#038; arrangement\",\"item\":\"https:\\\/\\\/www.hummeren.no\\\/selskap\\\/\"},{\"@type\":\"ListItem\",\"position\":3,\"name\":\"Minnestund\"}]},{\"@type\":\"WebSite\",\"@id\":\"https:\\\/\\\/www.hummeren.no\\\/#website\",\"url\":\"https:\\\/\\\/www.hummeren.no\\\/\",\"name\":\"Hummeren Hotell\",\"description\":\"Kurs, konferanse, hotell, restaurant og selskap\",\"publisher\":{\"@id\":\"https:\\\/\\\/www.hummeren.no\\\/#organization\"},\"potentialAction\":[{\"@type\":\"SearchAction\",\"target\":{\"@type\":\"EntryPoint\",\"urlTemplate\":\"https:\\\/\\\/www.hummeren.no\\\/?s={search_term_string}\"},\"query-input\":{\"@type\":\"PropertyValueSpecification\",\"valueRequired\":true,\"valueName\":\"search_term_string\"}}],\"inLanguage\":\"en-GB\"},{\"@type\":\"Organization\",\"@id\":\"https:\\\/\\\/www.hummeren.no\\\/#organization\",\"name\":\"Hummeren Hotell\",\"url\":\"https:\\\/\\\/www.hummeren.no\\\/\",\"logo\":{\"@type\":\"ImageObject\",\"inLanguage\":\"en-GB\",\"@id\":\"https:\\\/\\\/www.hummeren.no\\\/#\\\/schema\\\/logo\\\/image\\\/\",\"url\":\"https:\\\/\\\/www.hummeren.no\\\/wp-content\\\/uploads\\\/2015\\\/09\\\/Hummeren-_Hotell_Logo.jpg\",\"contentUrl\":\"https:\\\/\\\/www.hummeren.no\\\/wp-content\\\/uploads\\\/2015\\\/09\\\/Hummeren-_Hotell_Logo.jpg\",\"width\":293,\"height\":65,\"caption\":\"Hummeren Hotell\"},\"image\":{\"@id\":\"https:\\\/\\\/www.hummeren.no\\\/#\\\/schema\\\/logo\\\/image\\\/\"}}]}<\/script>\n<!-- \/ Yoast SEO plugin. -->","yoast_head_json":{"title":"Memorial service - Hummeren Hotell","description":"A dignified and caring memorial service, where we create a warm and respectful setting in beautiful and tranquil surroundings - designed to remember and honour your loved ones.","robots":{"index":"index","follow":"follow","max-snippet":"max-snippet:-1","max-image-preview":"max-image-preview:large","max-video-preview":"max-video-preview:-1"},"canonical":"https:\/\/www.hummeren.no\/en\/company\/memorial-service\/","og_locale":"en_GB","og_type":"article","og_title":"Minnestund - Hummeren Hotell","og_description":"En verdig og omsorgsfull minnestund, hvor vi skaper en varm og respektfull ramme i vakre og rolige omgivelser \u2013 tilrettelagt for \u00e5 minnes og hedre deres kj\u00e6re.","og_url":"https:\/\/www.hummeren.no\/en\/company\/memorial-service\/","og_site_name":"Hummeren Hotell","article_modified_time":"2025-03-25T09:30:26+00:00","og_image":[{"width":1325,"height":1440,"url":"https:\/\/www.hummeren.no\/wp-content\/uploads\/2025\/03\/minnestund-hummeren-hotell.jpg","type":"image\/jpeg"}],"twitter_card":"summary_large_image","twitter_misc":{"Estimated reading time":"2 minutes"},"schema":{"@context":"https:\/\/schema.org","@graph":[{"@type":"WebPage","@id":"https:\/\/www.hummeren.no\/selskap\/minnestund\/","url":"https:\/\/www.hummeren.no\/selskap\/minnestund\/","name":"Memorial service - Hummeren Hotell","isPartOf":{"@id":"https:\/\/www.hummeren.no\/#website"},"primaryImageOfPage":{"@id":"https:\/\/www.hummeren.no\/selskap\/minnestund\/#primaryimage"},"image":{"@id":"https:\/\/www.hummeren.no\/selskap\/minnestund\/#primaryimage"},"thumbnailUrl":"https:\/\/www.hummeren.no\/wp-content\/uploads\/2025\/03\/minnestund-hummeren-hotell.jpg","datePublished":"2015-03-09T10:07:41+00:00","dateModified":"2025-03-25T09:30:26+00:00","description":"A dignified and caring memorial service, where we create a warm and respectful setting in beautiful and tranquil surroundings - designed to remember and honour your loved ones.","breadcrumb":{"@id":"https:\/\/www.hummeren.no\/selskap\/minnestund\/#breadcrumb"},"inLanguage":"en-GB","potentialAction":[{"@type":"ReadAction","target":["https:\/\/www.hummeren.no\/selskap\/minnestund\/"]}]},{"@type":"ImageObject","inLanguage":"en-GB","@id":"https:\/\/www.hummeren.no\/selskap\/minnestund\/#primaryimage","url":"https:\/\/www.hummeren.no\/wp-content\/uploads\/2025\/03\/minnestund-hummeren-hotell.jpg","contentUrl":"https:\/\/www.hummeren.no\/wp-content\/uploads\/2025\/03\/minnestund-hummeren-hotell.jpg","width":1325,"height":1440,"caption":"Minnestund"},{"@type":"BreadcrumbList","@id":"https:\/\/www.hummeren.no\/selskap\/minnestund\/#breadcrumb","itemListElement":[{"@type":"ListItem","position":1,"name":"Hjem","item":"https:\/\/www.hummeren.no\/"},{"@type":"ListItem","position":2,"name":"Selskap &#038; arrangement","item":"https:\/\/www.hummeren.no\/selskap\/"},{"@type":"ListItem","position":3,"name":"Minnestund"}]},{"@type":"WebSite","@id":"https:\/\/www.hummeren.no\/#website","url":"https:\/\/www.hummeren.no\/","name":"Hummeren Hotel","description":"Courses, conferences, hotels, restaurants and companies","publisher":{"@id":"https:\/\/www.hummeren.no\/#organization"},"potentialAction":[{"@type":"SearchAction","target":{"@type":"EntryPoint","urlTemplate":"https:\/\/www.hummeren.no\/?s={search_term_string}"},"query-input":{"@type":"PropertyValueSpecification","valueRequired":true,"valueName":"search_term_string"}}],"inLanguage":"en-GB"},{"@type":"Organization","@id":"https:\/\/www.hummeren.no\/#organization","name":"Hummeren Hotel","url":"https:\/\/www.hummeren.no\/","logo":{"@type":"ImageObject","inLanguage":"en-GB","@id":"https:\/\/www.hummeren.no\/#\/schema\/logo\/image\/","url":"https:\/\/www.hummeren.no\/wp-content\/uploads\/2015\/09\/Hummeren-_Hotell_Logo.jpg","contentUrl":"https:\/\/www.hummeren.no\/wp-content\/uploads\/2015\/09\/Hummeren-_Hotell_Logo.jpg","width":293,"height":65,"caption":"Hummeren Hotell"},"image":{"@id":"https:\/\/www.hummeren.no\/#\/schema\/logo\/image\/"}}]}},"_links":{"self":[{"href":"https:\/\/www.hummeren.no\/en\/wp-json\/wp\/v2\/pages\/534","targetHints":{"allow":["GET"]}}],"collection":[{"href":"https:\/\/www.hummeren.no\/en\/wp-json\/wp\/v2\/pages"}],"about":[{"href":"https:\/\/www.hummeren.no\/en\/wp-json\/wp\/v2\/types\/page"}],"author":[{"embeddable":true,"href":"https:\/\/www.hummeren.no\/en\/wp-json\/wp\/v2\/users\/3"}],"replies":[{"embeddable":true,"href":"https:\/\/www.hummeren.no\/en\/wp-json\/wp\/v2\/comments?post=534"}],"version-history":[{"count":9,"href":"https:\/\/www.hummeren.no\/en\/wp-json\/wp\/v2\/pages\/534\/revisions"}],"predecessor-version":[{"id":9972,"href":"https:\/\/www.hummeren.no\/en\/wp-json\/wp\/v2\/pages\/534\/revisions\/9972"}],"up":[{"embeddable":true,"href":"https:\/\/www.hummeren.no\/en\/wp-json\/wp\/v2\/pages\/30"}],"wp:featuredmedia":[{"embeddable":true,"href":"https:\/\/www.hummeren.no\/en\/wp-json\/wp\/v2\/media\/9560"}],"wp:attachment":[{"href":"https:\/\/www.hummeren.no\/en\/wp-json\/wp\/v2\/media?parent=534"}],"curies":[{"name":"wp","href":"https:\/\/api.w.org\/{rel}","templated":true}]}}