{"id":9576,"date":"2025-03-12T13:13:29","date_gmt":"2025-03-12T12:13:29","guid":{"rendered":"https:\/\/www-hummeren.wp1.hcweb.dev\/?page_id=9576"},"modified":"2025-03-25T09:46:29","modified_gmt":"2025-03-25T08:46:29","slug":"opening-hours-and-menu-in-the-restaurant","status":"publish","type":"page","link":"https:\/\/www.hummeren.no\/en\/mat-og-drikke\/apningstider-og-meny-i-restauranten\/","title":{"rendered":"Opening hours in the restaurant"},"content":{"rendered":"<h2 class=\"wp-block-heading\">Experience our restaurant - flavoursome dishes made from the season's best ingredients, served in a maritime and atmospheric atmosphere by the sea.<\/h2>    <p>Our restaurant is open on the following days: <strong>Monday - Saturday 11:30 - 21:00.<\/strong><br><strong>PS:<\/strong> Subject to change depending on season, capacity and events.<\/p>    <p><a href=\"https:\/\/www.hummeren.no\/en\/pre-porcelain\/\">We recommend booking a table<\/a><\/p>    <h3 class=\"wp-block-heading\">A la carte menu<\/h3>    <p>Our \u00e0 la carte menu varies according to the season and the best ingredients - ask your waiter for today's recommendation. We serve both inside and outside on our large pier and in our glasshouse if there is spare capacity.<\/p>    <figure class=\"wp-block-gallery has-nested-images columns-4 is-cropped wp-block-gallery-1 is-layout-flex wp-block-gallery-is-layout-flex\"> <figure class=\"wp-block-image size-large\"><a href=\"https:\/\/www.hummeren.no\/wp-content\/uploads\/2025\/03\/tapas-1.jpg\"><img decoding=\"async\" width=\"1024\" height=\"884\" data-id=\"9812\" src=\"https:\/\/www.hummeren.no\/wp-content\/uploads\/2025\/03\/tapas-1-1024x884.jpg\" alt=\"\" class=\"wp-image-9812\" srcset=\"https:\/\/www.hummeren.no\/wp-content\/uploads\/2025\/03\/tapas-1-1024x884.jpg 1024w, https:\/\/www.hummeren.no\/wp-content\/uploads\/2025\/03\/tapas-1-300x259.jpg 300w, https:\/\/www.hummeren.no\/wp-content\/uploads\/2025\/03\/tapas-1.jpg 1296w\" sizes=\"(max-width: 1024px) 100vw, 1024px\" \/><\/a><\/figure>    <figure class=\"wp-block-image size-large\"><a href=\"https:\/\/www.hummeren.no\/wp-content\/uploads\/2025\/03\/glasshuset.jpg\"><img decoding=\"async\" width=\"1024\" height=\"884\" data-id=\"9813\" src=\"https:\/\/www.hummeren.no\/wp-content\/uploads\/2025\/03\/glasshuset-1024x884.jpg\" alt=\"\" class=\"wp-image-9813\" srcset=\"https:\/\/www.hummeren.no\/wp-content\/uploads\/2025\/03\/glasshuset-1024x884.jpg 1024w, https:\/\/www.hummeren.no\/wp-content\/uploads\/2025\/03\/glasshuset-300x259.jpg 300w, https:\/\/www.hummeren.no\/wp-content\/uploads\/2025\/03\/glasshuset.jpg 1296w\" sizes=\"(max-width: 1024px) 100vw, 1024px\" \/><\/a><\/figure>    <figure class=\"wp-block-image size-large\"><a href=\"https:\/\/www.hummeren.no\/wp-content\/uploads\/2025\/03\/restauranten-1-1.jpg\"><img decoding=\"async\" data-id=\"9814\" src=\"https:\/\/www.hummeren.no\/wp-content\/uploads\/2025\/03\/restauranten-1-1-1024x884.jpg\" alt=\"\" class=\"wp-image-9814\"\/><\/a><\/figure>    <figure class=\"wp-block-image size-large\"><a href=\"https:\/\/www.hummeren.no\/wp-content\/uploads\/2025\/03\/restauranten.jpg\"><img decoding=\"async\" width=\"1024\" height=\"884\" data-id=\"9815\" src=\"https:\/\/www.hummeren.no\/wp-content\/uploads\/2025\/03\/restauranten-1024x884.jpg\" alt=\"\" class=\"wp-image-9815\" srcset=\"https:\/\/www.hummeren.no\/wp-content\/uploads\/2025\/03\/restauranten-1024x884.jpg 1024w, https:\/\/www.hummeren.no\/wp-content\/uploads\/2025\/03\/restauranten-300x259.jpg 300w, https:\/\/www.hummeren.no\/wp-content\/uploads\/2025\/03\/restauranten.jpg 1296w\" sizes=\"(max-width: 1024px) 100vw, 1024px\" \/><\/a><\/figure> <\/figure>    <h3 class=\"wp-block-heading\">Business lunch buffet - must be booked in advance&nbsp;<\/h3>    <p>Feel free to call to book or for more information about what we can offer. Everything from \u00e0 la carte with our excellent fish soup as a bestseller to our tasty lunch table with both cold and hot dishes.<\/p>    <h3 class=\"wp-block-heading\">Sunday buffet<\/h3>    <p>Covered every Sunday with two table settings. At 13.00 and 17.00. <a href=\"https:\/\/www.hummeren.no\/en\/food-and-drink\/sunday-buffet-in-stavanger\/\">More about the Sunday buffet here.<\/a><\/p>    <p><strong>Give us a call<\/strong> on the phone <a href=\"tel:004751694000\">51 69 40 00<\/a> or\u00a0<strong>e-mail<\/strong>\u00a0<a href=\"mailto:booking@hummeren.no\">booking@hummeren.no<\/a>.<\/p>","protected":false},"excerpt":{"rendered":"<p>Opplev v\u00e5r restaurant \u2013 smakfulle retter laget av sesongens beste r\u00e5varer, servert i en maritim og stemningsfull atmosf\u00e6re ved sj\u00f8en. Restauranten v\u00e5r har \u00e5pent f\u00f8lgende dager: Mandag \u2013 l\u00f8rdag kl. 11:30 \u2013 21:00.PS: Med forbehold om endringer, avhengig av sesong, kapasitet og arrangement. Vi anbefaler \u00e5 bestille bord \u00c0 la carte meny V\u00e5r \u00e0 la&hellip;<\/p>","protected":false},"author":3,"featured_media":9285,"parent":32,"menu_order":0,"comment_status":"closed","ping_status":"closed","template":"","meta":{"footnotes":""},"class_list":["post-9576","page","type-page","status-publish","has-post-thumbnail","hentry"],"yoast_head":"<!-- This site is optimized with the Yoast SEO plugin v27.5 - https:\/\/yoast.com\/product\/yoast-seo-wordpress\/ -->\n<title>\u00c5pningstider i restauranten - Hummeren Hotell<\/title>\n<meta name=\"description\" content=\"Opplev v\u00e5r restaurant \u2013 smakfulle retter laget av sesongens beste r\u00e5varer, servert i en maritim og stemningsfull atmosf\u00e6re ved sj\u00f8en.\" \/>\n<meta name=\"robots\" content=\"index, follow, max-snippet:-1, max-image-preview:large, max-video-preview:-1\" \/>\n<link rel=\"canonical\" href=\"https:\/\/www.hummeren.no\/en\/food-and-drink\/opening-hours-and-menu-in-the-restaurant\/\" \/>\n<meta property=\"og:locale\" content=\"en_GB\" \/>\n<meta property=\"og:type\" content=\"article\" \/>\n<meta property=\"og:title\" content=\"\u00c5pningstider i restauranten - Hummeren Hotell\" \/>\n<meta property=\"og:description\" content=\"Opplev v\u00e5r restaurant \u2013 smakfulle retter laget av sesongens beste r\u00e5varer, servert i en maritim og stemningsfull atmosf\u00e6re ved sj\u00f8en.\" \/>\n<meta property=\"og:url\" content=\"https:\/\/www.hummeren.no\/en\/food-and-drink\/opening-hours-and-menu-in-the-restaurant\/\" \/>\n<meta property=\"og:site_name\" content=\"Hummeren Hotell\" \/>\n<meta property=\"article:modified_time\" content=\"2025-03-25T08:46:29+00:00\" \/>\n<meta property=\"og:image\" content=\"https:\/\/www.hummeren.no\/wp-content\/uploads\/2025\/02\/mat.jpg\" \/>\n\t<meta property=\"og:image:width\" content=\"1600\" \/>\n\t<meta property=\"og:image:height\" content=\"1350\" \/>\n\t<meta property=\"og:image:type\" content=\"image\/jpeg\" \/>\n<meta name=\"twitter:card\" content=\"summary_large_image\" \/>\n<meta name=\"twitter:label1\" content=\"Estimated reading time\" \/>\n\t<meta name=\"twitter:data1\" content=\"2 minutes\" \/>\n<script type=\"application\/ld+json\" class=\"yoast-schema-graph\">{\"@context\":\"https:\\\/\\\/schema.org\",\"@graph\":[{\"@type\":\"WebPage\",\"@id\":\"https:\\\/\\\/www.hummeren.no\\\/mat-og-drikke\\\/apningstider-og-meny-i-restauranten\\\/\",\"url\":\"https:\\\/\\\/www.hummeren.no\\\/mat-og-drikke\\\/apningstider-og-meny-i-restauranten\\\/\",\"name\":\"\u00c5pningstider i restauranten - Hummeren Hotell\",\"isPartOf\":{\"@id\":\"https:\\\/\\\/www.hummeren.no\\\/#website\"},\"primaryImageOfPage\":{\"@id\":\"https:\\\/\\\/www.hummeren.no\\\/mat-og-drikke\\\/apningstider-og-meny-i-restauranten\\\/#primaryimage\"},\"image\":{\"@id\":\"https:\\\/\\\/www.hummeren.no\\\/mat-og-drikke\\\/apningstider-og-meny-i-restauranten\\\/#primaryimage\"},\"thumbnailUrl\":\"https:\\\/\\\/www.hummeren.no\\\/wp-content\\\/uploads\\\/2025\\\/02\\\/mat.jpg\",\"datePublished\":\"2025-03-12T12:13:29+00:00\",\"dateModified\":\"2025-03-25T08:46:29+00:00\",\"description\":\"Opplev v\u00e5r restaurant \u2013 smakfulle retter laget av sesongens beste r\u00e5varer, servert i en maritim og stemningsfull atmosf\u00e6re ved sj\u00f8en.\",\"breadcrumb\":{\"@id\":\"https:\\\/\\\/www.hummeren.no\\\/mat-og-drikke\\\/apningstider-og-meny-i-restauranten\\\/#breadcrumb\"},\"inLanguage\":\"en-GB\",\"potentialAction\":[{\"@type\":\"ReadAction\",\"target\":[\"https:\\\/\\\/www.hummeren.no\\\/mat-og-drikke\\\/apningstider-og-meny-i-restauranten\\\/\"]}]},{\"@type\":\"ImageObject\",\"inLanguage\":\"en-GB\",\"@id\":\"https:\\\/\\\/www.hummeren.no\\\/mat-og-drikke\\\/apningstider-og-meny-i-restauranten\\\/#primaryimage\",\"url\":\"https:\\\/\\\/www.hummeren.no\\\/wp-content\\\/uploads\\\/2025\\\/02\\\/mat.jpg\",\"contentUrl\":\"https:\\\/\\\/www.hummeren.no\\\/wp-content\\\/uploads\\\/2025\\\/02\\\/mat.jpg\",\"width\":1600,\"height\":1350},{\"@type\":\"BreadcrumbList\",\"@id\":\"https:\\\/\\\/www.hummeren.no\\\/mat-og-drikke\\\/apningstider-og-meny-i-restauranten\\\/#breadcrumb\",\"itemListElement\":[{\"@type\":\"ListItem\",\"position\":1,\"name\":\"Hjem\",\"item\":\"https:\\\/\\\/www.hummeren.no\\\/\"},{\"@type\":\"ListItem\",\"position\":2,\"name\":\"Mat og drikke\",\"item\":\"https:\\\/\\\/www.hummeren.no\\\/mat-og-drikke\\\/\"},{\"@type\":\"ListItem\",\"position\":3,\"name\":\"\u00c5pningstider i restauranten\"}]},{\"@type\":\"WebSite\",\"@id\":\"https:\\\/\\\/www.hummeren.no\\\/#website\",\"url\":\"https:\\\/\\\/www.hummeren.no\\\/\",\"name\":\"Hummeren Hotell\",\"description\":\"Kurs, konferanse, hotell, restaurant og selskap\",\"publisher\":{\"@id\":\"https:\\\/\\\/www.hummeren.no\\\/#organization\"},\"potentialAction\":[{\"@type\":\"SearchAction\",\"target\":{\"@type\":\"EntryPoint\",\"urlTemplate\":\"https:\\\/\\\/www.hummeren.no\\\/?s={search_term_string}\"},\"query-input\":{\"@type\":\"PropertyValueSpecification\",\"valueRequired\":true,\"valueName\":\"search_term_string\"}}],\"inLanguage\":\"en-GB\"},{\"@type\":\"Organization\",\"@id\":\"https:\\\/\\\/www.hummeren.no\\\/#organization\",\"name\":\"Hummeren Hotell\",\"url\":\"https:\\\/\\\/www.hummeren.no\\\/\",\"logo\":{\"@type\":\"ImageObject\",\"inLanguage\":\"en-GB\",\"@id\":\"https:\\\/\\\/www.hummeren.no\\\/#\\\/schema\\\/logo\\\/image\\\/\",\"url\":\"https:\\\/\\\/www.hummeren.no\\\/wp-content\\\/uploads\\\/2015\\\/09\\\/Hummeren-_Hotell_Logo.jpg\",\"contentUrl\":\"https:\\\/\\\/www.hummeren.no\\\/wp-content\\\/uploads\\\/2015\\\/09\\\/Hummeren-_Hotell_Logo.jpg\",\"width\":293,\"height\":65,\"caption\":\"Hummeren Hotell\"},\"image\":{\"@id\":\"https:\\\/\\\/www.hummeren.no\\\/#\\\/schema\\\/logo\\\/image\\\/\"}}]}<\/script>\n<!-- \/ Yoast SEO plugin. -->","yoast_head_json":{"title":"Opening hours in the restaurant - Hummeren Hotell","description":"Experience our restaurant - flavoursome dishes made from the season's best ingredients, served in a maritime and atmospheric atmosphere by the sea.","robots":{"index":"index","follow":"follow","max-snippet":"max-snippet:-1","max-image-preview":"max-image-preview:large","max-video-preview":"max-video-preview:-1"},"canonical":"https:\/\/www.hummeren.no\/en\/food-and-drink\/opening-hours-and-menu-in-the-restaurant\/","og_locale":"en_GB","og_type":"article","og_title":"\u00c5pningstider i restauranten - Hummeren Hotell","og_description":"Opplev v\u00e5r restaurant \u2013 smakfulle retter laget av sesongens beste r\u00e5varer, servert i en maritim og stemningsfull atmosf\u00e6re ved sj\u00f8en.","og_url":"https:\/\/www.hummeren.no\/en\/food-and-drink\/opening-hours-and-menu-in-the-restaurant\/","og_site_name":"Hummeren Hotell","article_modified_time":"2025-03-25T08:46:29+00:00","og_image":[{"width":1600,"height":1350,"url":"https:\/\/www.hummeren.no\/wp-content\/uploads\/2025\/02\/mat.jpg","type":"image\/jpeg"}],"twitter_card":"summary_large_image","twitter_misc":{"Estimated reading time":"2 minutes"},"schema":{"@context":"https:\/\/schema.org","@graph":[{"@type":"WebPage","@id":"https:\/\/www.hummeren.no\/mat-og-drikke\/apningstider-og-meny-i-restauranten\/","url":"https:\/\/www.hummeren.no\/mat-og-drikke\/apningstider-og-meny-i-restauranten\/","name":"Opening hours in the restaurant - Hummeren Hotell","isPartOf":{"@id":"https:\/\/www.hummeren.no\/#website"},"primaryImageOfPage":{"@id":"https:\/\/www.hummeren.no\/mat-og-drikke\/apningstider-og-meny-i-restauranten\/#primaryimage"},"image":{"@id":"https:\/\/www.hummeren.no\/mat-og-drikke\/apningstider-og-meny-i-restauranten\/#primaryimage"},"thumbnailUrl":"https:\/\/www.hummeren.no\/wp-content\/uploads\/2025\/02\/mat.jpg","datePublished":"2025-03-12T12:13:29+00:00","dateModified":"2025-03-25T08:46:29+00:00","description":"Experience our restaurant - flavoursome dishes made from the season's best ingredients, served in a maritime and atmospheric atmosphere by the sea.","breadcrumb":{"@id":"https:\/\/www.hummeren.no\/mat-og-drikke\/apningstider-og-meny-i-restauranten\/#breadcrumb"},"inLanguage":"en-GB","potentialAction":[{"@type":"ReadAction","target":["https:\/\/www.hummeren.no\/mat-og-drikke\/apningstider-og-meny-i-restauranten\/"]}]},{"@type":"ImageObject","inLanguage":"en-GB","@id":"https:\/\/www.hummeren.no\/mat-og-drikke\/apningstider-og-meny-i-restauranten\/#primaryimage","url":"https:\/\/www.hummeren.no\/wp-content\/uploads\/2025\/02\/mat.jpg","contentUrl":"https:\/\/www.hummeren.no\/wp-content\/uploads\/2025\/02\/mat.jpg","width":1600,"height":1350},{"@type":"BreadcrumbList","@id":"https:\/\/www.hummeren.no\/mat-og-drikke\/apningstider-og-meny-i-restauranten\/#breadcrumb","itemListElement":[{"@type":"ListItem","position":1,"name":"Hjem","item":"https:\/\/www.hummeren.no\/"},{"@type":"ListItem","position":2,"name":"Mat og drikke","item":"https:\/\/www.hummeren.no\/mat-og-drikke\/"},{"@type":"ListItem","position":3,"name":"\u00c5pningstider i restauranten"}]},{"@type":"WebSite","@id":"https:\/\/www.hummeren.no\/#website","url":"https:\/\/www.hummeren.no\/","name":"Hummeren Hotel","description":"Courses, conferences, hotels, restaurants and companies","publisher":{"@id":"https:\/\/www.hummeren.no\/#organization"},"potentialAction":[{"@type":"SearchAction","target":{"@type":"EntryPoint","urlTemplate":"https:\/\/www.hummeren.no\/?s={search_term_string}"},"query-input":{"@type":"PropertyValueSpecification","valueRequired":true,"valueName":"search_term_string"}}],"inLanguage":"en-GB"},{"@type":"Organization","@id":"https:\/\/www.hummeren.no\/#organization","name":"Hummeren Hotel","url":"https:\/\/www.hummeren.no\/","logo":{"@type":"ImageObject","inLanguage":"en-GB","@id":"https:\/\/www.hummeren.no\/#\/schema\/logo\/image\/","url":"https:\/\/www.hummeren.no\/wp-content\/uploads\/2015\/09\/Hummeren-_Hotell_Logo.jpg","contentUrl":"https:\/\/www.hummeren.no\/wp-content\/uploads\/2015\/09\/Hummeren-_Hotell_Logo.jpg","width":293,"height":65,"caption":"Hummeren Hotell"},"image":{"@id":"https:\/\/www.hummeren.no\/#\/schema\/logo\/image\/"}}]}},"_links":{"self":[{"href":"https:\/\/www.hummeren.no\/en\/wp-json\/wp\/v2\/pages\/9576","targetHints":{"allow":["GET"]}}],"collection":[{"href":"https:\/\/www.hummeren.no\/en\/wp-json\/wp\/v2\/pages"}],"about":[{"href":"https:\/\/www.hummeren.no\/en\/wp-json\/wp\/v2\/types\/page"}],"author":[{"embeddable":true,"href":"https:\/\/www.hummeren.no\/en\/wp-json\/wp\/v2\/users\/3"}],"replies":[{"embeddable":true,"href":"https:\/\/www.hummeren.no\/en\/wp-json\/wp\/v2\/comments?post=9576"}],"version-history":[{"count":14,"href":"https:\/\/www.hummeren.no\/en\/wp-json\/wp\/v2\/pages\/9576\/revisions"}],"predecessor-version":[{"id":9956,"href":"https:\/\/www.hummeren.no\/en\/wp-json\/wp\/v2\/pages\/9576\/revisions\/9956"}],"up":[{"embeddable":true,"href":"https:\/\/www.hummeren.no\/en\/wp-json\/wp\/v2\/pages\/32"}],"wp:featuredmedia":[{"embeddable":true,"href":"https:\/\/www.hummeren.no\/en\/wp-json\/wp\/v2\/media\/9285"}],"wp:attachment":[{"href":"https:\/\/www.hummeren.no\/en\/wp-json\/wp\/v2\/media?parent=9576"}],"curies":[{"name":"wp","href":"https:\/\/api.w.org\/{rel}","templated":true}]}}