{"id":9582,"date":"2025-03-12T13:25:44","date_gmt":"2025-03-12T12:25:44","guid":{"rendered":"https:\/\/www-hummeren.wp1.hcweb.dev\/?page_id=9582"},"modified":"2025-03-25T09:50:44","modified_gmt":"2025-03-25T08:50:44","slug":"wedding","status":"publish","type":"page","link":"https:\/\/www.hummeren.no\/en\/selskap\/bryllup\/","title":{"rendered":"Weddings in Stavanger"},"content":{"rendered":"<h2 class=\"wp-block-heading\">A wedding by the sea is a romantic dream for many couples. <\/h2>    <h3 class=\"wp-block-heading\">A magical start to your marriage<\/h3>    <p>We'll tailor-make what you want in a very maritime and romantic setting here in the harbour in Tananger. Hummeren Hotell has had the pleasure of planning weddings here in the harbour since 1936 and knows how important it is that everything is just right on the big day.<\/p>    <h3 class=\"wp-block-heading\">Seagull calls, salty sea<\/h3>    <p>Our kitchen team ensures an unforgettable wedding dinner with first-class local ingredients, and we collaborate with highly skilled confectioners here in Stavanger on wedding cakes. <\/p>    <p>When the evening is over, the bride and groom can retire to one of our two suites, each with a magnificent panoramic view of the harbour here in Tananger. The sound of seagulls, the salty sea, the idyll of southern Norway and the harbourside all contribute to making the big day a memorable experience. For life.<\/p>    <figure class=\"wp-block-image size-large\"><img decoding=\"async\" width=\"1024\" height=\"662\" src=\"https:\/\/www.hummeren.no\/wp-content\/uploads\/2025\/02\/bryllup-1024x662.jpg\" alt=\"\" class=\"wp-image-9228\" srcset=\"https:\/\/www.hummeren.no\/wp-content\/uploads\/2025\/02\/bryllup-1024x662.jpg 1024w, https:\/\/www.hummeren.no\/wp-content\/uploads\/2025\/02\/bryllup-300x194.jpg 300w, https:\/\/www.hummeren.no\/wp-content\/uploads\/2025\/02\/bryllup-1536x994.jpg 1536w, https:\/\/www.hummeren.no\/wp-content\/uploads\/2025\/02\/bryllup.jpg 1920w\" sizes=\"(max-width: 1024px) 100vw, 1024px\" \/><figcaption class=\"wp-element-caption\">Weddings <\/figcaption><\/figure>    <p>We want your shoulders to drop and you to be able to relax. That's why we've put together a wedding package that makes planning a little easier. Here you can easily choose what's right for your wedding.<\/p>    <p style=\"text-decoration:underline\"><a href=\"#kontaktskjema\">Send us an enquiry<\/a><\/p>    <h3 class=\"wp-block-heading\">Wedding package at Hummeren Hotell<\/h3>    <p><strong>The package includes the following:<\/strong><br><em>3-course dinner - you choose from our company menu where the prices are stated<br>Coffee for dessert<br>Venue hire - you choose the venue based on your wishes and needs - prices are quoted per venue. It is also possible to have the room that is available if you are flexible and not so many guests.<br>Set the table with white tablecloths, cloth napkins and white candles.<br>We can help you order flowers and music for an additional fee.<br>Bridal suite with lunch<br>Guided tours and planning calls<br>AV equipment included in the venue you choose<br>From NOK 1095,- per person<\/em><\/p>    <p>From the menu here, you can choose what's perfect for your wedding - we'll be happy to make recommendations.<\/p>    <h3 class=\"wp-block-heading\">Arrival - for example at the pier edge;<\/h3>    <figure class=\"wp-block-image size-full\"><img decoding=\"async\" width=\"768\" height=\"960\" src=\"https:\/\/www.hummeren.no\/wp-content\/uploads\/2025\/02\/459633654_928783579059684_8226311435392468716_n.jpg\" alt=\"\" class=\"wp-image-9172\" srcset=\"https:\/\/www.hummeren.no\/wp-content\/uploads\/2025\/02\/459633654_928783579059684_8226311435392468716_n.jpg 768w, https:\/\/www.hummeren.no\/wp-content\/uploads\/2025\/02\/459633654_928783579059684_8226311435392468716_n-240x300.jpg 240w\" sizes=\"(max-width: 768px) 100vw, 768px\" \/><\/figure>    <p>While guests are waiting for the bride and groom to arrive, we have these temptations to offer.<br>Lefestryll 3 varieties ,- with whipped cream flavoured with fresh herbs, garnished with cured ham from NYYT on J\u00e6ren, smoked salmon from Hjelmeland and a crunchy flavour bomb of seasonal fresh vegetables Kr 95,- per person. Fresh fruit deliciously served on a platter \u00a385 per person<\/p>    <h3 class=\"wp-block-heading\">The menu for the big day<\/h3>    <p>Here you can put together a tasty menu - we recommend a 3-course meal. For summer weddings on the jetty in our pergola, we can also have the Lobster's Jetty Menu.<\/p>    <h3 class=\"wp-block-heading\">Wine package - we recommend<\/h3>    <p>One glass of sparkling wine as a welcome drink, two glasses of house wine with dinner Kr. 375,-<br>Or<br>One glass of sparkling wine as a welcome, three glasses of house wine with dinner Kr. 500,-<br>We also have our own wine list that varies according to the season.<\/p>    <h3 class=\"wp-block-heading\">Cake buffet with wedding cake<\/h3>    <p>You can bring your own cakes and deliver them to the hotel on the same day or the evening before, and we will set up a buffet with coffee\/tea, napkins, plates, etc. Price per person NOK. 85,- (\"Coffee \/ Cake money\"). If desired, we can order all cakes, including wedding cakes for an additional charge of NOK 1,000 for handling this. You will then be sent a cake menu to choose from with prices per cake.<\/p>    <p>Bar with all rights can be open until 02.00. We can put together a bar menu according to your wishes.<\/p>    <p>Travelling wedding guests can <a href=\"https:\/\/www.hummeren.no\/en\/rom\/\">spend the night in our cosy rooms. <\/a><br>Double room kr. 1295.- incl. breakfast <br>Single room NOK. 1095.- incl. breakfast<\/p>    <h3 class=\"wp-block-heading\">Premises that can be booked here at Hummeren are as follows<\/h3>    <p>Our restaurant - takes up to 120 guests <br>Price NOK 8000,- fully set up<br><br>Pergola on the pier - accommodates up to 85 guests <br>Price NOK 12 000,- fully set up<br><br>Smaller weddings Otter\/Galeasen or Schooner <br>Price NOK 5000,- fully set up<\/p>    <p>You will then have access to the room from 12.00 on the same day. If you want access to the room the night before, you can arrange this directly at the walk-through. Normally, there will then be a surcharge of NOK 2000.<\/p>    <hr class=\"wp-block-separator has-alpha-channel-opacity\"\/>    <p>Feel free to contact our wedding specialist Susan at 46743589 or ask for Susan when you call us.<\/p>","protected":false},"excerpt":{"rendered":"<p>Bryllup ved havet er for mange brudepar en romantisk dr\u00f8m. En magisk start p\u00e5 ekteskapet Vi skreddersyr det dere \u00f8nsker i sv\u00e6rt maritime og romantiske omgivelser her i havnen i Tananger. Hummeren Hotell har hatt gleden av \u00e5 planlegge bryllup her i havnen siden 1936 , og vet hvor viktig det er at alt stemmer&hellip;<\/p>","protected":false},"author":3,"featured_media":9392,"parent":30,"menu_order":0,"comment_status":"closed","ping_status":"closed","template":"","meta":{"footnotes":""},"class_list":["post-9582","page","type-page","status-publish","has-post-thumbnail","hentry"],"yoast_head":"<!-- This site is optimized with the Yoast SEO plugin v27.6 - https:\/\/yoast.com\/product\/yoast-seo-wordpress\/ -->\n<title>Bryllup i Stavanger - Hummeren Hotell<\/title>\n<meta name=\"description\" content=\"Bryllup p\u00e5 Hummeren Hotell \u2013 Den perfekte rammen for den store dagen\" \/>\n<meta name=\"robots\" content=\"index, follow, max-snippet:-1, max-image-preview:large, max-video-preview:-1\" \/>\n<link rel=\"canonical\" href=\"https:\/\/www.hummeren.no\/en\/company\/wedding\/\" \/>\n<meta property=\"og:locale\" content=\"en_GB\" \/>\n<meta property=\"og:type\" content=\"article\" \/>\n<meta property=\"og:title\" content=\"Bryllup i Stavanger - Hummeren Hotell\" \/>\n<meta property=\"og:description\" content=\"Bryllup p\u00e5 Hummeren Hotell \u2013 Den perfekte rammen for den store dagen\" \/>\n<meta property=\"og:url\" content=\"https:\/\/www.hummeren.no\/en\/company\/wedding\/\" \/>\n<meta property=\"og:site_name\" content=\"Hummeren Hotell\" \/>\n<meta property=\"article:modified_time\" content=\"2025-03-25T08:50:44+00:00\" \/>\n<meta property=\"og:image\" content=\"https:\/\/www.hummeren.no\/wp-content\/uploads\/2025\/03\/DSCF5573-scaled.jpg\" \/>\n\t<meta property=\"og:image:width\" content=\"2560\" \/>\n\t<meta property=\"og:image:height\" content=\"1707\" \/>\n\t<meta property=\"og:image:type\" content=\"image\/jpeg\" \/>\n<meta name=\"twitter:card\" content=\"summary_large_image\" \/>\n<meta name=\"twitter:label1\" content=\"Estimated reading time\" \/>\n\t<meta name=\"twitter:data1\" content=\"4 minutes\" \/>\n<script type=\"application\/ld+json\" class=\"yoast-schema-graph\">{\"@context\":\"https:\\\/\\\/schema.org\",\"@graph\":[{\"@type\":\"WebPage\",\"@id\":\"https:\\\/\\\/www.hummeren.no\\\/selskap\\\/bryllup\\\/\",\"url\":\"https:\\\/\\\/www.hummeren.no\\\/selskap\\\/bryllup\\\/\",\"name\":\"Bryllup i Stavanger - Hummeren Hotell\",\"isPartOf\":{\"@id\":\"https:\\\/\\\/www.hummeren.no\\\/#website\"},\"primaryImageOfPage\":{\"@id\":\"https:\\\/\\\/www.hummeren.no\\\/selskap\\\/bryllup\\\/#primaryimage\"},\"image\":{\"@id\":\"https:\\\/\\\/www.hummeren.no\\\/selskap\\\/bryllup\\\/#primaryimage\"},\"thumbnailUrl\":\"https:\\\/\\\/www.hummeren.no\\\/wp-content\\\/uploads\\\/2025\\\/03\\\/DSCF5573-scaled.jpg\",\"datePublished\":\"2025-03-12T12:25:44+00:00\",\"dateModified\":\"2025-03-25T08:50:44+00:00\",\"description\":\"Bryllup p\u00e5 Hummeren Hotell \u2013 Den perfekte rammen for den store dagen\",\"breadcrumb\":{\"@id\":\"https:\\\/\\\/www.hummeren.no\\\/selskap\\\/bryllup\\\/#breadcrumb\"},\"inLanguage\":\"en-GB\",\"potentialAction\":[{\"@type\":\"ReadAction\",\"target\":[\"https:\\\/\\\/www.hummeren.no\\\/selskap\\\/bryllup\\\/\"]}]},{\"@type\":\"ImageObject\",\"inLanguage\":\"en-GB\",\"@id\":\"https:\\\/\\\/www.hummeren.no\\\/selskap\\\/bryllup\\\/#primaryimage\",\"url\":\"https:\\\/\\\/www.hummeren.no\\\/wp-content\\\/uploads\\\/2025\\\/03\\\/DSCF5573-scaled.jpg\",\"contentUrl\":\"https:\\\/\\\/www.hummeren.no\\\/wp-content\\\/uploads\\\/2025\\\/03\\\/DSCF5573-scaled.jpg\",\"width\":2560,\"height\":1707,\"caption\":\"Bryllup p\u00e5 Hummeren Hotell\"},{\"@type\":\"BreadcrumbList\",\"@id\":\"https:\\\/\\\/www.hummeren.no\\\/selskap\\\/bryllup\\\/#breadcrumb\",\"itemListElement\":[{\"@type\":\"ListItem\",\"position\":1,\"name\":\"Hjem\",\"item\":\"https:\\\/\\\/www.hummeren.no\\\/\"},{\"@type\":\"ListItem\",\"position\":2,\"name\":\"Selskap &#038; arrangement\",\"item\":\"https:\\\/\\\/www.hummeren.no\\\/selskap\\\/\"},{\"@type\":\"ListItem\",\"position\":3,\"name\":\"Bryllup i Stavanger\"}]},{\"@type\":\"WebSite\",\"@id\":\"https:\\\/\\\/www.hummeren.no\\\/#website\",\"url\":\"https:\\\/\\\/www.hummeren.no\\\/\",\"name\":\"Hummeren Hotell\",\"description\":\"Kurs, konferanse, hotell, restaurant og selskap\",\"publisher\":{\"@id\":\"https:\\\/\\\/www.hummeren.no\\\/#organization\"},\"potentialAction\":[{\"@type\":\"SearchAction\",\"target\":{\"@type\":\"EntryPoint\",\"urlTemplate\":\"https:\\\/\\\/www.hummeren.no\\\/?s={search_term_string}\"},\"query-input\":{\"@type\":\"PropertyValueSpecification\",\"valueRequired\":true,\"valueName\":\"search_term_string\"}}],\"inLanguage\":\"en-GB\"},{\"@type\":\"Organization\",\"@id\":\"https:\\\/\\\/www.hummeren.no\\\/#organization\",\"name\":\"Hummeren Hotell\",\"url\":\"https:\\\/\\\/www.hummeren.no\\\/\",\"logo\":{\"@type\":\"ImageObject\",\"inLanguage\":\"en-GB\",\"@id\":\"https:\\\/\\\/www.hummeren.no\\\/#\\\/schema\\\/logo\\\/image\\\/\",\"url\":\"https:\\\/\\\/www.hummeren.no\\\/wp-content\\\/uploads\\\/2015\\\/09\\\/Hummeren-_Hotell_Logo.jpg\",\"contentUrl\":\"https:\\\/\\\/www.hummeren.no\\\/wp-content\\\/uploads\\\/2015\\\/09\\\/Hummeren-_Hotell_Logo.jpg\",\"width\":293,\"height\":65,\"caption\":\"Hummeren Hotell\"},\"image\":{\"@id\":\"https:\\\/\\\/www.hummeren.no\\\/#\\\/schema\\\/logo\\\/image\\\/\"}}]}<\/script>\n<!-- \/ Yoast SEO plugin. -->","yoast_head_json":{"title":"Wedding in Stavanger - Hummeren Hotell","description":"Weddings at Hummeren Hotell - The perfect setting for your big day","robots":{"index":"index","follow":"follow","max-snippet":"max-snippet:-1","max-image-preview":"max-image-preview:large","max-video-preview":"max-video-preview:-1"},"canonical":"https:\/\/www.hummeren.no\/en\/company\/wedding\/","og_locale":"en_GB","og_type":"article","og_title":"Bryllup i Stavanger - Hummeren Hotell","og_description":"Bryllup p\u00e5 Hummeren Hotell \u2013 Den perfekte rammen for den store dagen","og_url":"https:\/\/www.hummeren.no\/en\/company\/wedding\/","og_site_name":"Hummeren Hotell","article_modified_time":"2025-03-25T08:50:44+00:00","og_image":[{"width":2560,"height":1707,"url":"https:\/\/www.hummeren.no\/wp-content\/uploads\/2025\/03\/DSCF5573-scaled.jpg","type":"image\/jpeg"}],"twitter_card":"summary_large_image","twitter_misc":{"Estimated reading time":"4 minutes"},"schema":{"@context":"https:\/\/schema.org","@graph":[{"@type":"WebPage","@id":"https:\/\/www.hummeren.no\/selskap\/bryllup\/","url":"https:\/\/www.hummeren.no\/selskap\/bryllup\/","name":"Wedding in Stavanger - Hummeren Hotell","isPartOf":{"@id":"https:\/\/www.hummeren.no\/#website"},"primaryImageOfPage":{"@id":"https:\/\/www.hummeren.no\/selskap\/bryllup\/#primaryimage"},"image":{"@id":"https:\/\/www.hummeren.no\/selskap\/bryllup\/#primaryimage"},"thumbnailUrl":"https:\/\/www.hummeren.no\/wp-content\/uploads\/2025\/03\/DSCF5573-scaled.jpg","datePublished":"2025-03-12T12:25:44+00:00","dateModified":"2025-03-25T08:50:44+00:00","description":"Weddings at Hummeren Hotell - The perfect setting for your big day","breadcrumb":{"@id":"https:\/\/www.hummeren.no\/selskap\/bryllup\/#breadcrumb"},"inLanguage":"en-GB","potentialAction":[{"@type":"ReadAction","target":["https:\/\/www.hummeren.no\/selskap\/bryllup\/"]}]},{"@type":"ImageObject","inLanguage":"en-GB","@id":"https:\/\/www.hummeren.no\/selskap\/bryllup\/#primaryimage","url":"https:\/\/www.hummeren.no\/wp-content\/uploads\/2025\/03\/DSCF5573-scaled.jpg","contentUrl":"https:\/\/www.hummeren.no\/wp-content\/uploads\/2025\/03\/DSCF5573-scaled.jpg","width":2560,"height":1707,"caption":"Bryllup p\u00e5 Hummeren Hotell"},{"@type":"BreadcrumbList","@id":"https:\/\/www.hummeren.no\/selskap\/bryllup\/#breadcrumb","itemListElement":[{"@type":"ListItem","position":1,"name":"Hjem","item":"https:\/\/www.hummeren.no\/"},{"@type":"ListItem","position":2,"name":"Selskap &#038; arrangement","item":"https:\/\/www.hummeren.no\/selskap\/"},{"@type":"ListItem","position":3,"name":"Bryllup i Stavanger"}]},{"@type":"WebSite","@id":"https:\/\/www.hummeren.no\/#website","url":"https:\/\/www.hummeren.no\/","name":"Hummeren Hotel","description":"Courses, conferences, hotels, restaurants and companies","publisher":{"@id":"https:\/\/www.hummeren.no\/#organization"},"potentialAction":[{"@type":"SearchAction","target":{"@type":"EntryPoint","urlTemplate":"https:\/\/www.hummeren.no\/?s={search_term_string}"},"query-input":{"@type":"PropertyValueSpecification","valueRequired":true,"valueName":"search_term_string"}}],"inLanguage":"en-GB"},{"@type":"Organization","@id":"https:\/\/www.hummeren.no\/#organization","name":"Hummeren Hotel","url":"https:\/\/www.hummeren.no\/","logo":{"@type":"ImageObject","inLanguage":"en-GB","@id":"https:\/\/www.hummeren.no\/#\/schema\/logo\/image\/","url":"https:\/\/www.hummeren.no\/wp-content\/uploads\/2015\/09\/Hummeren-_Hotell_Logo.jpg","contentUrl":"https:\/\/www.hummeren.no\/wp-content\/uploads\/2015\/09\/Hummeren-_Hotell_Logo.jpg","width":293,"height":65,"caption":"Hummeren Hotell"},"image":{"@id":"https:\/\/www.hummeren.no\/#\/schema\/logo\/image\/"}}]}},"_links":{"self":[{"href":"https:\/\/www.hummeren.no\/en\/wp-json\/wp\/v2\/pages\/9582","targetHints":{"allow":["GET"]}}],"collection":[{"href":"https:\/\/www.hummeren.no\/en\/wp-json\/wp\/v2\/pages"}],"about":[{"href":"https:\/\/www.hummeren.no\/en\/wp-json\/wp\/v2\/types\/page"}],"author":[{"embeddable":true,"href":"https:\/\/www.hummeren.no\/en\/wp-json\/wp\/v2\/users\/3"}],"replies":[{"embeddable":true,"href":"https:\/\/www.hummeren.no\/en\/wp-json\/wp\/v2\/comments?post=9582"}],"version-history":[{"count":11,"href":"https:\/\/www.hummeren.no\/en\/wp-json\/wp\/v2\/pages\/9582\/revisions"}],"predecessor-version":[{"id":9959,"href":"https:\/\/www.hummeren.no\/en\/wp-json\/wp\/v2\/pages\/9582\/revisions\/9959"}],"up":[{"embeddable":true,"href":"https:\/\/www.hummeren.no\/en\/wp-json\/wp\/v2\/pages\/30"}],"wp:featuredmedia":[{"embeddable":true,"href":"https:\/\/www.hummeren.no\/en\/wp-json\/wp\/v2\/media\/9392"}],"wp:attachment":[{"href":"https:\/\/www.hummeren.no\/en\/wp-json\/wp\/v2\/media?parent=9582"}],"curies":[{"name":"wp","href":"https:\/\/api.w.org\/{rel}","templated":true}]}}