{"id":9905,"date":"2025-03-21T12:16:24","date_gmt":"2025-03-21T11:16:24","guid":{"rendered":"https:\/\/www-hummeren.wp1.hcweb.dev\/?page_id=9905"},"modified":"2025-11-18T12:26:41","modified_gmt":"2025-11-18T11:26:41","slug":"sunday-buffet-in-stavanger","status":"publish","type":"page","link":"https:\/\/www.hummeren.no\/en\/mat-og-drikke\/sondagsbuffet-i-stavanger\/","title":{"rendered":"Sunday buffet in Stavanger"},"content":{"rendered":"<h2 class=\"wp-block-heading\">Several times a month we traditionally have our delicious Sunday buffet, which is served during the spring\/summer season in our glasshouse on the pier and autumn\/winter in our main restaurant.<\/h2>    <h3 class=\"wp-block-heading\">Local produce<\/h3>    <p>Our Sunday buffet contains the best local ingredients we can get our hands on, with an extra focus on locally sourced ingredients. The buffet offers well-known and delicious classics in combination with our own speciality dishes.<\/p>    <p>Bring someone you love and enjoy a proper dining experience in delicious maritime surroundings here in the harbour in Tananger!<\/p>    <figure class=\"wp-block-gallery has-nested-images columns-4 is-cropped wp-block-gallery-1 is-layout-flex wp-block-gallery-is-layout-flex\"> <figure class=\"wp-block-image size-large\"><a href=\"https:\/\/www.hummeren.no\/wp-content\/uploads\/2025\/03\/restaurant-scaled.jpg\"><img decoding=\"async\" width=\"683\" height=\"1024\" data-id=\"9719\" src=\"https:\/\/www.hummeren.no\/wp-content\/uploads\/2025\/03\/restaurant-683x1024.jpg\" alt=\"\" class=\"wp-image-9719\" srcset=\"https:\/\/www.hummeren.no\/wp-content\/uploads\/2025\/03\/restaurant-683x1024.jpg 683w, https:\/\/www.hummeren.no\/wp-content\/uploads\/2025\/03\/restaurant-200x300.jpg 200w, https:\/\/www.hummeren.no\/wp-content\/uploads\/2025\/03\/restaurant-1024x1536.jpg 1024w, https:\/\/www.hummeren.no\/wp-content\/uploads\/2025\/03\/restaurant-1365x2048.jpg 1365w, https:\/\/www.hummeren.no\/wp-content\/uploads\/2025\/03\/restaurant-scaled.jpg 1707w\" sizes=\"(max-width: 683px) 100vw, 683px\" \/><\/a><figcaption class=\"wp-element-caption\">Glasshouse<\/figcaption><\/figure>    <figure class=\"wp-block-image size-large\"><a href=\"https:\/\/www.hummeren.no\/wp-content\/uploads\/2025\/03\/restauranten-1-1-e1742299677359.jpg\"><img decoding=\"async\" width=\"1024\" height=\"876\" data-id=\"9814\" src=\"https:\/\/www.hummeren.no\/wp-content\/uploads\/2025\/03\/restauranten-1-1-e1742299677359-1024x876.jpg\" alt=\"Buffet\" class=\"wp-image-9814\" srcset=\"https:\/\/www.hummeren.no\/wp-content\/uploads\/2025\/03\/restauranten-1-1-e1742299677359-1024x876.jpg 1024w, https:\/\/www.hummeren.no\/wp-content\/uploads\/2025\/03\/restauranten-1-1-e1742299677359-300x257.jpg 300w, https:\/\/www.hummeren.no\/wp-content\/uploads\/2025\/03\/restauranten-1-1-e1742299677359.jpg 1280w\" sizes=\"(max-width: 1024px) 100vw, 1024px\" \/><\/a><figcaption class=\"wp-element-caption\">Buffet<\/figcaption><\/figure>    <figure class=\"wp-block-image size-large\"><a href=\"https:\/\/www.hummeren.no\/wp-content\/uploads\/2025\/02\/469809858_18029974265590221_6191369052532191911_n.jpg\"><img decoding=\"async\" width=\"1024\" height=\"768\" data-id=\"9226\" src=\"https:\/\/www.hummeren.no\/wp-content\/uploads\/2025\/02\/469809858_18029974265590221_6191369052532191911_n-1024x768.jpg\" alt=\"Summer party\" class=\"wp-image-9226\" srcset=\"https:\/\/www.hummeren.no\/wp-content\/uploads\/2025\/02\/469809858_18029974265590221_6191369052532191911_n-1024x768.jpg 1024w, https:\/\/www.hummeren.no\/wp-content\/uploads\/2025\/02\/469809858_18029974265590221_6191369052532191911_n-300x225.jpg 300w, https:\/\/www.hummeren.no\/wp-content\/uploads\/2025\/02\/469809858_18029974265590221_6191369052532191911_n.jpg 1440w\" sizes=\"(max-width: 1024px) 100vw, 1024px\" \/><\/a><figcaption class=\"wp-element-caption\">Cosy up on the jetty<\/figcaption><\/figure>    <figure class=\"wp-block-image size-large\"><a href=\"https:\/\/www.hummeren.no\/wp-content\/uploads\/2025\/02\/469868857_18029974418590221_8902546336480133211_n.jpg\"><img decoding=\"async\" width=\"1024\" height=\"772\" data-id=\"9179\" src=\"https:\/\/www.hummeren.no\/wp-content\/uploads\/2025\/02\/469868857_18029974418590221_8902546336480133211_n-1024x772.jpg\" alt=\"\" class=\"wp-image-9179\" srcset=\"https:\/\/www.hummeren.no\/wp-content\/uploads\/2025\/02\/469868857_18029974418590221_8902546336480133211_n-1024x772.jpg 1024w, https:\/\/www.hummeren.no\/wp-content\/uploads\/2025\/02\/469868857_18029974418590221_8902546336480133211_n-300x226.jpg 300w, https:\/\/www.hummeren.no\/wp-content\/uploads\/2025\/02\/469868857_18029974418590221_8902546336480133211_n.jpg 1440w\" sizes=\"(max-width: 1024px) 100vw, 1024px\" \/><\/a><\/figure> <\/figure>    <h3 class=\"wp-block-heading\">Boarding<\/h3>    <p>Every Sunday we have two table settings: 1 p.m. and<strong> <\/strong>15:30. The price is 565,- per person and half price for children between 4 and 12 years. Children under 4 years eat for free.<\/p>    <p>On Sundays before Christmas, we have our own family Christmas table with 2 table settings.<\/p>    <p><a href=\"https:\/\/www.hummeren.no\/en\/food-and-drink\/menus\/\">See menus here<\/a><\/p>    <p><em>*We recommend booking a table well in advance.<\/em> <em>On Sundays without a buffet, we are always open and serve classic Sunday dishes according to the season.<\/em><\/p>    <div class=\"wp-block-buttons is-layout-flex wp-block-buttons-is-layout-flex\"> <div class=\"wp-block-button\"><a class=\"wp-block-button__link has-fl-body-bg-color has-text-color has-background has-link-color wp-element-button\" href=\"https:\/\/www.hummeren.no\/en\/pre-porcelain\/\" style=\"border-radius:0px;background-color:#c58c61\">Book a table<\/a><\/div> <\/div>","protected":false},"excerpt":{"rendered":"<p>Several times a month we traditionally offer our delicious Sunday buffet, which is served during the spring\/summer season in our glasshouse on the pier and autumn\/winter in our main restaurant. Local ingredients Our Sunday buffet contains the best local ingredients we can get our hands on, with an extra focus on locally sourced ingredients. The buffet offers well-known and good classics in combination...<\/p>","protected":false},"author":3,"featured_media":9772,"parent":32,"menu_order":0,"comment_status":"closed","ping_status":"closed","template":"","meta":{"footnotes":""},"class_list":["post-9905","page","type-page","status-publish","has-post-thumbnail","hentry"],"yoast_head":"<!-- This site is optimized with the Yoast SEO plugin v27.5 - https:\/\/yoast.com\/product\/yoast-seo-wordpress\/ -->\n<title>S\u00f8ndagsbuffet i Stavanger - Hummeren Hotell<\/title>\n<meta name=\"description\" content=\"Vi har tradisjon tro v\u00e5r nydelige s\u00f8ndagsbuffet som serveres v\u00e5r\/sommer i v\u00e5rt glasshus p\u00e5 bryggen og h\u00f8st\/vinter i v\u00e5r hovedrestaurant.\" \/>\n<meta name=\"robots\" content=\"index, follow, max-snippet:-1, max-image-preview:large, max-video-preview:-1\" \/>\n<link rel=\"canonical\" href=\"https:\/\/www.hummeren.no\/en\/food-and-drink\/sunday-buffet-in-stavanger\/\" \/>\n<meta property=\"og:locale\" content=\"en_GB\" \/>\n<meta property=\"og:type\" content=\"article\" \/>\n<meta property=\"og:title\" content=\"S\u00f8ndagsbuffet i Stavanger - Hummeren Hotell\" \/>\n<meta property=\"og:description\" content=\"Vi har tradisjon tro v\u00e5r nydelige s\u00f8ndagsbuffet som serveres v\u00e5r\/sommer i v\u00e5rt glasshus p\u00e5 bryggen og h\u00f8st\/vinter i v\u00e5r hovedrestaurant.\" \/>\n<meta property=\"og:url\" content=\"https:\/\/www.hummeren.no\/en\/food-and-drink\/sunday-buffet-in-stavanger\/\" \/>\n<meta property=\"og:site_name\" content=\"Hummeren Hotell\" \/>\n<meta property=\"article:modified_time\" content=\"2025-11-18T11:26:41+00:00\" \/>\n<meta property=\"og:image\" content=\"https:\/\/www.hummeren.no\/wp-content\/uploads\/2025\/03\/kurs-og-konferanse-i-Stavanger.jpg\" \/>\n\t<meta property=\"og:image:width\" content=\"900\" \/>\n\t<meta property=\"og:image:height\" content=\"535\" \/>\n\t<meta property=\"og:image:type\" content=\"image\/jpeg\" \/>\n<meta name=\"twitter:card\" content=\"summary_large_image\" \/>\n<meta name=\"twitter:label1\" content=\"Estimated reading time\" \/>\n\t<meta name=\"twitter:data1\" content=\"2 minutes\" \/>\n<script type=\"application\/ld+json\" class=\"yoast-schema-graph\">{\"@context\":\"https:\\\/\\\/schema.org\",\"@graph\":[{\"@type\":\"WebPage\",\"@id\":\"https:\\\/\\\/www.hummeren.no\\\/mat-og-drikke\\\/sondagsbuffet-i-stavanger\\\/\",\"url\":\"https:\\\/\\\/www.hummeren.no\\\/mat-og-drikke\\\/sondagsbuffet-i-stavanger\\\/\",\"name\":\"S\u00f8ndagsbuffet i Stavanger - Hummeren Hotell\",\"isPartOf\":{\"@id\":\"https:\\\/\\\/www.hummeren.no\\\/#website\"},\"primaryImageOfPage\":{\"@id\":\"https:\\\/\\\/www.hummeren.no\\\/mat-og-drikke\\\/sondagsbuffet-i-stavanger\\\/#primaryimage\"},\"image\":{\"@id\":\"https:\\\/\\\/www.hummeren.no\\\/mat-og-drikke\\\/sondagsbuffet-i-stavanger\\\/#primaryimage\"},\"thumbnailUrl\":\"https:\\\/\\\/www.hummeren.no\\\/wp-content\\\/uploads\\\/2025\\\/03\\\/kurs-og-konferanse-i-Stavanger.jpg\",\"datePublished\":\"2025-03-21T11:16:24+00:00\",\"dateModified\":\"2025-11-18T11:26:41+00:00\",\"description\":\"Vi har tradisjon tro v\u00e5r nydelige s\u00f8ndagsbuffet som serveres v\u00e5r\\\/sommer i v\u00e5rt glasshus p\u00e5 bryggen og h\u00f8st\\\/vinter i v\u00e5r hovedrestaurant.\",\"breadcrumb\":{\"@id\":\"https:\\\/\\\/www.hummeren.no\\\/mat-og-drikke\\\/sondagsbuffet-i-stavanger\\\/#breadcrumb\"},\"inLanguage\":\"en-GB\",\"potentialAction\":[{\"@type\":\"ReadAction\",\"target\":[\"https:\\\/\\\/www.hummeren.no\\\/mat-og-drikke\\\/sondagsbuffet-i-stavanger\\\/\"]}]},{\"@type\":\"ImageObject\",\"inLanguage\":\"en-GB\",\"@id\":\"https:\\\/\\\/www.hummeren.no\\\/mat-og-drikke\\\/sondagsbuffet-i-stavanger\\\/#primaryimage\",\"url\":\"https:\\\/\\\/www.hummeren.no\\\/wp-content\\\/uploads\\\/2025\\\/03\\\/kurs-og-konferanse-i-Stavanger.jpg\",\"contentUrl\":\"https:\\\/\\\/www.hummeren.no\\\/wp-content\\\/uploads\\\/2025\\\/03\\\/kurs-og-konferanse-i-Stavanger.jpg\",\"width\":900,\"height\":535,\"caption\":\"Kurs og konferanse i Stavanger\"},{\"@type\":\"BreadcrumbList\",\"@id\":\"https:\\\/\\\/www.hummeren.no\\\/mat-og-drikke\\\/sondagsbuffet-i-stavanger\\\/#breadcrumb\",\"itemListElement\":[{\"@type\":\"ListItem\",\"position\":1,\"name\":\"Hjem\",\"item\":\"https:\\\/\\\/www.hummeren.no\\\/\"},{\"@type\":\"ListItem\",\"position\":2,\"name\":\"Mat og drikke\",\"item\":\"https:\\\/\\\/www.hummeren.no\\\/mat-og-drikke\\\/\"},{\"@type\":\"ListItem\",\"position\":3,\"name\":\"S\u00f8ndagsbuffet i Stavanger\"}]},{\"@type\":\"WebSite\",\"@id\":\"https:\\\/\\\/www.hummeren.no\\\/#website\",\"url\":\"https:\\\/\\\/www.hummeren.no\\\/\",\"name\":\"Hummeren Hotell\",\"description\":\"Kurs, konferanse, hotell, restaurant og selskap\",\"publisher\":{\"@id\":\"https:\\\/\\\/www.hummeren.no\\\/#organization\"},\"potentialAction\":[{\"@type\":\"SearchAction\",\"target\":{\"@type\":\"EntryPoint\",\"urlTemplate\":\"https:\\\/\\\/www.hummeren.no\\\/?s={search_term_string}\"},\"query-input\":{\"@type\":\"PropertyValueSpecification\",\"valueRequired\":true,\"valueName\":\"search_term_string\"}}],\"inLanguage\":\"en-GB\"},{\"@type\":\"Organization\",\"@id\":\"https:\\\/\\\/www.hummeren.no\\\/#organization\",\"name\":\"Hummeren Hotell\",\"url\":\"https:\\\/\\\/www.hummeren.no\\\/\",\"logo\":{\"@type\":\"ImageObject\",\"inLanguage\":\"en-GB\",\"@id\":\"https:\\\/\\\/www.hummeren.no\\\/#\\\/schema\\\/logo\\\/image\\\/\",\"url\":\"https:\\\/\\\/www.hummeren.no\\\/wp-content\\\/uploads\\\/2015\\\/09\\\/Hummeren-_Hotell_Logo.jpg\",\"contentUrl\":\"https:\\\/\\\/www.hummeren.no\\\/wp-content\\\/uploads\\\/2015\\\/09\\\/Hummeren-_Hotell_Logo.jpg\",\"width\":293,\"height\":65,\"caption\":\"Hummeren Hotell\"},\"image\":{\"@id\":\"https:\\\/\\\/www.hummeren.no\\\/#\\\/schema\\\/logo\\\/image\\\/\"}}]}<\/script>\n<!-- \/ Yoast SEO plugin. -->","yoast_head_json":{"title":"Sunday buffet in Stavanger - Hummeren Hotell","description":"True to tradition, we have our delicious Sunday buffet, which is served spring\/summer in our glasshouse on the pier and autumn\/winter in our main restaurant.","robots":{"index":"index","follow":"follow","max-snippet":"max-snippet:-1","max-image-preview":"max-image-preview:large","max-video-preview":"max-video-preview:-1"},"canonical":"https:\/\/www.hummeren.no\/en\/food-and-drink\/sunday-buffet-in-stavanger\/","og_locale":"en_GB","og_type":"article","og_title":"S\u00f8ndagsbuffet i Stavanger - Hummeren Hotell","og_description":"Vi har tradisjon tro v\u00e5r nydelige s\u00f8ndagsbuffet som serveres v\u00e5r\/sommer i v\u00e5rt glasshus p\u00e5 bryggen og h\u00f8st\/vinter i v\u00e5r hovedrestaurant.","og_url":"https:\/\/www.hummeren.no\/en\/food-and-drink\/sunday-buffet-in-stavanger\/","og_site_name":"Hummeren Hotell","article_modified_time":"2025-11-18T11:26:41+00:00","og_image":[{"width":900,"height":535,"url":"https:\/\/www.hummeren.no\/wp-content\/uploads\/2025\/03\/kurs-og-konferanse-i-Stavanger.jpg","type":"image\/jpeg"}],"twitter_card":"summary_large_image","twitter_misc":{"Estimated reading time":"2 minutes"},"schema":{"@context":"https:\/\/schema.org","@graph":[{"@type":"WebPage","@id":"https:\/\/www.hummeren.no\/mat-og-drikke\/sondagsbuffet-i-stavanger\/","url":"https:\/\/www.hummeren.no\/mat-og-drikke\/sondagsbuffet-i-stavanger\/","name":"Sunday buffet in Stavanger - Hummeren Hotell","isPartOf":{"@id":"https:\/\/www.hummeren.no\/#website"},"primaryImageOfPage":{"@id":"https:\/\/www.hummeren.no\/mat-og-drikke\/sondagsbuffet-i-stavanger\/#primaryimage"},"image":{"@id":"https:\/\/www.hummeren.no\/mat-og-drikke\/sondagsbuffet-i-stavanger\/#primaryimage"},"thumbnailUrl":"https:\/\/www.hummeren.no\/wp-content\/uploads\/2025\/03\/kurs-og-konferanse-i-Stavanger.jpg","datePublished":"2025-03-21T11:16:24+00:00","dateModified":"2025-11-18T11:26:41+00:00","description":"True to tradition, we have our delicious Sunday buffet, which is served spring\/summer in our glasshouse on the pier and autumn\/winter in our main restaurant.","breadcrumb":{"@id":"https:\/\/www.hummeren.no\/mat-og-drikke\/sondagsbuffet-i-stavanger\/#breadcrumb"},"inLanguage":"en-GB","potentialAction":[{"@type":"ReadAction","target":["https:\/\/www.hummeren.no\/mat-og-drikke\/sondagsbuffet-i-stavanger\/"]}]},{"@type":"ImageObject","inLanguage":"en-GB","@id":"https:\/\/www.hummeren.no\/mat-og-drikke\/sondagsbuffet-i-stavanger\/#primaryimage","url":"https:\/\/www.hummeren.no\/wp-content\/uploads\/2025\/03\/kurs-og-konferanse-i-Stavanger.jpg","contentUrl":"https:\/\/www.hummeren.no\/wp-content\/uploads\/2025\/03\/kurs-og-konferanse-i-Stavanger.jpg","width":900,"height":535,"caption":"Kurs og konferanse i Stavanger"},{"@type":"BreadcrumbList","@id":"https:\/\/www.hummeren.no\/mat-og-drikke\/sondagsbuffet-i-stavanger\/#breadcrumb","itemListElement":[{"@type":"ListItem","position":1,"name":"Hjem","item":"https:\/\/www.hummeren.no\/"},{"@type":"ListItem","position":2,"name":"Mat og drikke","item":"https:\/\/www.hummeren.no\/mat-og-drikke\/"},{"@type":"ListItem","position":3,"name":"S\u00f8ndagsbuffet i Stavanger"}]},{"@type":"WebSite","@id":"https:\/\/www.hummeren.no\/#website","url":"https:\/\/www.hummeren.no\/","name":"Hummeren Hotel","description":"Courses, conferences, hotels, restaurants and companies","publisher":{"@id":"https:\/\/www.hummeren.no\/#organization"},"potentialAction":[{"@type":"SearchAction","target":{"@type":"EntryPoint","urlTemplate":"https:\/\/www.hummeren.no\/?s={search_term_string}"},"query-input":{"@type":"PropertyValueSpecification","valueRequired":true,"valueName":"search_term_string"}}],"inLanguage":"en-GB"},{"@type":"Organization","@id":"https:\/\/www.hummeren.no\/#organization","name":"Hummeren Hotel","url":"https:\/\/www.hummeren.no\/","logo":{"@type":"ImageObject","inLanguage":"en-GB","@id":"https:\/\/www.hummeren.no\/#\/schema\/logo\/image\/","url":"https:\/\/www.hummeren.no\/wp-content\/uploads\/2015\/09\/Hummeren-_Hotell_Logo.jpg","contentUrl":"https:\/\/www.hummeren.no\/wp-content\/uploads\/2015\/09\/Hummeren-_Hotell_Logo.jpg","width":293,"height":65,"caption":"Hummeren Hotell"},"image":{"@id":"https:\/\/www.hummeren.no\/#\/schema\/logo\/image\/"}}]}},"_links":{"self":[{"href":"https:\/\/www.hummeren.no\/en\/wp-json\/wp\/v2\/pages\/9905","targetHints":{"allow":["GET"]}}],"collection":[{"href":"https:\/\/www.hummeren.no\/en\/wp-json\/wp\/v2\/pages"}],"about":[{"href":"https:\/\/www.hummeren.no\/en\/wp-json\/wp\/v2\/types\/page"}],"author":[{"embeddable":true,"href":"https:\/\/www.hummeren.no\/en\/wp-json\/wp\/v2\/users\/3"}],"replies":[{"embeddable":true,"href":"https:\/\/www.hummeren.no\/en\/wp-json\/wp\/v2\/comments?post=9905"}],"version-history":[{"count":12,"href":"https:\/\/www.hummeren.no\/en\/wp-json\/wp\/v2\/pages\/9905\/revisions"}],"predecessor-version":[{"id":10239,"href":"https:\/\/www.hummeren.no\/en\/wp-json\/wp\/v2\/pages\/9905\/revisions\/10239"}],"up":[{"embeddable":true,"href":"https:\/\/www.hummeren.no\/en\/wp-json\/wp\/v2\/pages\/32"}],"wp:featuredmedia":[{"embeddable":true,"href":"https:\/\/www.hummeren.no\/en\/wp-json\/wp\/v2\/media\/9772"}],"wp:attachment":[{"href":"https:\/\/www.hummeren.no\/en\/wp-json\/wp\/v2\/media?parent=9905"}],"curies":[{"name":"wp","href":"https:\/\/api.w.org\/{rel}","templated":true}]}}